
{"id":60583,"date":"2025-10-17T15:04:39","date_gmt":"2025-10-17T13:04:39","guid":{"rendered":"https:\/\/tripdouble.com\/?post_type=product&#038;p=60583"},"modified":"2026-02-18T18:58:17","modified_gmt":"2026-02-18T16:58:17","slug":"viaja-a-nueva-york-con-drafteados","status":"publish","type":"product","link":"https:\/\/tripdouble.com\/es\/produit\/viaja-a-nueva-york-con-drafteados\/","title":{"rendered":"VIAJA A NUEVA YORK CON DRAFTEADOS"},"content":{"rendered":"<p>Vive la NBA en Nueva York (13\u219219 marzo 2026): <b>Knicks\u2013Warriors<\/b> en el Madison Square Garden y <b>Nets\u2013Thunder<\/b> en el Barclays Center. Fan experience (pendiente de confirmaci\u00f3n), jornada basket y hotel 4\u2605 en Midtown. Vuelos ida y vuelta con Delta (MAD\u2194JFK). Packs flexibles y opciones de agrupaci\u00f3n previa.<\/p>\n","protected":false},"excerpt":{"rendered":"<p>\ud83d\udea8 El viaje est\u00e1 actualmente completo y estamos intentando a\u00f1adir plazas. Puedes inscribirte en la lista de espera envi\u00e1ndonos un email a\u00a0<a class=\"decorated-link cursor-pointer\" rel=\"noopener\" data-start=\"138\" data-end=\"157\">info@tripdouble.com<\/a>\ud83d\udea8<\/p>\n<p style=\"color: #54595f; font-size: 17px; font-family: Lato, sans-serif !important; background-color: #ffffff;\">\u2139\ufe0f Si deseas una posible agrupaci\u00f3n para un precio a\u00fan m\u00e1s bajo, cont\u00e1ctanos en info@tripdouble.com o al +34 676 04 32 56.<\/p>\n<p style=\"color: #54595f; font-size: 17px; font-family: Lato, sans-serif !important; background-color: #ffffff;\">\u203c\ufe0f Si ya has validado una agrupaci\u00f3n con amigos\/familia u organizada v\u00eda Drafteados o Trip Double, selecciona una de las opciones 1 persona en habitaci\u00f3n doble\/triple\/cu\u00e1druple. Tendr\u00e1s que indicar la identidad de las personas con quienes compartes la habitaci\u00f3n. No uses esta opci\u00f3n si no se ha validado una agrupaci\u00f3n.<\/p>\n<div style=\"text-align: center; margin: 30px 0;\"><a style=\"display: inline-flex; align-items: center; justify-content: center; gap: 6px; background-color: #006fd8; color: #fff; padding: 14px 28px; border-radius: 16px; font-weight: bold; font-size: 16px; text-decoration: none; line-height: 1; transition: background-color 0.3s ease, transform 0.2s ease;\" href=\"https:\/\/tripdouble.com\/es\/itinerary\/viaja-a-nueva-york-con-drafteados-y-jose-manuel-calderon\" target=\"_blank\" rel=\"noopener noreferrer\">\ud83c\udfc0 Todos los detalles del viaje<\/a><\/div>\n","protected":false},"featured_media":55873,"template":"","meta":{"_acf_changed":false},"product_brand":[],"product_cat":[351],"product_tag":[],"class_list":{"0":"post-60583","1":"product","2":"type-product","3":"status-publish","4":"has-post-thumbnail","6":"product_cat-newyork","8":"first","9":"outofstock","10":"sold-individually","11":"shipping-taxable","12":"purchasable","13":"product-type-variable"},"acf":[],"yoast_head":"<!-- This site is optimized with the Yoast SEO plugin v27.1.1 - https:\/\/yoast.com\/product\/yoast-seo-wordpress\/ -->\n<title>VIAJA A NUEVA YORK CON DRAFTEADOS | 2 partidos (Knicks &amp; Nets) + vuelos | Trip Double<\/title>\n<meta name=\"description\" content=\"Nueva York 13\u201319 marzo 2026: 6 noches en Midtown, 2 partidos (Knicks\u2013Warriors y Nets\u2013Thunder), fan experience, vuelos MAD\u2194JFK con Delta. Packs 1\u20138 y opciones de agrupaci\u00f3n.\" \/>\n<meta name=\"robots\" content=\"index, follow, max-snippet:-1, max-image-preview:large, max-video-preview:-1\" \/>\n<link rel=\"canonical\" href=\"https:\/\/tripdouble.com\/es\/produit\/viaja-a-nueva-york-con-drafteados\/\" \/>\n<meta property=\"og:locale\" content=\"es_ES\" \/>\n<meta property=\"og:type\" content=\"article\" \/>\n<meta property=\"og:title\" content=\"VIAJA A NUEVA YORK CON DRAFTEADOS | 2 partidos (Knicks &amp; Nets) + vuelos | Trip Double\" \/>\n<meta property=\"og:description\" content=\"Nueva York 13\u201319 marzo 2026: 6 noches en Midtown, 2 partidos (Knicks\u2013Warriors y Nets\u2013Thunder), fan experience, vuelos MAD\u2194JFK con Delta. Packs 1\u20138 y opciones de agrupaci\u00f3n.\" \/>\n<meta property=\"og:url\" content=\"https:\/\/tripdouble.com\/es\/produit\/viaja-a-nueva-york-con-drafteados\/\" \/>\n<meta property=\"og:site_name\" content=\"Trip Double\" \/>\n<meta property=\"article:publisher\" content=\"https:\/\/www.facebook.com\/TripDouble-108395037170318\" \/>\n<meta property=\"article:modified_time\" content=\"2026-02-18T16:58:17+00:00\" \/>\n<meta property=\"og:image\" content=\"https:\/\/tripdouble.com\/wp-content\/uploads\/2019\/10\/Drafteados-6.jpeg\" \/>\n\t<meta property=\"og:image:width\" content=\"1179\" \/>\n\t<meta property=\"og:image:height\" content=\"1465\" \/>\n\t<meta property=\"og:image:type\" content=\"image\/jpeg\" \/>\n<meta name=\"twitter:card\" content=\"summary_large_image\" \/>\n<meta name=\"twitter:site\" content=\"@tripdoubleusa\" \/>\n<meta name=\"twitter:label1\" content=\"Tiempo de lectura\" \/>\n\t<meta name=\"twitter:data1\" content=\"1 minuto\" \/>\n<script type=\"application\/ld+json\" class=\"yoast-schema-graph\">{\"@context\":\"https:\/\/schema.org\",\"@graph\":[{\"@type\":\"WebPage\",\"@id\":\"https:\/\/tripdouble.com\/es\/produit\/viaja-a-nueva-york-con-drafteados\/\",\"url\":\"https:\/\/tripdouble.com\/es\/produit\/viaja-a-nueva-york-con-drafteados\/\",\"name\":\"VIAJA A NUEVA YORK CON DRAFTEADOS | 2 partidos (Knicks & Nets) + vuelos | Trip Double\",\"isPartOf\":{\"@id\":\"https:\/\/tripdouble.com\/es\/#website\"},\"primaryImageOfPage\":{\"@id\":\"https:\/\/tripdouble.com\/es\/produit\/viaja-a-nueva-york-con-drafteados\/#primaryimage\"},\"image\":{\"@id\":\"https:\/\/tripdouble.com\/es\/produit\/viaja-a-nueva-york-con-drafteados\/#primaryimage\"},\"thumbnailUrl\":\"https:\/\/ewnqp79wvj7.exactdn.com\/wp-content\/uploads\/2019\/10\/Drafteados-6.jpeg?strip=all\",\"datePublished\":\"2025-10-17T13:04:39+00:00\",\"dateModified\":\"2026-02-18T16:58:17+00:00\",\"description\":\"Nueva York 13\u201319 marzo 2026: 6 noches en Midtown, 2 partidos (Knicks\u2013Warriors y Nets\u2013Thunder), fan experience, vuelos MAD\u2194JFK con Delta. Packs 1\u20138 y opciones de agrupaci\u00f3n.\",\"breadcrumb\":{\"@id\":\"https:\/\/tripdouble.com\/es\/produit\/viaja-a-nueva-york-con-drafteados\/#breadcrumb\"},\"inLanguage\":\"es\",\"potentialAction\":[{\"@type\":\"ReadAction\",\"target\":[\"https:\/\/tripdouble.com\/es\/produit\/viaja-a-nueva-york-con-drafteados\/\"]}]},{\"@type\":\"ImageObject\",\"inLanguage\":\"es\",\"@id\":\"https:\/\/tripdouble.com\/es\/produit\/viaja-a-nueva-york-con-drafteados\/#primaryimage\",\"url\":\"https:\/\/ewnqp79wvj7.exactdn.com\/wp-content\/uploads\/2019\/10\/Drafteados-6.jpeg?strip=all\",\"contentUrl\":\"https:\/\/ewnqp79wvj7.exactdn.com\/wp-content\/uploads\/2019\/10\/Drafteados-6.jpeg?strip=all\",\"width\":1179,\"height\":1465,\"caption\":\"Screenshot\"},{\"@type\":\"BreadcrumbList\",\"@id\":\"https:\/\/tripdouble.com\/es\/produit\/viaja-a-nueva-york-con-drafteados\/#breadcrumb\",\"itemListElement\":[{\"@type\":\"ListItem\",\"position\":1,\"name\":\"Inicio\",\"item\":\"https:\/\/tripdouble.com\/es\/\"},{\"@type\":\"ListItem\",\"position\":2,\"name\":\"VIAJA A NUEVA YORK CON DRAFTEADOS\"}]},{\"@type\":\"WebSite\",\"@id\":\"https:\/\/tripdouble.com\/es\/#website\",\"url\":\"https:\/\/tripdouble.com\/es\/\",\"name\":\"Trip Double\",\"description\":\"voyages NBA made by Basket-Infos\",\"publisher\":{\"@id\":\"https:\/\/tripdouble.com\/es\/#organization\"},\"potentialAction\":[{\"@type\":\"SearchAction\",\"target\":{\"@type\":\"EntryPoint\",\"urlTemplate\":\"https:\/\/tripdouble.com\/es\/?s={search_term_string}\"},\"query-input\":{\"@type\":\"PropertyValueSpecification\",\"valueRequired\":true,\"valueName\":\"search_term_string\"}}],\"inLanguage\":\"es\"},{\"@type\":\"Organization\",\"@id\":\"https:\/\/tripdouble.com\/es\/#organization\",\"name\":\"Trip Double\",\"url\":\"https:\/\/tripdouble.com\/es\/\",\"logo\":{\"@type\":\"ImageObject\",\"inLanguage\":\"es\",\"@id\":\"https:\/\/tripdouble.com\/es\/#\/schema\/logo\/image\/\",\"url\":\"https:\/\/ewnqp79wvj7.exactdn.com\/wp-content\/uploads\/2019\/08\/LOGO-250p-TRIP-DOUBLE-HORIZONTAL-5-1.png?strip=all&lossy=1&ssl=1\",\"contentUrl\":\"https:\/\/ewnqp79wvj7.exactdn.com\/wp-content\/uploads\/2019\/08\/LOGO-250p-TRIP-DOUBLE-HORIZONTAL-5-1.png?strip=all&lossy=1&ssl=1\",\"width\":250,\"height\":241,\"caption\":\"Trip Double\"},\"image\":{\"@id\":\"https:\/\/tripdouble.com\/es\/#\/schema\/logo\/image\/\"},\"sameAs\":[\"https:\/\/www.facebook.com\/TripDouble-108395037170318\",\"https:\/\/x.com\/tripdoubleusa\",\"https:\/\/www.instagram.com\/trip_double\/\",\"https:\/\/www.tiktok.com\/@tripdouble?lang=fr\",\"https:\/\/www.youtube.com\/@trip_double\"]}]}<\/script>\n<!-- \/ Yoast SEO plugin. -->","yoast_head_json":{"title":"VIAJA A NUEVA YORK CON DRAFTEADOS | 2 partidos (Knicks & Nets) + vuelos | Trip Double","description":"Nueva York 13\u201319 marzo 2026: 6 noches en Midtown, 2 partidos (Knicks\u2013Warriors y Nets\u2013Thunder), fan experience, vuelos MAD\u2194JFK con Delta. Packs 1\u20138 y opciones de agrupaci\u00f3n.","robots":{"index":"index","follow":"follow","max-snippet":"max-snippet:-1","max-image-preview":"max-image-preview:large","max-video-preview":"max-video-preview:-1"},"canonical":"https:\/\/tripdouble.com\/es\/produit\/viaja-a-nueva-york-con-drafteados\/","og_locale":"es_ES","og_type":"article","og_title":"VIAJA A NUEVA YORK CON DRAFTEADOS | 2 partidos (Knicks & Nets) + vuelos | Trip Double","og_description":"Nueva York 13\u201319 marzo 2026: 6 noches en Midtown, 2 partidos (Knicks\u2013Warriors y Nets\u2013Thunder), fan experience, vuelos MAD\u2194JFK con Delta. Packs 1\u20138 y opciones de agrupaci\u00f3n.","og_url":"https:\/\/tripdouble.com\/es\/produit\/viaja-a-nueva-york-con-drafteados\/","og_site_name":"Trip Double","article_publisher":"https:\/\/www.facebook.com\/TripDouble-108395037170318","article_modified_time":"2026-02-18T16:58:17+00:00","og_image":[{"width":1179,"height":1465,"url":"https:\/\/tripdouble.com\/wp-content\/uploads\/2019\/10\/Drafteados-6.jpeg","type":"image\/jpeg"}],"twitter_card":"summary_large_image","twitter_site":"@tripdoubleusa","twitter_misc":{"Tiempo de lectura":"1 minuto"},"schema":{"@context":"https:\/\/schema.org","@graph":[{"@type":"WebPage","@id":"https:\/\/tripdouble.com\/es\/produit\/viaja-a-nueva-york-con-drafteados\/","url":"https:\/\/tripdouble.com\/es\/produit\/viaja-a-nueva-york-con-drafteados\/","name":"VIAJA A NUEVA YORK CON DRAFTEADOS | 2 partidos (Knicks & Nets) + vuelos | Trip Double","isPartOf":{"@id":"https:\/\/tripdouble.com\/es\/#website"},"primaryImageOfPage":{"@id":"https:\/\/tripdouble.com\/es\/produit\/viaja-a-nueva-york-con-drafteados\/#primaryimage"},"image":{"@id":"https:\/\/tripdouble.com\/es\/produit\/viaja-a-nueva-york-con-drafteados\/#primaryimage"},"thumbnailUrl":"https:\/\/ewnqp79wvj7.exactdn.com\/wp-content\/uploads\/2019\/10\/Drafteados-6.jpeg?strip=all","datePublished":"2025-10-17T13:04:39+00:00","dateModified":"2026-02-18T16:58:17+00:00","description":"Nueva York 13\u201319 marzo 2026: 6 noches en Midtown, 2 partidos (Knicks\u2013Warriors y Nets\u2013Thunder), fan experience, vuelos MAD\u2194JFK con Delta. Packs 1\u20138 y opciones de agrupaci\u00f3n.","breadcrumb":{"@id":"https:\/\/tripdouble.com\/es\/produit\/viaja-a-nueva-york-con-drafteados\/#breadcrumb"},"inLanguage":"es","potentialAction":[{"@type":"ReadAction","target":["https:\/\/tripdouble.com\/es\/produit\/viaja-a-nueva-york-con-drafteados\/"]}]},{"@type":"ImageObject","inLanguage":"es","@id":"https:\/\/tripdouble.com\/es\/produit\/viaja-a-nueva-york-con-drafteados\/#primaryimage","url":"https:\/\/ewnqp79wvj7.exactdn.com\/wp-content\/uploads\/2019\/10\/Drafteados-6.jpeg?strip=all","contentUrl":"https:\/\/ewnqp79wvj7.exactdn.com\/wp-content\/uploads\/2019\/10\/Drafteados-6.jpeg?strip=all","width":1179,"height":1465,"caption":"Screenshot"},{"@type":"BreadcrumbList","@id":"https:\/\/tripdouble.com\/es\/produit\/viaja-a-nueva-york-con-drafteados\/#breadcrumb","itemListElement":[{"@type":"ListItem","position":1,"name":"Inicio","item":"https:\/\/tripdouble.com\/es\/"},{"@type":"ListItem","position":2,"name":"VIAJA A NUEVA YORK CON DRAFTEADOS"}]},{"@type":"WebSite","@id":"https:\/\/tripdouble.com\/es\/#website","url":"https:\/\/tripdouble.com\/es\/","name":"Trip Double","description":"voyages NBA made by Basket-Infos","publisher":{"@id":"https:\/\/tripdouble.com\/es\/#organization"},"potentialAction":[{"@type":"SearchAction","target":{"@type":"EntryPoint","urlTemplate":"https:\/\/tripdouble.com\/es\/?s={search_term_string}"},"query-input":{"@type":"PropertyValueSpecification","valueRequired":true,"valueName":"search_term_string"}}],"inLanguage":"es"},{"@type":"Organization","@id":"https:\/\/tripdouble.com\/es\/#organization","name":"Trip Double","url":"https:\/\/tripdouble.com\/es\/","logo":{"@type":"ImageObject","inLanguage":"es","@id":"https:\/\/tripdouble.com\/es\/#\/schema\/logo\/image\/","url":"https:\/\/ewnqp79wvj7.exactdn.com\/wp-content\/uploads\/2019\/08\/LOGO-250p-TRIP-DOUBLE-HORIZONTAL-5-1.png?strip=all&lossy=1&ssl=1","contentUrl":"https:\/\/ewnqp79wvj7.exactdn.com\/wp-content\/uploads\/2019\/08\/LOGO-250p-TRIP-DOUBLE-HORIZONTAL-5-1.png?strip=all&lossy=1&ssl=1","width":250,"height":241,"caption":"Trip Double"},"image":{"@id":"https:\/\/tripdouble.com\/es\/#\/schema\/logo\/image\/"},"sameAs":["https:\/\/www.facebook.com\/TripDouble-108395037170318","https:\/\/x.com\/tripdoubleusa","https:\/\/www.instagram.com\/trip_double\/","https:\/\/www.tiktok.com\/@tripdouble?lang=fr","https:\/\/www.youtube.com\/@trip_double"]}]}},"_links":{"self":[{"href":"https:\/\/tripdouble.com\/es\/wp-json\/wp\/v2\/product\/60583","targetHints":{"allow":["GET"]}}],"collection":[{"href":"https:\/\/tripdouble.com\/es\/wp-json\/wp\/v2\/product"}],"about":[{"href":"https:\/\/tripdouble.com\/es\/wp-json\/wp\/v2\/types\/product"}],"wp:featuredmedia":[{"embeddable":true,"href":"https:\/\/tripdouble.com\/es\/wp-json\/wp\/v2\/media\/55873"}],"wp:attachment":[{"href":"https:\/\/tripdouble.com\/es\/wp-json\/wp\/v2\/media?parent=60583"}],"wp:term":[{"taxonomy":"product_brand","embeddable":true,"href":"https:\/\/tripdouble.com\/es\/wp-json\/wp\/v2\/product_brand?post=60583"},{"taxonomy":"product_cat","embeddable":true,"href":"https:\/\/tripdouble.com\/es\/wp-json\/wp\/v2\/product_cat?post=60583"},{"taxonomy":"product_tag","embeddable":true,"href":"https:\/\/tripdouble.com\/es\/wp-json\/wp\/v2\/product_tag?post=60583"}],"curies":[{"name":"wp","href":"https:\/\/api.w.org\/{rel}","templated":true}]}}