
{"id":58846,"date":"2025-09-28T14:17:42","date_gmt":"2025-09-28T12:17:42","guid":{"rendered":"https:\/\/tripdouble.com\/?post_type=product&#038;p=58846"},"modified":"2025-10-03T16:42:09","modified_gmt":"2025-10-03T14:42:09","slug":"dub-nation-noel-ny","status":"publish","type":"product","link":"https:\/\/tripdouble.com\/es\/produit\/dub-nation-noel-ny\/","title":{"rendered":"Dub Nation : Voyage NBA New York \u2013 No\u00ebl 2025 (2 matchs + vols + h\u00f4tel 4\u2605) (Copie)"},"content":{"rendered":"<p><strong>Voyage NBA New York<\/strong> sp\u00e9cial <strong>No\u00ebl 2025<\/strong> : 6 nuits en h\u00f4tel 4\u2605 au c\u0153ur de Manhattan, vols A\/R inclus et <strong>2 matchs NBA<\/strong> pendant les f\u00eates. Au programme : <strong>Knicks\u2013Cavaliers<\/strong> (Christmas Day, 25\/12) au Madison Square Garden et <strong>Nets\u2013Warriors<\/strong> (29\/12) au Barclays Center.<\/p>\n<p>Vous choisissez votre configuration : formules <strong>Groupe (1\u21928 pers.)<\/strong> ou <strong>Individuel<\/strong> <em>(regroupement au pr\u00e9alable requis)<\/em>. Upgrades billetterie possibles (+85\u20ac \/ +150\u20ac). Lors de notre dernier s\u00e9jour, on a pu tester l\u2019ambiance des <em>Christmas Games<\/em> au MSG : exp\u00e9rience unique sur place.<\/p>\n","protected":false},"excerpt":{"rendered":"<p style=\"color: #54595f; font-size: 17px; font-family: Lato, sans-serif !important; background-color: #ffffff;\">\u2139\ufe0f Si vous souhaitez un \u00e9ventuel regroupement pour un prix encore plus bas, contactez nous sur contact@tripdouble.com ou au 06 33 06 80 43<\/p>\n<p style=\"color: #54595f; font-size: 17px; font-family: Lato, sans-serif !important; background-color: #ffffff;\">\u203c\ufe0f Si vous avez d\u00e9j\u00e0 valid\u00e9 un regroupement avec amis\/famille ou organis\u00e9 via Trip Double, s\u00e9lectionnez une des options 1 personne en chambre double\/triple\/quadruple (il faudra renseigner l&#8217;identit\u00e9 des personnes avec qui vous partagez la chambre). N&#8217;utilisez pas cette option si un regroupement n&#8217;a pas \u00e9t\u00e9 valid\u00e9.<\/p>\n<div style=\"text-align: center; margin: 30px 0;\"><a style=\"display: inline-flex; align-items: center; justify-content: center; gap: 6px; background-color: #006fd8; color: #fff; padding: 14px 28px; border-radius: 16px; font-weight: bold; font-size: 16px; text-decoration: none; line-height: 1; transition: background-color 0.3s ease, transform 0.2s ease;\" href=\"https:\/\/tripdouble.com\/itinerary\/new-york-noel-2025-christmas-game-warriors\/\" target=\"_blank\" rel=\"noopener noreferrer\"><br \/>\n\ud83c\udf84 Tous les d\u00e9tails du voyage<br \/>\n<\/a><\/div>\n","protected":false},"featured_media":54018,"template":"","meta":{"_acf_changed":false},"product_brand":[],"product_cat":[327],"product_tag":[],"class_list":{"0":"post-58846","1":"product","2":"type-product","3":"status-publish","4":"has-post-thumbnail","6":"product_cat-newyork","8":"first","9":"instock","10":"sold-individually","11":"shipping-taxable","12":"purchasable","13":"product-type-variable"},"acf":[],"yoast_head":"<!-- This site is optimized with the Yoast SEO plugin v27.1.1 - https:\/\/yoast.com\/product\/yoast-seo-wordpress\/ -->\n<title>Voyage NBA New York No\u00ebl 2025 \u2013 2 matchs | Trip Double<\/title>\n<meta name=\"description\" content=\"Voyage NBA New York pour No\u00ebl 2025 : vols A\/R, h\u00f4tel 4\u2605 \u00e0 Manhattan et 2 matchs (Knicks\u2013Cavs, Nets\u2013Warriors). Places limit\u00e9es.\" \/>\n<meta name=\"robots\" content=\"index, follow, max-snippet:-1, max-image-preview:large, max-video-preview:-1\" \/>\n<link rel=\"canonical\" href=\"https:\/\/tripdouble.com\/es\/produit\/dub-nation-noel-ny\/\" \/>\n<meta property=\"og:locale\" content=\"es_ES\" \/>\n<meta property=\"og:type\" content=\"article\" \/>\n<meta property=\"og:title\" content=\"Voyage NBA New York No\u00ebl 2025 \u2013 2 matchs | Trip Double\" \/>\n<meta property=\"og:description\" content=\"Voyage NBA New York pour No\u00ebl 2025 : vols A\/R, h\u00f4tel 4\u2605 \u00e0 Manhattan et 2 matchs (Knicks\u2013Cavs, Nets\u2013Warriors). Places limit\u00e9es.\" \/>\n<meta property=\"og:url\" content=\"https:\/\/tripdouble.com\/es\/produit\/dub-nation-noel-ny\/\" \/>\n<meta property=\"og:site_name\" content=\"Trip Double\" \/>\n<meta property=\"article:publisher\" content=\"https:\/\/www.facebook.com\/TripDouble-108395037170318\" \/>\n<meta property=\"article:modified_time\" content=\"2025-10-03T14:42:09+00:00\" \/>\n<meta property=\"og:image\" content=\"https:\/\/tripdouble.com\/wp-content\/uploads\/2025\/09\/stephen-curry-noel-new-york-warriors-voyage-nba.jpg\" \/>\n\t<meta property=\"og:image:width\" content=\"1920\" \/>\n\t<meta property=\"og:image:height\" content=\"1920\" \/>\n\t<meta property=\"og:image:type\" content=\"image\/jpeg\" \/>\n<meta name=\"twitter:card\" content=\"summary_large_image\" \/>\n<meta name=\"twitter:site\" content=\"@tripdoubleusa\" \/>\n<meta name=\"twitter:label1\" content=\"Tiempo de lectura\" \/>\n\t<meta name=\"twitter:data1\" content=\"1 minuto\" \/>\n<script type=\"application\/ld+json\" class=\"yoast-schema-graph\">{\"@context\":\"https:\/\/schema.org\",\"@graph\":[{\"@type\":\"WebPage\",\"@id\":\"https:\/\/tripdouble.com\/es\/produit\/dub-nation-noel-ny\/\",\"url\":\"https:\/\/tripdouble.com\/es\/produit\/dub-nation-noel-ny\/\",\"name\":\"Voyage NBA New York No\u00ebl 2025 \u2013 2 matchs | Trip Double\",\"isPartOf\":{\"@id\":\"https:\/\/tripdouble.com\/es\/#website\"},\"primaryImageOfPage\":{\"@id\":\"https:\/\/tripdouble.com\/es\/produit\/dub-nation-noel-ny\/#primaryimage\"},\"image\":{\"@id\":\"https:\/\/tripdouble.com\/es\/produit\/dub-nation-noel-ny\/#primaryimage\"},\"thumbnailUrl\":\"https:\/\/ewnqp79wvj7.exactdn.com\/wp-content\/uploads\/2025\/09\/stephen-curry-noel-new-york-warriors-voyage-nba.jpg?strip=all\",\"datePublished\":\"2025-09-28T12:17:42+00:00\",\"dateModified\":\"2025-10-03T14:42:09+00:00\",\"description\":\"Voyage NBA New York pour No\u00ebl 2025 : vols A\/R, h\u00f4tel 4\u2605 \u00e0 Manhattan et 2 matchs (Knicks\u2013Cavs, Nets\u2013Warriors). Places limit\u00e9es.\",\"breadcrumb\":{\"@id\":\"https:\/\/tripdouble.com\/es\/produit\/dub-nation-noel-ny\/#breadcrumb\"},\"inLanguage\":\"es\",\"potentialAction\":[{\"@type\":\"ReadAction\",\"target\":[\"https:\/\/tripdouble.com\/es\/produit\/dub-nation-noel-ny\/\"]}]},{\"@type\":\"ImageObject\",\"inLanguage\":\"es\",\"@id\":\"https:\/\/tripdouble.com\/es\/produit\/dub-nation-noel-ny\/#primaryimage\",\"url\":\"https:\/\/ewnqp79wvj7.exactdn.com\/wp-content\/uploads\/2025\/09\/stephen-curry-noel-new-york-warriors-voyage-nba.jpg?strip=all\",\"contentUrl\":\"https:\/\/ewnqp79wvj7.exactdn.com\/wp-content\/uploads\/2025\/09\/stephen-curry-noel-new-york-warriors-voyage-nba.jpg?strip=all\",\"width\":1920,\"height\":1920,\"caption\":\"https:\/\/s.mj.run\/Hs2TRIhX9kc Enhance this illustration of Stephen Curry in New York at Christmas, with a Golden State Warriors jersey. The Empire State Bulding in the back in Blue and red. Keep the same composition and style. Add more snow on the ground. Make him smile warmly. Adjust the colors to be more vibrant and festive, with richer reds, greens, and golden lights. Keep everything else unchanged. --ar 1:1 --raw --v 6 Job ID: 4f12a817-0105-4daa-a97b-98aab6adbc5a\"},{\"@type\":\"BreadcrumbList\",\"@id\":\"https:\/\/tripdouble.com\/es\/produit\/dub-nation-noel-ny\/#breadcrumb\",\"itemListElement\":[{\"@type\":\"ListItem\",\"position\":1,\"name\":\"Inicio\",\"item\":\"https:\/\/tripdouble.com\/es\/\"},{\"@type\":\"ListItem\",\"position\":2,\"name\":\"Dub Nation : Voyage NBA New York \u2013 No\u00ebl 2025 (2 matchs + vols + h\u00f4tel 4\u2605) (Copie)\"}]},{\"@type\":\"WebSite\",\"@id\":\"https:\/\/tripdouble.com\/es\/#website\",\"url\":\"https:\/\/tripdouble.com\/es\/\",\"name\":\"Trip Double\",\"description\":\"voyages NBA made by Basket-Infos\",\"publisher\":{\"@id\":\"https:\/\/tripdouble.com\/es\/#organization\"},\"potentialAction\":[{\"@type\":\"SearchAction\",\"target\":{\"@type\":\"EntryPoint\",\"urlTemplate\":\"https:\/\/tripdouble.com\/es\/?s={search_term_string}\"},\"query-input\":{\"@type\":\"PropertyValueSpecification\",\"valueRequired\":true,\"valueName\":\"search_term_string\"}}],\"inLanguage\":\"es\"},{\"@type\":\"Organization\",\"@id\":\"https:\/\/tripdouble.com\/es\/#organization\",\"name\":\"Trip Double\",\"url\":\"https:\/\/tripdouble.com\/es\/\",\"logo\":{\"@type\":\"ImageObject\",\"inLanguage\":\"es\",\"@id\":\"https:\/\/tripdouble.com\/es\/#\/schema\/logo\/image\/\",\"url\":\"https:\/\/ewnqp79wvj7.exactdn.com\/wp-content\/uploads\/2019\/08\/LOGO-250p-TRIP-DOUBLE-HORIZONTAL-5-1.png?strip=all&lossy=1&ssl=1\",\"contentUrl\":\"https:\/\/ewnqp79wvj7.exactdn.com\/wp-content\/uploads\/2019\/08\/LOGO-250p-TRIP-DOUBLE-HORIZONTAL-5-1.png?strip=all&lossy=1&ssl=1\",\"width\":250,\"height\":241,\"caption\":\"Trip Double\"},\"image\":{\"@id\":\"https:\/\/tripdouble.com\/es\/#\/schema\/logo\/image\/\"},\"sameAs\":[\"https:\/\/www.facebook.com\/TripDouble-108395037170318\",\"https:\/\/x.com\/tripdoubleusa\",\"https:\/\/www.instagram.com\/trip_double\/\",\"https:\/\/www.tiktok.com\/@tripdouble?lang=fr\",\"https:\/\/www.youtube.com\/@trip_double\"]}]}<\/script>\n<!-- \/ Yoast SEO plugin. -->","yoast_head_json":{"title":"Voyage NBA New York No\u00ebl 2025 \u2013 2 matchs | Trip Double","description":"Voyage NBA New York pour No\u00ebl 2025 : vols A\/R, h\u00f4tel 4\u2605 \u00e0 Manhattan et 2 matchs (Knicks\u2013Cavs, Nets\u2013Warriors). Places limit\u00e9es.","robots":{"index":"index","follow":"follow","max-snippet":"max-snippet:-1","max-image-preview":"max-image-preview:large","max-video-preview":"max-video-preview:-1"},"canonical":"https:\/\/tripdouble.com\/es\/produit\/dub-nation-noel-ny\/","og_locale":"es_ES","og_type":"article","og_title":"Voyage NBA New York No\u00ebl 2025 \u2013 2 matchs | Trip Double","og_description":"Voyage NBA New York pour No\u00ebl 2025 : vols A\/R, h\u00f4tel 4\u2605 \u00e0 Manhattan et 2 matchs (Knicks\u2013Cavs, Nets\u2013Warriors). Places limit\u00e9es.","og_url":"https:\/\/tripdouble.com\/es\/produit\/dub-nation-noel-ny\/","og_site_name":"Trip Double","article_publisher":"https:\/\/www.facebook.com\/TripDouble-108395037170318","article_modified_time":"2025-10-03T14:42:09+00:00","og_image":[{"width":1920,"height":1920,"url":"https:\/\/tripdouble.com\/wp-content\/uploads\/2025\/09\/stephen-curry-noel-new-york-warriors-voyage-nba.jpg","type":"image\/jpeg"}],"twitter_card":"summary_large_image","twitter_site":"@tripdoubleusa","twitter_misc":{"Tiempo de lectura":"1 minuto"},"schema":{"@context":"https:\/\/schema.org","@graph":[{"@type":"WebPage","@id":"https:\/\/tripdouble.com\/es\/produit\/dub-nation-noel-ny\/","url":"https:\/\/tripdouble.com\/es\/produit\/dub-nation-noel-ny\/","name":"Voyage NBA New York No\u00ebl 2025 \u2013 2 matchs | Trip Double","isPartOf":{"@id":"https:\/\/tripdouble.com\/es\/#website"},"primaryImageOfPage":{"@id":"https:\/\/tripdouble.com\/es\/produit\/dub-nation-noel-ny\/#primaryimage"},"image":{"@id":"https:\/\/tripdouble.com\/es\/produit\/dub-nation-noel-ny\/#primaryimage"},"thumbnailUrl":"https:\/\/ewnqp79wvj7.exactdn.com\/wp-content\/uploads\/2025\/09\/stephen-curry-noel-new-york-warriors-voyage-nba.jpg?strip=all","datePublished":"2025-09-28T12:17:42+00:00","dateModified":"2025-10-03T14:42:09+00:00","description":"Voyage NBA New York pour No\u00ebl 2025 : vols A\/R, h\u00f4tel 4\u2605 \u00e0 Manhattan et 2 matchs (Knicks\u2013Cavs, Nets\u2013Warriors). Places limit\u00e9es.","breadcrumb":{"@id":"https:\/\/tripdouble.com\/es\/produit\/dub-nation-noel-ny\/#breadcrumb"},"inLanguage":"es","potentialAction":[{"@type":"ReadAction","target":["https:\/\/tripdouble.com\/es\/produit\/dub-nation-noel-ny\/"]}]},{"@type":"ImageObject","inLanguage":"es","@id":"https:\/\/tripdouble.com\/es\/produit\/dub-nation-noel-ny\/#primaryimage","url":"https:\/\/ewnqp79wvj7.exactdn.com\/wp-content\/uploads\/2025\/09\/stephen-curry-noel-new-york-warriors-voyage-nba.jpg?strip=all","contentUrl":"https:\/\/ewnqp79wvj7.exactdn.com\/wp-content\/uploads\/2025\/09\/stephen-curry-noel-new-york-warriors-voyage-nba.jpg?strip=all","width":1920,"height":1920,"caption":"https:\/\/s.mj.run\/Hs2TRIhX9kc Enhance this illustration of Stephen Curry in New York at Christmas, with a Golden State Warriors jersey. The Empire State Bulding in the back in Blue and red. Keep the same composition and style. Add more snow on the ground. Make him smile warmly. Adjust the colors to be more vibrant and festive, with richer reds, greens, and golden lights. Keep everything else unchanged. --ar 1:1 --raw --v 6 Job ID: 4f12a817-0105-4daa-a97b-98aab6adbc5a"},{"@type":"BreadcrumbList","@id":"https:\/\/tripdouble.com\/es\/produit\/dub-nation-noel-ny\/#breadcrumb","itemListElement":[{"@type":"ListItem","position":1,"name":"Inicio","item":"https:\/\/tripdouble.com\/es\/"},{"@type":"ListItem","position":2,"name":"Dub Nation : Voyage NBA New York \u2013 No\u00ebl 2025 (2 matchs + vols + h\u00f4tel 4\u2605) (Copie)"}]},{"@type":"WebSite","@id":"https:\/\/tripdouble.com\/es\/#website","url":"https:\/\/tripdouble.com\/es\/","name":"Trip Double","description":"voyages NBA made by Basket-Infos","publisher":{"@id":"https:\/\/tripdouble.com\/es\/#organization"},"potentialAction":[{"@type":"SearchAction","target":{"@type":"EntryPoint","urlTemplate":"https:\/\/tripdouble.com\/es\/?s={search_term_string}"},"query-input":{"@type":"PropertyValueSpecification","valueRequired":true,"valueName":"search_term_string"}}],"inLanguage":"es"},{"@type":"Organization","@id":"https:\/\/tripdouble.com\/es\/#organization","name":"Trip Double","url":"https:\/\/tripdouble.com\/es\/","logo":{"@type":"ImageObject","inLanguage":"es","@id":"https:\/\/tripdouble.com\/es\/#\/schema\/logo\/image\/","url":"https:\/\/ewnqp79wvj7.exactdn.com\/wp-content\/uploads\/2019\/08\/LOGO-250p-TRIP-DOUBLE-HORIZONTAL-5-1.png?strip=all&lossy=1&ssl=1","contentUrl":"https:\/\/ewnqp79wvj7.exactdn.com\/wp-content\/uploads\/2019\/08\/LOGO-250p-TRIP-DOUBLE-HORIZONTAL-5-1.png?strip=all&lossy=1&ssl=1","width":250,"height":241,"caption":"Trip Double"},"image":{"@id":"https:\/\/tripdouble.com\/es\/#\/schema\/logo\/image\/"},"sameAs":["https:\/\/www.facebook.com\/TripDouble-108395037170318","https:\/\/x.com\/tripdoubleusa","https:\/\/www.instagram.com\/trip_double\/","https:\/\/www.tiktok.com\/@tripdouble?lang=fr","https:\/\/www.youtube.com\/@trip_double"]}]}},"_links":{"self":[{"href":"https:\/\/tripdouble.com\/es\/wp-json\/wp\/v2\/product\/58846","targetHints":{"allow":["GET"]}}],"collection":[{"href":"https:\/\/tripdouble.com\/es\/wp-json\/wp\/v2\/product"}],"about":[{"href":"https:\/\/tripdouble.com\/es\/wp-json\/wp\/v2\/types\/product"}],"wp:featuredmedia":[{"embeddable":true,"href":"https:\/\/tripdouble.com\/es\/wp-json\/wp\/v2\/media\/54018"}],"wp:attachment":[{"href":"https:\/\/tripdouble.com\/es\/wp-json\/wp\/v2\/media?parent=58846"}],"wp:term":[{"taxonomy":"product_brand","embeddable":true,"href":"https:\/\/tripdouble.com\/es\/wp-json\/wp\/v2\/product_brand?post=58846"},{"taxonomy":"product_cat","embeddable":true,"href":"https:\/\/tripdouble.com\/es\/wp-json\/wp\/v2\/product_cat?post=58846"},{"taxonomy":"product_tag","embeddable":true,"href":"https:\/\/tripdouble.com\/es\/wp-json\/wp\/v2\/product_tag?post=58846"}],"curies":[{"name":"wp","href":"https:\/\/api.w.org\/{rel}","templated":true}]}}