
{"id":58142,"date":"2022-09-24T06:48:55","date_gmt":"2022-09-24T04:48:55","guid":{"rendered":"https:\/\/tripdouble.com\/?post_type=product&#038;p=58142"},"modified":"2025-11-28T18:09:00","modified_gmt":"2025-11-28T16:09:00","slug":"philadelphia-sixers-new-york-knicks-11-02-a-19h30-transfert-inclus","status":"publish","type":"product","link":"https:\/\/tripdouble.com\/es\/produit\/philadelphia-sixers-new-york-knicks-11-02-a-19h30-transfert-inclus\/","title":{"rendered":"Philadelphia Sixers &#8211; New York Knicks | 11\/02 \u00e0 19h30 | Transfert inclus"},"content":{"rendered":"","protected":false},"excerpt":{"rendered":"","protected":false},"featured_media":0,"template":"","meta":{"_acf_changed":false},"product_brand":[],"product_cat":[352],"product_tag":[],"class_list":{"0":"post-58142","1":"product","2":"type-product","3":"status-publish","5":"product_cat-extras","7":"first","8":"instock","9":"sold-individually","10":"shipping-taxable","11":"purchasable","12":"product-type-variable"},"acf":[],"yoast_head":"<!-- This site is optimized with the Yoast SEO plugin v27.1.1 - https:\/\/yoast.com\/product\/yoast-seo-wordpress\/ -->\n<title>Philadelphia Sixers - New York Knicks | 11\/02 \u00e0 19h30 | Transfert inclus - Trip Double<\/title>\n<meta name=\"description\" content=\"Acheter des billets NBA pour le match Philadelphia Sixers - New York Knicks \u00e0 la Xfinity Mobile Arena \u00e0 Philadelphie le 11 f\u00e9vrier 2026\" \/>\n<meta name=\"robots\" content=\"index, nofollow, max-snippet:-1, max-image-preview:large, max-video-preview:-1\" \/>\n<link rel=\"canonical\" href=\"https:\/\/tripdouble.com\/es\/produit\/philadelphia-sixers-new-york-knicks-11-02-a-19h30-transfert-inclus\/\" \/>\n<meta property=\"og:locale\" content=\"es_ES\" \/>\n<meta property=\"og:type\" content=\"article\" \/>\n<meta property=\"og:title\" content=\"Philadelphia Sixers - New York Knicks | 11\/02 \u00e0 19h30 | Transfert inclus - Trip Double\" \/>\n<meta property=\"og:description\" content=\"Acheter des billets NBA pour le match Philadelphia Sixers - New York Knicks \u00e0 la Xfinity Mobile Arena \u00e0 Philadelphie le 11 f\u00e9vrier 2026\" \/>\n<meta property=\"og:url\" content=\"https:\/\/tripdouble.com\/es\/produit\/philadelphia-sixers-new-york-knicks-11-02-a-19h30-transfert-inclus\/\" \/>\n<meta property=\"og:site_name\" content=\"Trip Double\" \/>\n<meta property=\"article:publisher\" content=\"https:\/\/www.facebook.com\/TripDouble-108395037170318\" \/>\n<meta property=\"article:modified_time\" content=\"2025-11-28T16:09:00+00:00\" \/>\n<meta property=\"og:image\" content=\"https:\/\/ewnqp79wvj7.exactdn.com\/wp-content\/uploads\/2019\/08\/LOGO-TRIP-DOUBLE-HORIZONTAL.png?strip=all\" \/>\n\t<meta property=\"og:image:width\" content=\"1068\" \/>\n\t<meta property=\"og:image:height\" content=\"1031\" \/>\n\t<meta property=\"og:image:type\" content=\"image\/png\" \/>\n<meta name=\"twitter:card\" content=\"summary_large_image\" \/>\n<meta name=\"twitter:site\" content=\"@tripdoubleusa\" \/>\n<script type=\"application\/ld+json\" class=\"yoast-schema-graph\">{\"@context\":\"https:\/\/schema.org\",\"@graph\":[{\"@type\":\"WebPage\",\"@id\":\"https:\/\/tripdouble.com\/es\/produit\/philadelphia-sixers-new-york-knicks-11-02-a-19h30-transfert-inclus\/\",\"url\":\"https:\/\/tripdouble.com\/es\/produit\/philadelphia-sixers-new-york-knicks-11-02-a-19h30-transfert-inclus\/\",\"name\":\"Philadelphia Sixers - New York Knicks | 11\/02 \u00e0 19h30 | Transfert inclus - Trip Double\",\"isPartOf\":{\"@id\":\"https:\/\/tripdouble.com\/es\/#website\"},\"datePublished\":\"2022-09-24T04:48:55+00:00\",\"dateModified\":\"2025-11-28T16:09:00+00:00\",\"description\":\"Acheter des billets NBA pour le match Philadelphia Sixers - New York Knicks \u00e0 la Xfinity Mobile Arena \u00e0 Philadelphie le 11 f\u00e9vrier 2026\",\"breadcrumb\":{\"@id\":\"https:\/\/tripdouble.com\/es\/produit\/philadelphia-sixers-new-york-knicks-11-02-a-19h30-transfert-inclus\/#breadcrumb\"},\"inLanguage\":\"es\",\"potentialAction\":[{\"@type\":\"ReadAction\",\"target\":[\"https:\/\/tripdouble.com\/es\/produit\/philadelphia-sixers-new-york-knicks-11-02-a-19h30-transfert-inclus\/\"]}]},{\"@type\":\"BreadcrumbList\",\"@id\":\"https:\/\/tripdouble.com\/es\/produit\/philadelphia-sixers-new-york-knicks-11-02-a-19h30-transfert-inclus\/#breadcrumb\",\"itemListElement\":[{\"@type\":\"ListItem\",\"position\":1,\"name\":\"Inicio\",\"item\":\"https:\/\/tripdouble.com\/es\/\"},{\"@type\":\"ListItem\",\"position\":2,\"name\":\"Philadelphia Sixers &#8211; New York Knicks | 11\/02 \u00e0 19h30 | Transfert inclus\"}]},{\"@type\":\"WebSite\",\"@id\":\"https:\/\/tripdouble.com\/es\/#website\",\"url\":\"https:\/\/tripdouble.com\/es\/\",\"name\":\"Trip Double\",\"description\":\"voyages NBA made by Basket-Infos\",\"publisher\":{\"@id\":\"https:\/\/tripdouble.com\/es\/#organization\"},\"potentialAction\":[{\"@type\":\"SearchAction\",\"target\":{\"@type\":\"EntryPoint\",\"urlTemplate\":\"https:\/\/tripdouble.com\/es\/?s={search_term_string}\"},\"query-input\":{\"@type\":\"PropertyValueSpecification\",\"valueRequired\":true,\"valueName\":\"search_term_string\"}}],\"inLanguage\":\"es\"},{\"@type\":\"Organization\",\"@id\":\"https:\/\/tripdouble.com\/es\/#organization\",\"name\":\"Trip Double\",\"url\":\"https:\/\/tripdouble.com\/es\/\",\"logo\":{\"@type\":\"ImageObject\",\"inLanguage\":\"es\",\"@id\":\"https:\/\/tripdouble.com\/es\/#\/schema\/logo\/image\/\",\"url\":\"https:\/\/ewnqp79wvj7.exactdn.com\/wp-content\/uploads\/2019\/08\/LOGO-250p-TRIP-DOUBLE-HORIZONTAL-5-1.png?strip=all&lossy=1&ssl=1\",\"contentUrl\":\"https:\/\/ewnqp79wvj7.exactdn.com\/wp-content\/uploads\/2019\/08\/LOGO-250p-TRIP-DOUBLE-HORIZONTAL-5-1.png?strip=all&lossy=1&ssl=1\",\"width\":250,\"height\":241,\"caption\":\"Trip Double\"},\"image\":{\"@id\":\"https:\/\/tripdouble.com\/es\/#\/schema\/logo\/image\/\"},\"sameAs\":[\"https:\/\/www.facebook.com\/TripDouble-108395037170318\",\"https:\/\/x.com\/tripdoubleusa\",\"https:\/\/www.instagram.com\/trip_double\/\",\"https:\/\/www.tiktok.com\/@tripdouble?lang=fr\",\"https:\/\/www.youtube.com\/@trip_double\"]}]}<\/script>\n<!-- \/ Yoast SEO plugin. -->","yoast_head_json":{"title":"Philadelphia Sixers - New York Knicks | 11\/02 \u00e0 19h30 | Transfert inclus - Trip Double","description":"Acheter des billets NBA pour le match Philadelphia Sixers - New York Knicks \u00e0 la Xfinity Mobile Arena \u00e0 Philadelphie le 11 f\u00e9vrier 2026","robots":{"index":"index","follow":"nofollow","max-snippet":"max-snippet:-1","max-image-preview":"max-image-preview:large","max-video-preview":"max-video-preview:-1"},"canonical":"https:\/\/tripdouble.com\/es\/produit\/philadelphia-sixers-new-york-knicks-11-02-a-19h30-transfert-inclus\/","og_locale":"es_ES","og_type":"article","og_title":"Philadelphia Sixers - New York Knicks | 11\/02 \u00e0 19h30 | Transfert inclus - Trip Double","og_description":"Acheter des billets NBA pour le match Philadelphia Sixers - New York Knicks \u00e0 la Xfinity Mobile Arena \u00e0 Philadelphie le 11 f\u00e9vrier 2026","og_url":"https:\/\/tripdouble.com\/es\/produit\/philadelphia-sixers-new-york-knicks-11-02-a-19h30-transfert-inclus\/","og_site_name":"Trip Double","article_publisher":"https:\/\/www.facebook.com\/TripDouble-108395037170318","article_modified_time":"2025-11-28T16:09:00+00:00","og_image":[{"width":1068,"height":1031,"url":"https:\/\/ewnqp79wvj7.exactdn.com\/wp-content\/uploads\/2019\/08\/LOGO-TRIP-DOUBLE-HORIZONTAL.png?strip=all","type":"image\/png"}],"twitter_card":"summary_large_image","twitter_site":"@tripdoubleusa","schema":{"@context":"https:\/\/schema.org","@graph":[{"@type":"WebPage","@id":"https:\/\/tripdouble.com\/es\/produit\/philadelphia-sixers-new-york-knicks-11-02-a-19h30-transfert-inclus\/","url":"https:\/\/tripdouble.com\/es\/produit\/philadelphia-sixers-new-york-knicks-11-02-a-19h30-transfert-inclus\/","name":"Philadelphia Sixers - New York Knicks | 11\/02 \u00e0 19h30 | Transfert inclus - Trip Double","isPartOf":{"@id":"https:\/\/tripdouble.com\/es\/#website"},"datePublished":"2022-09-24T04:48:55+00:00","dateModified":"2025-11-28T16:09:00+00:00","description":"Acheter des billets NBA pour le match Philadelphia Sixers - New York Knicks \u00e0 la Xfinity Mobile Arena \u00e0 Philadelphie le 11 f\u00e9vrier 2026","breadcrumb":{"@id":"https:\/\/tripdouble.com\/es\/produit\/philadelphia-sixers-new-york-knicks-11-02-a-19h30-transfert-inclus\/#breadcrumb"},"inLanguage":"es","potentialAction":[{"@type":"ReadAction","target":["https:\/\/tripdouble.com\/es\/produit\/philadelphia-sixers-new-york-knicks-11-02-a-19h30-transfert-inclus\/"]}]},{"@type":"BreadcrumbList","@id":"https:\/\/tripdouble.com\/es\/produit\/philadelphia-sixers-new-york-knicks-11-02-a-19h30-transfert-inclus\/#breadcrumb","itemListElement":[{"@type":"ListItem","position":1,"name":"Inicio","item":"https:\/\/tripdouble.com\/es\/"},{"@type":"ListItem","position":2,"name":"Philadelphia Sixers &#8211; New York Knicks | 11\/02 \u00e0 19h30 | Transfert inclus"}]},{"@type":"WebSite","@id":"https:\/\/tripdouble.com\/es\/#website","url":"https:\/\/tripdouble.com\/es\/","name":"Trip Double","description":"voyages NBA made by Basket-Infos","publisher":{"@id":"https:\/\/tripdouble.com\/es\/#organization"},"potentialAction":[{"@type":"SearchAction","target":{"@type":"EntryPoint","urlTemplate":"https:\/\/tripdouble.com\/es\/?s={search_term_string}"},"query-input":{"@type":"PropertyValueSpecification","valueRequired":true,"valueName":"search_term_string"}}],"inLanguage":"es"},{"@type":"Organization","@id":"https:\/\/tripdouble.com\/es\/#organization","name":"Trip Double","url":"https:\/\/tripdouble.com\/es\/","logo":{"@type":"ImageObject","inLanguage":"es","@id":"https:\/\/tripdouble.com\/es\/#\/schema\/logo\/image\/","url":"https:\/\/ewnqp79wvj7.exactdn.com\/wp-content\/uploads\/2019\/08\/LOGO-250p-TRIP-DOUBLE-HORIZONTAL-5-1.png?strip=all&lossy=1&ssl=1","contentUrl":"https:\/\/ewnqp79wvj7.exactdn.com\/wp-content\/uploads\/2019\/08\/LOGO-250p-TRIP-DOUBLE-HORIZONTAL-5-1.png?strip=all&lossy=1&ssl=1","width":250,"height":241,"caption":"Trip Double"},"image":{"@id":"https:\/\/tripdouble.com\/es\/#\/schema\/logo\/image\/"},"sameAs":["https:\/\/www.facebook.com\/TripDouble-108395037170318","https:\/\/x.com\/tripdoubleusa","https:\/\/www.instagram.com\/trip_double\/","https:\/\/www.tiktok.com\/@tripdouble?lang=fr","https:\/\/www.youtube.com\/@trip_double"]}]}},"_links":{"self":[{"href":"https:\/\/tripdouble.com\/es\/wp-json\/wp\/v2\/product\/58142","targetHints":{"allow":["GET"]}}],"collection":[{"href":"https:\/\/tripdouble.com\/es\/wp-json\/wp\/v2\/product"}],"about":[{"href":"https:\/\/tripdouble.com\/es\/wp-json\/wp\/v2\/types\/product"}],"wp:attachment":[{"href":"https:\/\/tripdouble.com\/es\/wp-json\/wp\/v2\/media?parent=58142"}],"wp:term":[{"taxonomy":"product_brand","embeddable":true,"href":"https:\/\/tripdouble.com\/es\/wp-json\/wp\/v2\/product_brand?post=58142"},{"taxonomy":"product_cat","embeddable":true,"href":"https:\/\/tripdouble.com\/es\/wp-json\/wp\/v2\/product_cat?post=58142"},{"taxonomy":"product_tag","embeddable":true,"href":"https:\/\/tripdouble.com\/es\/wp-json\/wp\/v2\/product_tag?post=58142"}],"curies":[{"name":"wp","href":"https:\/\/api.w.org\/{rel}","templated":true}]}}