
{"id":56547,"date":"2025-09-17T18:17:54","date_gmt":"2025-09-17T16:17:54","guid":{"rendered":"https:\/\/tripdouble.com\/?post_type=product&#038;p=56547"},"modified":"2026-03-12T19:44:07","modified_gmt":"2026-03-12T17:44:07","slug":"voyage-nba-los-angeles-san-francisco-6-13-avril-2026-4-matchs","status":"publish","type":"product","link":"https:\/\/tripdouble.com\/es\/produit\/voyage-nba-los-angeles-san-francisco-6-13-avril-2026-4-matchs\/","title":{"rendered":"Voyage NBA \u2013 Los Angeles + San Francisco 6\u201313 avril 2026 (4 matchs)"},"content":{"rendered":"<p>S\u00e9jour du <b>6 au 13 avril 2026<\/b> : <b>Lakers\u2013Thunder<\/b> (Crypto.com Arena), <b>Clippers\u2013Thunder<\/b> (Intuit Dome), <b>Warriors\u2013Lakers<\/b> (Chase Center), et <b>Kings\u2013Warriors<\/b> (Golden 1 Center \u2013 transfert A\/R bus inclus). Vol international CDG\u21c4LAX \/ SFO\u21c4CDG et <b>vol interne<\/b> LAX\u2192SFO inclus, h\u00e9bergements 4\u2605 (Biltmore LA &amp; Hotel Spero SF). Fan experiences en cours de validation.<\/p>\n","protected":false},"excerpt":{"rendered":"<p><strong>\ud83d\udea8 Le voyage est actuellement complet et nous tentons d&#8217;ajouter des places. Vous pouvez vous inscrire sur la liste d&#8217;attente ci-dessous via le bouton &#8220;Alertez-moi quand le produit est de nouveau disponible&#8221; \ud83d\udea8\u00a0<\/strong><\/p>\n<p style=\"color: #54595f; font-size: 17px; font-family: Lato, sans-serif !important; background-color: #ffffff;\">\u2139\ufe0f Si vous souhaitez un \u00e9ventuel regroupement pour un prix encore plus bas, contactez nous sur contact@tripdouble.com ou au 06 33 06 80 43<\/p>\n<p style=\"color: #54595f; font-size: 17px; font-family: Lato, sans-serif !important; background-color: #ffffff;\">\u203c\ufe0f Si vous avez d\u00e9j\u00e0 valid\u00e9 un regroupement avec amis\/famille ou organis\u00e9 via Trip Double, s\u00e9lectionnez une des options 1 personne en chambre double\/triple\/quadruple (il faudra renseigner l&#8217;identit\u00e9 des personnes avec qui vous partagez la chambre). N&#8217;utilisez pas cette option si un regroupement n&#8217;a pas \u00e9t\u00e9 valid\u00e9.<\/p>\n<div style=\"text-align: center; margin: 30px 0;\"><a style=\"display: inline-flex; align-items: center; justify-content: center; gap: 6px; background-color: #006fd8; color: #fff; padding: 14px 28px; border-radius: 16px; font-weight: bold; font-size: 16px; text-decoration: none; line-height: 1; transition: background-color 0.3s ease, transform 0.2s ease;\" href=\"https:\/\/tripdouble.com\/itinerary\/voyage-nba-san-francisco-los-angeles\" target=\"_blank\" rel=\"noopener noreferrer\">\ud83c\udfc0 Tous les d\u00e9tails du voyage<br \/>\n<\/a><\/div>\n","protected":false},"featured_media":56794,"template":"","meta":{"_acf_changed":false},"product_brand":[],"product_cat":[328],"product_tag":[],"class_list":{"0":"post-56547","1":"product","2":"type-product","3":"status-publish","4":"has-post-thumbnail","6":"product_cat-losangeles","8":"first","9":"outofstock","10":"sold-individually","11":"shipping-taxable","12":"purchasable","13":"product-type-variable"},"acf":[],"yoast_head":"<!-- This site is optimized with the Yoast SEO plugin v27.1.1 - https:\/\/yoast.com\/product\/yoast-seo-wordpress\/ -->\n<title>Voyage NBA Los Angeles + San Francisco 6\u201313 avril 2026 \u2013 4 matchs &amp; vol interne | Trip Double<\/title>\n<meta name=\"description\" content=\"Combo Californie 6\u201313 avril 2026 : 4 matchs (Lakers\u2013Thunder, Clippers\u2013Thunder, Warriors\u2013Lakers, Kings\u2013Warriors), vol interne LAX\u2192SFO, h\u00f4tels 4\u2605, transferts. Packs 1 \u00e0 8 pers. et options de regroupement.\" \/>\n<meta name=\"robots\" content=\"index, follow, max-snippet:-1, max-image-preview:large, max-video-preview:-1\" \/>\n<link rel=\"canonical\" href=\"https:\/\/tripdouble.com\/es\/produit\/voyage-nba-los-angeles-san-francisco-6-13-avril-2026-4-matchs\/\" \/>\n<meta property=\"og:locale\" content=\"es_ES\" \/>\n<meta property=\"og:type\" content=\"article\" \/>\n<meta property=\"og:title\" content=\"Voyage NBA Los Angeles + San Francisco 6\u201313 avril 2026 \u2013 4 matchs &amp; vol interne | Trip Double\" \/>\n<meta property=\"og:description\" content=\"Combo Californie 6\u201313 avril 2026 : 4 matchs (Lakers\u2013Thunder, Clippers\u2013Thunder, Warriors\u2013Lakers, Kings\u2013Warriors), vol interne LAX\u2192SFO, h\u00f4tels 4\u2605, transferts. Packs 1 \u00e0 8 pers. et options de regroupement.\" \/>\n<meta property=\"og:url\" content=\"https:\/\/tripdouble.com\/es\/produit\/voyage-nba-los-angeles-san-francisco-6-13-avril-2026-4-matchs\/\" \/>\n<meta property=\"og:site_name\" content=\"Trip Double\" \/>\n<meta property=\"article:publisher\" content=\"https:\/\/www.facebook.com\/TripDouble-108395037170318\" \/>\n<meta property=\"article:modified_time\" content=\"2026-03-12T17:44:07+00:00\" \/>\n<meta property=\"og:image\" content=\"https:\/\/tripdouble.com\/wp-content\/uploads\/2025\/09\/Combo-Los-Angeles-San-Francisco.jpg\" \/>\n\t<meta property=\"og:image:width\" content=\"1920\" \/>\n\t<meta property=\"og:image:height\" content=\"1920\" \/>\n\t<meta property=\"og:image:type\" content=\"image\/jpeg\" \/>\n<meta name=\"twitter:card\" content=\"summary_large_image\" \/>\n<meta name=\"twitter:site\" content=\"@tripdoubleusa\" \/>\n<meta name=\"twitter:label1\" content=\"Tiempo de lectura\" \/>\n\t<meta name=\"twitter:data1\" content=\"1 minuto\" \/>\n<script type=\"application\/ld+json\" class=\"yoast-schema-graph\">{\"@context\":\"https:\/\/schema.org\",\"@graph\":[{\"@type\":\"WebPage\",\"@id\":\"https:\/\/tripdouble.com\/es\/produit\/voyage-nba-los-angeles-san-francisco-6-13-avril-2026-4-matchs\/\",\"url\":\"https:\/\/tripdouble.com\/es\/produit\/voyage-nba-los-angeles-san-francisco-6-13-avril-2026-4-matchs\/\",\"name\":\"Voyage NBA Los Angeles + San Francisco 6\u201313 avril 2026 \u2013 4 matchs & vol interne | Trip Double\",\"isPartOf\":{\"@id\":\"https:\/\/tripdouble.com\/es\/#website\"},\"primaryImageOfPage\":{\"@id\":\"https:\/\/tripdouble.com\/es\/produit\/voyage-nba-los-angeles-san-francisco-6-13-avril-2026-4-matchs\/#primaryimage\"},\"image\":{\"@id\":\"https:\/\/tripdouble.com\/es\/produit\/voyage-nba-los-angeles-san-francisco-6-13-avril-2026-4-matchs\/#primaryimage\"},\"thumbnailUrl\":\"https:\/\/ewnqp79wvj7.exactdn.com\/wp-content\/uploads\/2025\/09\/Combo-Los-Angeles-San-Francisco.jpg?strip=all\",\"datePublished\":\"2025-09-17T16:17:54+00:00\",\"dateModified\":\"2026-03-12T17:44:07+00:00\",\"description\":\"Combo Californie 6\u201313 avril 2026 : 4 matchs (Lakers\u2013Thunder, Clippers\u2013Thunder, Warriors\u2013Lakers, Kings\u2013Warriors), vol interne LAX\u2192SFO, h\u00f4tels 4\u2605, transferts. Packs 1 \u00e0 8 pers. et options de regroupement.\",\"breadcrumb\":{\"@id\":\"https:\/\/tripdouble.com\/es\/produit\/voyage-nba-los-angeles-san-francisco-6-13-avril-2026-4-matchs\/#breadcrumb\"},\"inLanguage\":\"es\",\"potentialAction\":[{\"@type\":\"ReadAction\",\"target\":[\"https:\/\/tripdouble.com\/es\/produit\/voyage-nba-los-angeles-san-francisco-6-13-avril-2026-4-matchs\/\"]}]},{\"@type\":\"ImageObject\",\"inLanguage\":\"es\",\"@id\":\"https:\/\/tripdouble.com\/es\/produit\/voyage-nba-los-angeles-san-francisco-6-13-avril-2026-4-matchs\/#primaryimage\",\"url\":\"https:\/\/ewnqp79wvj7.exactdn.com\/wp-content\/uploads\/2025\/09\/Combo-Los-Angeles-San-Francisco.jpg?strip=all\",\"contentUrl\":\"https:\/\/ewnqp79wvj7.exactdn.com\/wp-content\/uploads\/2025\/09\/Combo-Los-Angeles-San-Francisco.jpg?strip=all\",\"width\":1920,\"height\":1920},{\"@type\":\"BreadcrumbList\",\"@id\":\"https:\/\/tripdouble.com\/es\/produit\/voyage-nba-los-angeles-san-francisco-6-13-avril-2026-4-matchs\/#breadcrumb\",\"itemListElement\":[{\"@type\":\"ListItem\",\"position\":1,\"name\":\"Inicio\",\"item\":\"https:\/\/tripdouble.com\/es\/\"},{\"@type\":\"ListItem\",\"position\":2,\"name\":\"Voyage NBA \u2013 Los Angeles + San Francisco 6\u201313 avril 2026 (4 matchs)\"}]},{\"@type\":\"WebSite\",\"@id\":\"https:\/\/tripdouble.com\/es\/#website\",\"url\":\"https:\/\/tripdouble.com\/es\/\",\"name\":\"Trip Double\",\"description\":\"voyages NBA made by Basket-Infos\",\"publisher\":{\"@id\":\"https:\/\/tripdouble.com\/es\/#organization\"},\"potentialAction\":[{\"@type\":\"SearchAction\",\"target\":{\"@type\":\"EntryPoint\",\"urlTemplate\":\"https:\/\/tripdouble.com\/es\/?s={search_term_string}\"},\"query-input\":{\"@type\":\"PropertyValueSpecification\",\"valueRequired\":true,\"valueName\":\"search_term_string\"}}],\"inLanguage\":\"es\"},{\"@type\":\"Organization\",\"@id\":\"https:\/\/tripdouble.com\/es\/#organization\",\"name\":\"Trip Double\",\"url\":\"https:\/\/tripdouble.com\/es\/\",\"logo\":{\"@type\":\"ImageObject\",\"inLanguage\":\"es\",\"@id\":\"https:\/\/tripdouble.com\/es\/#\/schema\/logo\/image\/\",\"url\":\"https:\/\/ewnqp79wvj7.exactdn.com\/wp-content\/uploads\/2019\/08\/LOGO-250p-TRIP-DOUBLE-HORIZONTAL-5-1.png?strip=all&lossy=1&ssl=1\",\"contentUrl\":\"https:\/\/ewnqp79wvj7.exactdn.com\/wp-content\/uploads\/2019\/08\/LOGO-250p-TRIP-DOUBLE-HORIZONTAL-5-1.png?strip=all&lossy=1&ssl=1\",\"width\":250,\"height\":241,\"caption\":\"Trip Double\"},\"image\":{\"@id\":\"https:\/\/tripdouble.com\/es\/#\/schema\/logo\/image\/\"},\"sameAs\":[\"https:\/\/www.facebook.com\/TripDouble-108395037170318\",\"https:\/\/x.com\/tripdoubleusa\",\"https:\/\/www.instagram.com\/trip_double\/\",\"https:\/\/www.tiktok.com\/@tripdouble?lang=fr\",\"https:\/\/www.youtube.com\/@trip_double\"]}]}<\/script>\n<!-- \/ Yoast SEO plugin. -->","yoast_head_json":{"title":"Voyage NBA Los Angeles + San Francisco 6\u201313 avril 2026 \u2013 4 matchs & vol interne | Trip Double","description":"Combo Californie 6\u201313 avril 2026 : 4 matchs (Lakers\u2013Thunder, Clippers\u2013Thunder, Warriors\u2013Lakers, Kings\u2013Warriors), vol interne LAX\u2192SFO, h\u00f4tels 4\u2605, transferts. Packs 1 \u00e0 8 pers. et options de regroupement.","robots":{"index":"index","follow":"follow","max-snippet":"max-snippet:-1","max-image-preview":"max-image-preview:large","max-video-preview":"max-video-preview:-1"},"canonical":"https:\/\/tripdouble.com\/es\/produit\/voyage-nba-los-angeles-san-francisco-6-13-avril-2026-4-matchs\/","og_locale":"es_ES","og_type":"article","og_title":"Voyage NBA Los Angeles + San Francisco 6\u201313 avril 2026 \u2013 4 matchs & vol interne | Trip Double","og_description":"Combo Californie 6\u201313 avril 2026 : 4 matchs (Lakers\u2013Thunder, Clippers\u2013Thunder, Warriors\u2013Lakers, Kings\u2013Warriors), vol interne LAX\u2192SFO, h\u00f4tels 4\u2605, transferts. Packs 1 \u00e0 8 pers. et options de regroupement.","og_url":"https:\/\/tripdouble.com\/es\/produit\/voyage-nba-los-angeles-san-francisco-6-13-avril-2026-4-matchs\/","og_site_name":"Trip Double","article_publisher":"https:\/\/www.facebook.com\/TripDouble-108395037170318","article_modified_time":"2026-03-12T17:44:07+00:00","og_image":[{"width":1920,"height":1920,"url":"https:\/\/tripdouble.com\/wp-content\/uploads\/2025\/09\/Combo-Los-Angeles-San-Francisco.jpg","type":"image\/jpeg"}],"twitter_card":"summary_large_image","twitter_site":"@tripdoubleusa","twitter_misc":{"Tiempo de lectura":"1 minuto"},"schema":{"@context":"https:\/\/schema.org","@graph":[{"@type":"WebPage","@id":"https:\/\/tripdouble.com\/es\/produit\/voyage-nba-los-angeles-san-francisco-6-13-avril-2026-4-matchs\/","url":"https:\/\/tripdouble.com\/es\/produit\/voyage-nba-los-angeles-san-francisco-6-13-avril-2026-4-matchs\/","name":"Voyage NBA Los Angeles + San Francisco 6\u201313 avril 2026 \u2013 4 matchs & vol interne | Trip Double","isPartOf":{"@id":"https:\/\/tripdouble.com\/es\/#website"},"primaryImageOfPage":{"@id":"https:\/\/tripdouble.com\/es\/produit\/voyage-nba-los-angeles-san-francisco-6-13-avril-2026-4-matchs\/#primaryimage"},"image":{"@id":"https:\/\/tripdouble.com\/es\/produit\/voyage-nba-los-angeles-san-francisco-6-13-avril-2026-4-matchs\/#primaryimage"},"thumbnailUrl":"https:\/\/ewnqp79wvj7.exactdn.com\/wp-content\/uploads\/2025\/09\/Combo-Los-Angeles-San-Francisco.jpg?strip=all","datePublished":"2025-09-17T16:17:54+00:00","dateModified":"2026-03-12T17:44:07+00:00","description":"Combo Californie 6\u201313 avril 2026 : 4 matchs (Lakers\u2013Thunder, Clippers\u2013Thunder, Warriors\u2013Lakers, Kings\u2013Warriors), vol interne LAX\u2192SFO, h\u00f4tels 4\u2605, transferts. Packs 1 \u00e0 8 pers. et options de regroupement.","breadcrumb":{"@id":"https:\/\/tripdouble.com\/es\/produit\/voyage-nba-los-angeles-san-francisco-6-13-avril-2026-4-matchs\/#breadcrumb"},"inLanguage":"es","potentialAction":[{"@type":"ReadAction","target":["https:\/\/tripdouble.com\/es\/produit\/voyage-nba-los-angeles-san-francisco-6-13-avril-2026-4-matchs\/"]}]},{"@type":"ImageObject","inLanguage":"es","@id":"https:\/\/tripdouble.com\/es\/produit\/voyage-nba-los-angeles-san-francisco-6-13-avril-2026-4-matchs\/#primaryimage","url":"https:\/\/ewnqp79wvj7.exactdn.com\/wp-content\/uploads\/2025\/09\/Combo-Los-Angeles-San-Francisco.jpg?strip=all","contentUrl":"https:\/\/ewnqp79wvj7.exactdn.com\/wp-content\/uploads\/2025\/09\/Combo-Los-Angeles-San-Francisco.jpg?strip=all","width":1920,"height":1920},{"@type":"BreadcrumbList","@id":"https:\/\/tripdouble.com\/es\/produit\/voyage-nba-los-angeles-san-francisco-6-13-avril-2026-4-matchs\/#breadcrumb","itemListElement":[{"@type":"ListItem","position":1,"name":"Inicio","item":"https:\/\/tripdouble.com\/es\/"},{"@type":"ListItem","position":2,"name":"Voyage NBA \u2013 Los Angeles + San Francisco 6\u201313 avril 2026 (4 matchs)"}]},{"@type":"WebSite","@id":"https:\/\/tripdouble.com\/es\/#website","url":"https:\/\/tripdouble.com\/es\/","name":"Trip Double","description":"voyages NBA made by Basket-Infos","publisher":{"@id":"https:\/\/tripdouble.com\/es\/#organization"},"potentialAction":[{"@type":"SearchAction","target":{"@type":"EntryPoint","urlTemplate":"https:\/\/tripdouble.com\/es\/?s={search_term_string}"},"query-input":{"@type":"PropertyValueSpecification","valueRequired":true,"valueName":"search_term_string"}}],"inLanguage":"es"},{"@type":"Organization","@id":"https:\/\/tripdouble.com\/es\/#organization","name":"Trip Double","url":"https:\/\/tripdouble.com\/es\/","logo":{"@type":"ImageObject","inLanguage":"es","@id":"https:\/\/tripdouble.com\/es\/#\/schema\/logo\/image\/","url":"https:\/\/ewnqp79wvj7.exactdn.com\/wp-content\/uploads\/2019\/08\/LOGO-250p-TRIP-DOUBLE-HORIZONTAL-5-1.png?strip=all&lossy=1&ssl=1","contentUrl":"https:\/\/ewnqp79wvj7.exactdn.com\/wp-content\/uploads\/2019\/08\/LOGO-250p-TRIP-DOUBLE-HORIZONTAL-5-1.png?strip=all&lossy=1&ssl=1","width":250,"height":241,"caption":"Trip Double"},"image":{"@id":"https:\/\/tripdouble.com\/es\/#\/schema\/logo\/image\/"},"sameAs":["https:\/\/www.facebook.com\/TripDouble-108395037170318","https:\/\/x.com\/tripdoubleusa","https:\/\/www.instagram.com\/trip_double\/","https:\/\/www.tiktok.com\/@tripdouble?lang=fr","https:\/\/www.youtube.com\/@trip_double"]}]}},"_links":{"self":[{"href":"https:\/\/tripdouble.com\/es\/wp-json\/wp\/v2\/product\/56547","targetHints":{"allow":["GET"]}}],"collection":[{"href":"https:\/\/tripdouble.com\/es\/wp-json\/wp\/v2\/product"}],"about":[{"href":"https:\/\/tripdouble.com\/es\/wp-json\/wp\/v2\/types\/product"}],"wp:featuredmedia":[{"embeddable":true,"href":"https:\/\/tripdouble.com\/es\/wp-json\/wp\/v2\/media\/56794"}],"wp:attachment":[{"href":"https:\/\/tripdouble.com\/es\/wp-json\/wp\/v2\/media?parent=56547"}],"wp:term":[{"taxonomy":"product_brand","embeddable":true,"href":"https:\/\/tripdouble.com\/es\/wp-json\/wp\/v2\/product_brand?post=56547"},{"taxonomy":"product_cat","embeddable":true,"href":"https:\/\/tripdouble.com\/es\/wp-json\/wp\/v2\/product_cat?post=56547"},{"taxonomy":"product_tag","embeddable":true,"href":"https:\/\/tripdouble.com\/es\/wp-json\/wp\/v2\/product_tag?post=56547"}],"curies":[{"name":"wp","href":"https:\/\/api.w.org\/{rel}","templated":true}]}}