
{"id":56340,"date":"2025-09-16T21:44:20","date_gmt":"2025-09-16T19:44:20","guid":{"rendered":"https:\/\/tripdouble.com\/?post_type=product&#038;p=56340"},"modified":"2026-01-08T17:54:43","modified_gmt":"2026-01-08T15:54:43","slug":"voyage-nba-chicago-milwaukee-20-27-janvier-2026","status":"publish","type":"product","link":"https:\/\/tripdouble.com\/es\/produit\/voyage-nba-chicago-milwaukee-20-27-janvier-2026\/","title":{"rendered":"Voyage NBA \u2013 Chicago &#038; Milwaukee 20\u201327 janvier 2026"},"content":{"rendered":"<p>Vivez une semaine <b>collector<\/b> dans le Midwest (20\u219227 janvier 2026) : <b>Bulls\u2013Celtics<\/b> avec la <b>c\u00e9r\u00e9monie de retrait du maillot de Derrick Rose<\/b>, <b>Bulls\u2013Lakers<\/b> et <b>Bucks\u2013Thunder<\/b> \u00e0 Milwaukee (A\/R en bus inclus). Options : <i>Bulls\u2013Clippers<\/i> (soir d\u2019arriv\u00e9e) et <i>Bucks\u2013Nuggets<\/i> (selon mini-groupe). H\u00e9bergement \u00e0 <b>River North<\/b> avec petit-d\u00e9jeuner, transferts a\u00e9roport &amp; inter\u2011villes. Fan experiences \u00e0 confirmer (\u00e9chauffements, fan tunnel, session parquet).<\/p>\n","protected":false},"excerpt":{"rendered":"<p><strong>\u26a0\ufe0f Actuellement il ne reste plus de place, mais on peut en ajouter. Merci de faire une demande \u00e0 contact@tripdouble.com<\/strong><\/p>\n<p style=\"color: #54595f; font-size: 17px; font-family: Lato, sans-serif !important; background-color: #ffffff;\">\u2139\ufe0f Si vous souhaitez un \u00e9ventuel regroupement pour un prix encore plus bas, contactez nous sur contact@tripdouble.com ou au 06 33 06 80 43<\/p>\n<p style=\"color: #54595f; font-size: 17px; font-family: Lato, sans-serif !important; background-color: #ffffff;\">\u203c\ufe0f Si vous avez d\u00e9j\u00e0 valid\u00e9 un regroupement avec amis\/famille ou organis\u00e9 via Trip Double, s\u00e9lectionnez une des options 1 personne en chambre double\/triple\/quadruple (il faudra renseigner l&#8217;identit\u00e9 des personnes avec qui vous partagez la chambre). N&#8217;utilisez pas cette option si un regroupement n&#8217;a pas \u00e9t\u00e9 valid\u00e9.<\/p>\n<div style=\"text-align: center; margin: 30px 0;\"><a style=\"display: inline-flex; align-items: center; justify-content: center; gap: 6px; background-color: #006fd8; color: #fff; padding: 14px 28px; border-radius: 16px; font-weight: bold; font-size: 16px; text-decoration: none; line-height: 1; transition: background-color 0.3s ease, transform 0.2s ease;\" href=\"https:\/\/tripdouble.com\/itinerary\/voyage-nba-chicago-milwaukee-janvier-2026\" target=\"_blank\" rel=\"noopener noreferrer\">\ud83c\udfc0 Tous les d\u00e9tails du voyage<br \/>\n<\/a><\/div>\n","protected":false},"featured_media":56039,"template":"","meta":{"_acf_changed":false},"product_brand":[],"product_cat":[343],"product_tag":[],"class_list":{"0":"post-56340","1":"product","2":"type-product","3":"status-publish","4":"has-post-thumbnail","6":"product_cat-chicago","8":"first","9":"outofstock","10":"sold-individually","11":"shipping-taxable","12":"purchasable","13":"product-type-variable"},"acf":[],"yoast_head":"<!-- This site is optimized with the Yoast SEO plugin v27.1.1 - https:\/\/yoast.com\/product\/yoast-seo-wordpress\/ -->\n<title>Voyage NBA Chicago &amp; Milwaukee 20\u201327 janv. 2026 \u2013 Retrait du maillot de Derrick Rose | Trip Double<\/title>\n<meta name=\"description\" content=\"Chicago &amp; Milwaukee (20\u201327 janv. 2026) : Bulls\u2013Celtics (retrait du maillot de Derrick Rose), Bulls\u2013Lakers, Bucks\u2013Thunder + options. H\u00f4tel River North, transferts, packs 1 \u00e0 8 personnes &amp; regroupement.\" \/>\n<meta name=\"robots\" content=\"index, follow, max-snippet:-1, max-image-preview:large, max-video-preview:-1\" \/>\n<link rel=\"canonical\" href=\"https:\/\/tripdouble.com\/es\/produit\/voyage-nba-chicago-milwaukee-20-27-janvier-2026\/\" \/>\n<meta property=\"og:locale\" content=\"es_ES\" \/>\n<meta property=\"og:type\" content=\"article\" \/>\n<meta property=\"og:title\" content=\"Voyage NBA Chicago &amp; Milwaukee 20\u201327 janv. 2026 \u2013 Retrait du maillot de Derrick Rose | Trip Double\" \/>\n<meta property=\"og:description\" content=\"Chicago &amp; Milwaukee (20\u201327 janv. 2026) : Bulls\u2013Celtics (retrait du maillot de Derrick Rose), Bulls\u2013Lakers, Bucks\u2013Thunder + options. H\u00f4tel River North, transferts, packs 1 \u00e0 8 personnes &amp; regroupement.\" \/>\n<meta property=\"og:url\" content=\"https:\/\/tripdouble.com\/es\/produit\/voyage-nba-chicago-milwaukee-20-27-janvier-2026\/\" \/>\n<meta property=\"og:site_name\" content=\"Trip Double\" \/>\n<meta property=\"article:publisher\" content=\"https:\/\/www.facebook.com\/TripDouble-108395037170318\" \/>\n<meta property=\"article:modified_time\" content=\"2026-01-08T15:54:43+00:00\" \/>\n<meta property=\"og:image\" content=\"https:\/\/tripdouble.com\/wp-content\/uploads\/2025\/09\/Voyage-Chicago-retrait-de-maillot-Derrick-Rose.jpg\" \/>\n\t<meta property=\"og:image:width\" content=\"1920\" \/>\n\t<meta property=\"og:image:height\" content=\"1920\" \/>\n\t<meta property=\"og:image:type\" content=\"image\/jpeg\" \/>\n<meta name=\"twitter:card\" content=\"summary_large_image\" \/>\n<meta name=\"twitter:site\" content=\"@tripdoubleusa\" \/>\n<meta name=\"twitter:label1\" content=\"Tiempo de lectura\" \/>\n\t<meta name=\"twitter:data1\" content=\"1 minuto\" \/>\n<script type=\"application\/ld+json\" class=\"yoast-schema-graph\">{\"@context\":\"https:\/\/schema.org\",\"@graph\":[{\"@type\":\"WebPage\",\"@id\":\"https:\/\/tripdouble.com\/es\/produit\/voyage-nba-chicago-milwaukee-20-27-janvier-2026\/\",\"url\":\"https:\/\/tripdouble.com\/es\/produit\/voyage-nba-chicago-milwaukee-20-27-janvier-2026\/\",\"name\":\"Voyage NBA Chicago & Milwaukee 20\u201327 janv. 2026 \u2013 Retrait du maillot de Derrick Rose | Trip Double\",\"isPartOf\":{\"@id\":\"https:\/\/tripdouble.com\/es\/#website\"},\"primaryImageOfPage\":{\"@id\":\"https:\/\/tripdouble.com\/es\/produit\/voyage-nba-chicago-milwaukee-20-27-janvier-2026\/#primaryimage\"},\"image\":{\"@id\":\"https:\/\/tripdouble.com\/es\/produit\/voyage-nba-chicago-milwaukee-20-27-janvier-2026\/#primaryimage\"},\"thumbnailUrl\":\"https:\/\/ewnqp79wvj7.exactdn.com\/wp-content\/uploads\/2025\/09\/Voyage-Chicago-retrait-de-maillot-Derrick-Rose.jpg?strip=all\",\"datePublished\":\"2025-09-16T19:44:20+00:00\",\"dateModified\":\"2026-01-08T15:54:43+00:00\",\"description\":\"Chicago & Milwaukee (20\u201327 janv. 2026) : Bulls\u2013Celtics (retrait du maillot de Derrick Rose), Bulls\u2013Lakers, Bucks\u2013Thunder + options. H\u00f4tel River North, transferts, packs 1 \u00e0 8 personnes & regroupement.\",\"breadcrumb\":{\"@id\":\"https:\/\/tripdouble.com\/es\/produit\/voyage-nba-chicago-milwaukee-20-27-janvier-2026\/#breadcrumb\"},\"inLanguage\":\"es\",\"potentialAction\":[{\"@type\":\"ReadAction\",\"target\":[\"https:\/\/tripdouble.com\/es\/produit\/voyage-nba-chicago-milwaukee-20-27-janvier-2026\/\"]}]},{\"@type\":\"ImageObject\",\"inLanguage\":\"es\",\"@id\":\"https:\/\/tripdouble.com\/es\/produit\/voyage-nba-chicago-milwaukee-20-27-janvier-2026\/#primaryimage\",\"url\":\"https:\/\/ewnqp79wvj7.exactdn.com\/wp-content\/uploads\/2025\/09\/Voyage-Chicago-retrait-de-maillot-Derrick-Rose.jpg?strip=all\",\"contentUrl\":\"https:\/\/ewnqp79wvj7.exactdn.com\/wp-content\/uploads\/2025\/09\/Voyage-Chicago-retrait-de-maillot-Derrick-Rose.jpg?strip=all\",\"width\":1920,\"height\":1920},{\"@type\":\"BreadcrumbList\",\"@id\":\"https:\/\/tripdouble.com\/es\/produit\/voyage-nba-chicago-milwaukee-20-27-janvier-2026\/#breadcrumb\",\"itemListElement\":[{\"@type\":\"ListItem\",\"position\":1,\"name\":\"Inicio\",\"item\":\"https:\/\/tripdouble.com\/es\/\"},{\"@type\":\"ListItem\",\"position\":2,\"name\":\"Voyage NBA \u2013 Chicago &#038; Milwaukee 20\u201327 janvier 2026\"}]},{\"@type\":\"WebSite\",\"@id\":\"https:\/\/tripdouble.com\/es\/#website\",\"url\":\"https:\/\/tripdouble.com\/es\/\",\"name\":\"Trip Double\",\"description\":\"voyages NBA made by Basket-Infos\",\"publisher\":{\"@id\":\"https:\/\/tripdouble.com\/es\/#organization\"},\"potentialAction\":[{\"@type\":\"SearchAction\",\"target\":{\"@type\":\"EntryPoint\",\"urlTemplate\":\"https:\/\/tripdouble.com\/es\/?s={search_term_string}\"},\"query-input\":{\"@type\":\"PropertyValueSpecification\",\"valueRequired\":true,\"valueName\":\"search_term_string\"}}],\"inLanguage\":\"es\"},{\"@type\":\"Organization\",\"@id\":\"https:\/\/tripdouble.com\/es\/#organization\",\"name\":\"Trip Double\",\"url\":\"https:\/\/tripdouble.com\/es\/\",\"logo\":{\"@type\":\"ImageObject\",\"inLanguage\":\"es\",\"@id\":\"https:\/\/tripdouble.com\/es\/#\/schema\/logo\/image\/\",\"url\":\"https:\/\/ewnqp79wvj7.exactdn.com\/wp-content\/uploads\/2019\/08\/LOGO-250p-TRIP-DOUBLE-HORIZONTAL-5-1.png?strip=all&lossy=1&ssl=1\",\"contentUrl\":\"https:\/\/ewnqp79wvj7.exactdn.com\/wp-content\/uploads\/2019\/08\/LOGO-250p-TRIP-DOUBLE-HORIZONTAL-5-1.png?strip=all&lossy=1&ssl=1\",\"width\":250,\"height\":241,\"caption\":\"Trip Double\"},\"image\":{\"@id\":\"https:\/\/tripdouble.com\/es\/#\/schema\/logo\/image\/\"},\"sameAs\":[\"https:\/\/www.facebook.com\/TripDouble-108395037170318\",\"https:\/\/x.com\/tripdoubleusa\",\"https:\/\/www.instagram.com\/trip_double\/\",\"https:\/\/www.tiktok.com\/@tripdouble?lang=fr\",\"https:\/\/www.youtube.com\/@trip_double\"]}]}<\/script>\n<!-- \/ Yoast SEO plugin. -->","yoast_head_json":{"title":"Voyage NBA Chicago & Milwaukee 20\u201327 janv. 2026 \u2013 Retrait du maillot de Derrick Rose | Trip Double","description":"Chicago & Milwaukee (20\u201327 janv. 2026) : Bulls\u2013Celtics (retrait du maillot de Derrick Rose), Bulls\u2013Lakers, Bucks\u2013Thunder + options. H\u00f4tel River North, transferts, packs 1 \u00e0 8 personnes & regroupement.","robots":{"index":"index","follow":"follow","max-snippet":"max-snippet:-1","max-image-preview":"max-image-preview:large","max-video-preview":"max-video-preview:-1"},"canonical":"https:\/\/tripdouble.com\/es\/produit\/voyage-nba-chicago-milwaukee-20-27-janvier-2026\/","og_locale":"es_ES","og_type":"article","og_title":"Voyage NBA Chicago & Milwaukee 20\u201327 janv. 2026 \u2013 Retrait du maillot de Derrick Rose | Trip Double","og_description":"Chicago & Milwaukee (20\u201327 janv. 2026) : Bulls\u2013Celtics (retrait du maillot de Derrick Rose), Bulls\u2013Lakers, Bucks\u2013Thunder + options. H\u00f4tel River North, transferts, packs 1 \u00e0 8 personnes & regroupement.","og_url":"https:\/\/tripdouble.com\/es\/produit\/voyage-nba-chicago-milwaukee-20-27-janvier-2026\/","og_site_name":"Trip Double","article_publisher":"https:\/\/www.facebook.com\/TripDouble-108395037170318","article_modified_time":"2026-01-08T15:54:43+00:00","og_image":[{"width":1920,"height":1920,"url":"https:\/\/tripdouble.com\/wp-content\/uploads\/2025\/09\/Voyage-Chicago-retrait-de-maillot-Derrick-Rose.jpg","type":"image\/jpeg"}],"twitter_card":"summary_large_image","twitter_site":"@tripdoubleusa","twitter_misc":{"Tiempo de lectura":"1 minuto"},"schema":{"@context":"https:\/\/schema.org","@graph":[{"@type":"WebPage","@id":"https:\/\/tripdouble.com\/es\/produit\/voyage-nba-chicago-milwaukee-20-27-janvier-2026\/","url":"https:\/\/tripdouble.com\/es\/produit\/voyage-nba-chicago-milwaukee-20-27-janvier-2026\/","name":"Voyage NBA Chicago & Milwaukee 20\u201327 janv. 2026 \u2013 Retrait du maillot de Derrick Rose | Trip Double","isPartOf":{"@id":"https:\/\/tripdouble.com\/es\/#website"},"primaryImageOfPage":{"@id":"https:\/\/tripdouble.com\/es\/produit\/voyage-nba-chicago-milwaukee-20-27-janvier-2026\/#primaryimage"},"image":{"@id":"https:\/\/tripdouble.com\/es\/produit\/voyage-nba-chicago-milwaukee-20-27-janvier-2026\/#primaryimage"},"thumbnailUrl":"https:\/\/ewnqp79wvj7.exactdn.com\/wp-content\/uploads\/2025\/09\/Voyage-Chicago-retrait-de-maillot-Derrick-Rose.jpg?strip=all","datePublished":"2025-09-16T19:44:20+00:00","dateModified":"2026-01-08T15:54:43+00:00","description":"Chicago & Milwaukee (20\u201327 janv. 2026) : Bulls\u2013Celtics (retrait du maillot de Derrick Rose), Bulls\u2013Lakers, Bucks\u2013Thunder + options. H\u00f4tel River North, transferts, packs 1 \u00e0 8 personnes & regroupement.","breadcrumb":{"@id":"https:\/\/tripdouble.com\/es\/produit\/voyage-nba-chicago-milwaukee-20-27-janvier-2026\/#breadcrumb"},"inLanguage":"es","potentialAction":[{"@type":"ReadAction","target":["https:\/\/tripdouble.com\/es\/produit\/voyage-nba-chicago-milwaukee-20-27-janvier-2026\/"]}]},{"@type":"ImageObject","inLanguage":"es","@id":"https:\/\/tripdouble.com\/es\/produit\/voyage-nba-chicago-milwaukee-20-27-janvier-2026\/#primaryimage","url":"https:\/\/ewnqp79wvj7.exactdn.com\/wp-content\/uploads\/2025\/09\/Voyage-Chicago-retrait-de-maillot-Derrick-Rose.jpg?strip=all","contentUrl":"https:\/\/ewnqp79wvj7.exactdn.com\/wp-content\/uploads\/2025\/09\/Voyage-Chicago-retrait-de-maillot-Derrick-Rose.jpg?strip=all","width":1920,"height":1920},{"@type":"BreadcrumbList","@id":"https:\/\/tripdouble.com\/es\/produit\/voyage-nba-chicago-milwaukee-20-27-janvier-2026\/#breadcrumb","itemListElement":[{"@type":"ListItem","position":1,"name":"Inicio","item":"https:\/\/tripdouble.com\/es\/"},{"@type":"ListItem","position":2,"name":"Voyage NBA \u2013 Chicago &#038; Milwaukee 20\u201327 janvier 2026"}]},{"@type":"WebSite","@id":"https:\/\/tripdouble.com\/es\/#website","url":"https:\/\/tripdouble.com\/es\/","name":"Trip Double","description":"voyages NBA made by Basket-Infos","publisher":{"@id":"https:\/\/tripdouble.com\/es\/#organization"},"potentialAction":[{"@type":"SearchAction","target":{"@type":"EntryPoint","urlTemplate":"https:\/\/tripdouble.com\/es\/?s={search_term_string}"},"query-input":{"@type":"PropertyValueSpecification","valueRequired":true,"valueName":"search_term_string"}}],"inLanguage":"es"},{"@type":"Organization","@id":"https:\/\/tripdouble.com\/es\/#organization","name":"Trip Double","url":"https:\/\/tripdouble.com\/es\/","logo":{"@type":"ImageObject","inLanguage":"es","@id":"https:\/\/tripdouble.com\/es\/#\/schema\/logo\/image\/","url":"https:\/\/ewnqp79wvj7.exactdn.com\/wp-content\/uploads\/2019\/08\/LOGO-250p-TRIP-DOUBLE-HORIZONTAL-5-1.png?strip=all&lossy=1&ssl=1","contentUrl":"https:\/\/ewnqp79wvj7.exactdn.com\/wp-content\/uploads\/2019\/08\/LOGO-250p-TRIP-DOUBLE-HORIZONTAL-5-1.png?strip=all&lossy=1&ssl=1","width":250,"height":241,"caption":"Trip Double"},"image":{"@id":"https:\/\/tripdouble.com\/es\/#\/schema\/logo\/image\/"},"sameAs":["https:\/\/www.facebook.com\/TripDouble-108395037170318","https:\/\/x.com\/tripdoubleusa","https:\/\/www.instagram.com\/trip_double\/","https:\/\/www.tiktok.com\/@tripdouble?lang=fr","https:\/\/www.youtube.com\/@trip_double"]}]}},"_links":{"self":[{"href":"https:\/\/tripdouble.com\/es\/wp-json\/wp\/v2\/product\/56340","targetHints":{"allow":["GET"]}}],"collection":[{"href":"https:\/\/tripdouble.com\/es\/wp-json\/wp\/v2\/product"}],"about":[{"href":"https:\/\/tripdouble.com\/es\/wp-json\/wp\/v2\/types\/product"}],"wp:featuredmedia":[{"embeddable":true,"href":"https:\/\/tripdouble.com\/es\/wp-json\/wp\/v2\/media\/56039"}],"wp:attachment":[{"href":"https:\/\/tripdouble.com\/es\/wp-json\/wp\/v2\/media?parent=56340"}],"wp:term":[{"taxonomy":"product_brand","embeddable":true,"href":"https:\/\/tripdouble.com\/es\/wp-json\/wp\/v2\/product_brand?post=56340"},{"taxonomy":"product_cat","embeddable":true,"href":"https:\/\/tripdouble.com\/es\/wp-json\/wp\/v2\/product_cat?post=56340"},{"taxonomy":"product_tag","embeddable":true,"href":"https:\/\/tripdouble.com\/es\/wp-json\/wp\/v2\/product_tag?post=56340"}],"curies":[{"name":"wp","href":"https:\/\/api.w.org\/{rel}","templated":true}]}}