
{"id":56096,"date":"2025-09-15T18:53:15","date_gmt":"2025-09-15T16:53:15","guid":{"rendered":"https:\/\/tripdouble.com\/?post_type=product&#038;p=56096"},"modified":"2026-02-01T16:03:13","modified_gmt":"2026-02-01T14:03:13","slug":"voyage-nba-new-york-8-15-fevrier-2026","status":"publish","type":"product","link":"https:\/\/tripdouble.com\/es\/produit\/voyage-nba-new-york-8-15-fevrier-2026\/","title":{"rendered":"Voyage NBA \u2013 New York 8\u201315 f\u00e9vrier 2026"},"content":{"rendered":"<p>S\u00e9jour du <b>8 au 15 f\u00e9vrier 2026<\/b> \u00e0 New York. H\u00f4tel 4\u2605 Times Square South, vols A\/R, 3 matchs NBA (formule <b>Compl\u00e8te<\/b>) ou 1 match Knicks\u2013Pacers (formule <b>D\u00e9couverte<\/b>). Fan experiences en cours de confirmation, journ\u00e9e basket (visite MSG, \u201320% NBA Store, playground Brooklyn). Options d\u2019upgrade possibles selon allocations des franchises.<\/p>\n","protected":false},"excerpt":{"rendered":"<p style=\"color: #54595f; font-size: 17px; font-family: Lato, sans-serif !important; background-color: #ffffff;\">\u2139\ufe0f Si vous souhaitez un \u00e9ventuel regroupement pour un prix encore plus bas, contactez nous sur contact@tripdouble.com ou au 06 33 06 80 43<\/p>\n<p style=\"color: #54595f; font-size: 17px; font-family: Lato, sans-serif !important; background-color: #ffffff;\">\u203c\ufe0f Si vous avez d\u00e9j\u00e0 valid\u00e9 un regroupement avec amis\/famille ou organis\u00e9 via Trip Double, s\u00e9lectionnez une des options 1 personne en chambre double\/triple\/quadruple (il faudra renseigner l&#8217;identit\u00e9 des personnes avec qui vous partagez la chambre). N&#8217;utilisez pas cette option si un regroupement n&#8217;a pas \u00e9t\u00e9 valid\u00e9.<\/p>\n<p>\ud83d\udd03 Si vous souhaitez mixer formule d\u00e9couverte + compl\u00e8te, contactez-nous.<\/p>\n<div style=\"text-align: center; margin: 30px 0;\"><a style=\"display: inline-flex; align-items: center; justify-content: center; gap: 6px; background-color: #006fd8; color: #fff; padding: 14px 28px; border-radius: 16px; font-weight: bold; font-size: 16px; text-decoration: none; line-height: 1; transition: background-color 0.3s ease, transform 0.2s ease;\" href=\"https:\/\/tripdouble.com\/itinerary\/voyage-new-york-zone-a\/\" target=\"_blank\" rel=\"noopener noreferrer\"><br \/>\n\ud83d\uddfd Tous les d\u00e9tails du voyage<br \/>\n<\/a><\/div>\n","protected":false},"featured_media":17933,"template":"","meta":{"_acf_changed":false},"product_brand":[],"product_cat":[327],"product_tag":[],"class_list":{"0":"post-56096","1":"product","2":"type-product","3":"status-publish","4":"has-post-thumbnail","6":"product_cat-newyork","8":"first","9":"instock","10":"sold-individually","11":"shipping-taxable","12":"purchasable","13":"product-type-variable"},"acf":[],"yoast_head":"<!-- This site is optimized with the Yoast SEO plugin v27.1.1 - https:\/\/yoast.com\/product\/yoast-seo-wordpress\/ -->\n<title>Voyage NBA \u2013 New York 8\u201315 f\u00e9vrier 2026 | Formule D\u00e9couverte (1 match) ou Compl\u00e8te (3 matchs)<\/title>\n<meta name=\"description\" content=\"New York 8\u201315 f\u00e9vrier 2026 : h\u00f4tel 4\u2605 Times Square, formules D\u00e9couverte (1 match Knicks\u2013Pacers) ou Compl\u00e8te (3 matchs : Nets\u2013Bulls, Knicks\u2013Pacers, Sixers\u2013Knicks). Packs 1 \u00e0 8 pers., accompagnement Trip Double.\" \/>\n<meta name=\"robots\" content=\"index, follow, max-snippet:-1, max-image-preview:large, max-video-preview:-1\" \/>\n<link rel=\"canonical\" href=\"https:\/\/tripdouble.com\/es\/produit\/voyage-nba-new-york-8-15-fevrier-2026\/\" \/>\n<meta property=\"og:locale\" content=\"es_ES\" \/>\n<meta property=\"og:type\" content=\"article\" \/>\n<meta property=\"og:title\" content=\"Voyage NBA \u2013 New York 8\u201315 f\u00e9vrier 2026 | Formule D\u00e9couverte (1 match) ou Compl\u00e8te (3 matchs)\" \/>\n<meta property=\"og:description\" content=\"New York 8\u201315 f\u00e9vrier 2026 : h\u00f4tel 4\u2605 Times Square, formules D\u00e9couverte (1 match Knicks\u2013Pacers) ou Compl\u00e8te (3 matchs : Nets\u2013Bulls, Knicks\u2013Pacers, Sixers\u2013Knicks). Packs 1 \u00e0 8 pers., accompagnement Trip Double.\" \/>\n<meta property=\"og:url\" content=\"https:\/\/tripdouble.com\/es\/produit\/voyage-nba-new-york-8-15-fevrier-2026\/\" \/>\n<meta property=\"og:site_name\" content=\"Trip Double\" \/>\n<meta property=\"article:publisher\" content=\"https:\/\/www.facebook.com\/TripDouble-108395037170318\" \/>\n<meta property=\"article:modified_time\" content=\"2026-02-01T14:03:13+00:00\" \/>\n<meta property=\"og:image\" content=\"https:\/\/tripdouble.com\/wp-content\/uploads\/2023\/09\/Empire-State-Building-New-york-soleil.webp\" \/>\n\t<meta property=\"og:image:width\" content=\"1024\" \/>\n\t<meta property=\"og:image:height\" content=\"752\" \/>\n\t<meta property=\"og:image:type\" content=\"image\/webp\" \/>\n<meta name=\"twitter:card\" content=\"summary_large_image\" \/>\n<meta name=\"twitter:site\" content=\"@tripdoubleusa\" \/>\n<meta name=\"twitter:label1\" content=\"Tiempo de lectura\" \/>\n\t<meta name=\"twitter:data1\" content=\"1 minuto\" \/>\n<script type=\"application\/ld+json\" class=\"yoast-schema-graph\">{\"@context\":\"https:\/\/schema.org\",\"@graph\":[{\"@type\":\"WebPage\",\"@id\":\"https:\/\/tripdouble.com\/es\/produit\/voyage-nba-new-york-8-15-fevrier-2026\/\",\"url\":\"https:\/\/tripdouble.com\/es\/produit\/voyage-nba-new-york-8-15-fevrier-2026\/\",\"name\":\"Voyage NBA \u2013 New York 8\u201315 f\u00e9vrier 2026 | Formule D\u00e9couverte (1 match) ou Compl\u00e8te (3 matchs)\",\"isPartOf\":{\"@id\":\"https:\/\/tripdouble.com\/es\/#website\"},\"primaryImageOfPage\":{\"@id\":\"https:\/\/tripdouble.com\/es\/produit\/voyage-nba-new-york-8-15-fevrier-2026\/#primaryimage\"},\"image\":{\"@id\":\"https:\/\/tripdouble.com\/es\/produit\/voyage-nba-new-york-8-15-fevrier-2026\/#primaryimage\"},\"thumbnailUrl\":\"https:\/\/ewnqp79wvj7.exactdn.com\/wp-content\/uploads\/2023\/09\/Empire-State-Building-New-york-soleil.webp?strip=all\",\"datePublished\":\"2025-09-15T16:53:15+00:00\",\"dateModified\":\"2026-02-01T14:03:13+00:00\",\"description\":\"New York 8\u201315 f\u00e9vrier 2026 : h\u00f4tel 4\u2605 Times Square, formules D\u00e9couverte (1 match Knicks\u2013Pacers) ou Compl\u00e8te (3 matchs : Nets\u2013Bulls, Knicks\u2013Pacers, Sixers\u2013Knicks). Packs 1 \u00e0 8 pers., accompagnement Trip Double.\",\"breadcrumb\":{\"@id\":\"https:\/\/tripdouble.com\/es\/produit\/voyage-nba-new-york-8-15-fevrier-2026\/#breadcrumb\"},\"inLanguage\":\"es\",\"potentialAction\":[{\"@type\":\"ReadAction\",\"target\":[\"https:\/\/tripdouble.com\/es\/produit\/voyage-nba-new-york-8-15-fevrier-2026\/\"]}]},{\"@type\":\"ImageObject\",\"inLanguage\":\"es\",\"@id\":\"https:\/\/tripdouble.com\/es\/produit\/voyage-nba-new-york-8-15-fevrier-2026\/#primaryimage\",\"url\":\"https:\/\/ewnqp79wvj7.exactdn.com\/wp-content\/uploads\/2023\/09\/Empire-State-Building-New-york-soleil.webp?strip=all\",\"contentUrl\":\"https:\/\/ewnqp79wvj7.exactdn.com\/wp-content\/uploads\/2023\/09\/Empire-State-Building-New-york-soleil.webp?strip=all\",\"width\":1024,\"height\":752},{\"@type\":\"BreadcrumbList\",\"@id\":\"https:\/\/tripdouble.com\/es\/produit\/voyage-nba-new-york-8-15-fevrier-2026\/#breadcrumb\",\"itemListElement\":[{\"@type\":\"ListItem\",\"position\":1,\"name\":\"Inicio\",\"item\":\"https:\/\/tripdouble.com\/es\/\"},{\"@type\":\"ListItem\",\"position\":2,\"name\":\"Voyage NBA \u2013 New York 8\u201315 f\u00e9vrier 2026\"}]},{\"@type\":\"WebSite\",\"@id\":\"https:\/\/tripdouble.com\/es\/#website\",\"url\":\"https:\/\/tripdouble.com\/es\/\",\"name\":\"Trip Double\",\"description\":\"voyages NBA made by Basket-Infos\",\"publisher\":{\"@id\":\"https:\/\/tripdouble.com\/es\/#organization\"},\"potentialAction\":[{\"@type\":\"SearchAction\",\"target\":{\"@type\":\"EntryPoint\",\"urlTemplate\":\"https:\/\/tripdouble.com\/es\/?s={search_term_string}\"},\"query-input\":{\"@type\":\"PropertyValueSpecification\",\"valueRequired\":true,\"valueName\":\"search_term_string\"}}],\"inLanguage\":\"es\"},{\"@type\":\"Organization\",\"@id\":\"https:\/\/tripdouble.com\/es\/#organization\",\"name\":\"Trip Double\",\"url\":\"https:\/\/tripdouble.com\/es\/\",\"logo\":{\"@type\":\"ImageObject\",\"inLanguage\":\"es\",\"@id\":\"https:\/\/tripdouble.com\/es\/#\/schema\/logo\/image\/\",\"url\":\"https:\/\/ewnqp79wvj7.exactdn.com\/wp-content\/uploads\/2019\/08\/LOGO-250p-TRIP-DOUBLE-HORIZONTAL-5-1.png?strip=all&lossy=1&ssl=1\",\"contentUrl\":\"https:\/\/ewnqp79wvj7.exactdn.com\/wp-content\/uploads\/2019\/08\/LOGO-250p-TRIP-DOUBLE-HORIZONTAL-5-1.png?strip=all&lossy=1&ssl=1\",\"width\":250,\"height\":241,\"caption\":\"Trip Double\"},\"image\":{\"@id\":\"https:\/\/tripdouble.com\/es\/#\/schema\/logo\/image\/\"},\"sameAs\":[\"https:\/\/www.facebook.com\/TripDouble-108395037170318\",\"https:\/\/x.com\/tripdoubleusa\",\"https:\/\/www.instagram.com\/trip_double\/\",\"https:\/\/www.tiktok.com\/@tripdouble?lang=fr\",\"https:\/\/www.youtube.com\/@trip_double\"]}]}<\/script>\n<!-- \/ Yoast SEO plugin. -->","yoast_head_json":{"title":"Voyage NBA \u2013 New York 8\u201315 f\u00e9vrier 2026 | Formule D\u00e9couverte (1 match) ou Compl\u00e8te (3 matchs)","description":"New York 8\u201315 f\u00e9vrier 2026 : h\u00f4tel 4\u2605 Times Square, formules D\u00e9couverte (1 match Knicks\u2013Pacers) ou Compl\u00e8te (3 matchs : Nets\u2013Bulls, Knicks\u2013Pacers, Sixers\u2013Knicks). Packs 1 \u00e0 8 pers., accompagnement Trip Double.","robots":{"index":"index","follow":"follow","max-snippet":"max-snippet:-1","max-image-preview":"max-image-preview:large","max-video-preview":"max-video-preview:-1"},"canonical":"https:\/\/tripdouble.com\/es\/produit\/voyage-nba-new-york-8-15-fevrier-2026\/","og_locale":"es_ES","og_type":"article","og_title":"Voyage NBA \u2013 New York 8\u201315 f\u00e9vrier 2026 | Formule D\u00e9couverte (1 match) ou Compl\u00e8te (3 matchs)","og_description":"New York 8\u201315 f\u00e9vrier 2026 : h\u00f4tel 4\u2605 Times Square, formules D\u00e9couverte (1 match Knicks\u2013Pacers) ou Compl\u00e8te (3 matchs : Nets\u2013Bulls, Knicks\u2013Pacers, Sixers\u2013Knicks). Packs 1 \u00e0 8 pers., accompagnement Trip Double.","og_url":"https:\/\/tripdouble.com\/es\/produit\/voyage-nba-new-york-8-15-fevrier-2026\/","og_site_name":"Trip Double","article_publisher":"https:\/\/www.facebook.com\/TripDouble-108395037170318","article_modified_time":"2026-02-01T14:03:13+00:00","og_image":[{"width":1024,"height":752,"url":"https:\/\/tripdouble.com\/wp-content\/uploads\/2023\/09\/Empire-State-Building-New-york-soleil.webp","type":"image\/webp"}],"twitter_card":"summary_large_image","twitter_site":"@tripdoubleusa","twitter_misc":{"Tiempo de lectura":"1 minuto"},"schema":{"@context":"https:\/\/schema.org","@graph":[{"@type":"WebPage","@id":"https:\/\/tripdouble.com\/es\/produit\/voyage-nba-new-york-8-15-fevrier-2026\/","url":"https:\/\/tripdouble.com\/es\/produit\/voyage-nba-new-york-8-15-fevrier-2026\/","name":"Voyage NBA \u2013 New York 8\u201315 f\u00e9vrier 2026 | Formule D\u00e9couverte (1 match) ou Compl\u00e8te (3 matchs)","isPartOf":{"@id":"https:\/\/tripdouble.com\/es\/#website"},"primaryImageOfPage":{"@id":"https:\/\/tripdouble.com\/es\/produit\/voyage-nba-new-york-8-15-fevrier-2026\/#primaryimage"},"image":{"@id":"https:\/\/tripdouble.com\/es\/produit\/voyage-nba-new-york-8-15-fevrier-2026\/#primaryimage"},"thumbnailUrl":"https:\/\/ewnqp79wvj7.exactdn.com\/wp-content\/uploads\/2023\/09\/Empire-State-Building-New-york-soleil.webp?strip=all","datePublished":"2025-09-15T16:53:15+00:00","dateModified":"2026-02-01T14:03:13+00:00","description":"New York 8\u201315 f\u00e9vrier 2026 : h\u00f4tel 4\u2605 Times Square, formules D\u00e9couverte (1 match Knicks\u2013Pacers) ou Compl\u00e8te (3 matchs : Nets\u2013Bulls, Knicks\u2013Pacers, Sixers\u2013Knicks). Packs 1 \u00e0 8 pers., accompagnement Trip Double.","breadcrumb":{"@id":"https:\/\/tripdouble.com\/es\/produit\/voyage-nba-new-york-8-15-fevrier-2026\/#breadcrumb"},"inLanguage":"es","potentialAction":[{"@type":"ReadAction","target":["https:\/\/tripdouble.com\/es\/produit\/voyage-nba-new-york-8-15-fevrier-2026\/"]}]},{"@type":"ImageObject","inLanguage":"es","@id":"https:\/\/tripdouble.com\/es\/produit\/voyage-nba-new-york-8-15-fevrier-2026\/#primaryimage","url":"https:\/\/ewnqp79wvj7.exactdn.com\/wp-content\/uploads\/2023\/09\/Empire-State-Building-New-york-soleil.webp?strip=all","contentUrl":"https:\/\/ewnqp79wvj7.exactdn.com\/wp-content\/uploads\/2023\/09\/Empire-State-Building-New-york-soleil.webp?strip=all","width":1024,"height":752},{"@type":"BreadcrumbList","@id":"https:\/\/tripdouble.com\/es\/produit\/voyage-nba-new-york-8-15-fevrier-2026\/#breadcrumb","itemListElement":[{"@type":"ListItem","position":1,"name":"Inicio","item":"https:\/\/tripdouble.com\/es\/"},{"@type":"ListItem","position":2,"name":"Voyage NBA \u2013 New York 8\u201315 f\u00e9vrier 2026"}]},{"@type":"WebSite","@id":"https:\/\/tripdouble.com\/es\/#website","url":"https:\/\/tripdouble.com\/es\/","name":"Trip Double","description":"voyages NBA made by Basket-Infos","publisher":{"@id":"https:\/\/tripdouble.com\/es\/#organization"},"potentialAction":[{"@type":"SearchAction","target":{"@type":"EntryPoint","urlTemplate":"https:\/\/tripdouble.com\/es\/?s={search_term_string}"},"query-input":{"@type":"PropertyValueSpecification","valueRequired":true,"valueName":"search_term_string"}}],"inLanguage":"es"},{"@type":"Organization","@id":"https:\/\/tripdouble.com\/es\/#organization","name":"Trip Double","url":"https:\/\/tripdouble.com\/es\/","logo":{"@type":"ImageObject","inLanguage":"es","@id":"https:\/\/tripdouble.com\/es\/#\/schema\/logo\/image\/","url":"https:\/\/ewnqp79wvj7.exactdn.com\/wp-content\/uploads\/2019\/08\/LOGO-250p-TRIP-DOUBLE-HORIZONTAL-5-1.png?strip=all&lossy=1&ssl=1","contentUrl":"https:\/\/ewnqp79wvj7.exactdn.com\/wp-content\/uploads\/2019\/08\/LOGO-250p-TRIP-DOUBLE-HORIZONTAL-5-1.png?strip=all&lossy=1&ssl=1","width":250,"height":241,"caption":"Trip Double"},"image":{"@id":"https:\/\/tripdouble.com\/es\/#\/schema\/logo\/image\/"},"sameAs":["https:\/\/www.facebook.com\/TripDouble-108395037170318","https:\/\/x.com\/tripdoubleusa","https:\/\/www.instagram.com\/trip_double\/","https:\/\/www.tiktok.com\/@tripdouble?lang=fr","https:\/\/www.youtube.com\/@trip_double"]}]}},"_links":{"self":[{"href":"https:\/\/tripdouble.com\/es\/wp-json\/wp\/v2\/product\/56096","targetHints":{"allow":["GET"]}}],"collection":[{"href":"https:\/\/tripdouble.com\/es\/wp-json\/wp\/v2\/product"}],"about":[{"href":"https:\/\/tripdouble.com\/es\/wp-json\/wp\/v2\/types\/product"}],"wp:featuredmedia":[{"embeddable":true,"href":"https:\/\/tripdouble.com\/es\/wp-json\/wp\/v2\/media\/17933"}],"wp:attachment":[{"href":"https:\/\/tripdouble.com\/es\/wp-json\/wp\/v2\/media?parent=56096"}],"wp:term":[{"taxonomy":"product_brand","embeddable":true,"href":"https:\/\/tripdouble.com\/es\/wp-json\/wp\/v2\/product_brand?post=56096"},{"taxonomy":"product_cat","embeddable":true,"href":"https:\/\/tripdouble.com\/es\/wp-json\/wp\/v2\/product_cat?post=56096"},{"taxonomy":"product_tag","embeddable":true,"href":"https:\/\/tripdouble.com\/es\/wp-json\/wp\/v2\/product_tag?post=56096"}],"curies":[{"name":"wp","href":"https:\/\/api.w.org\/{rel}","templated":true}]}}