
{"id":52167,"date":"2025-08-27T15:55:30","date_gmt":"2025-08-27T13:55:30","guid":{"rendered":"https:\/\/tripdouble.com\/?post_type=product&#038;p=52167"},"modified":"2025-12-09T17:57:47","modified_gmt":"2025-12-09T15:57:47","slug":"billets-nets-warriors-29-12-2025-barclays","status":"publish","type":"product","link":"https:\/\/tripdouble.com\/es\/produit\/billets-nets-warriors-29-12-2025-barclays\/","title":{"rendered":"COMPLET &#8211; Brooklyn Nets \u2013 Golden State Warriors | 29\/12 \u00e0 19h30"},"content":{"rendered":"<h2>Billets Nets officiels \u2013 Barclays Center (29 d\u00e9cembre 2025)<\/h2>\n<p>Un duel attendu entre l\u2019Est et l\u2019Ouest : <strong>Brooklyn Nets<\/strong> vs <strong>Golden State Warriors<\/strong> le 29 d\u00e9cembre 2025 au Barclays Center.<\/p>\n<ul>\n<li>\u2705 Billets <strong>100 % officiels<\/strong> et garantis<\/li>\n<li>\u2705 E-tickets, paiement s\u00e9curis\u00e9<\/li>\n<li>\u2705 Support en fran\u00e7ais avant et pendant le match<\/li>\n<\/ul>\n<p>Nous assistons chaque saison \u00e0 plusieurs matchs au <a href=\"https:\/\/tripdouble.com\/match-brooklyn-nets-barclays-center\/\" target=\"_blank\" rel=\"noopener\">Barclays Center<\/a>, et l\u2019exp\u00e9rience vaut vraiment le d\u00e9tour. La salle est r\u00e9cente, bien pens\u00e9e pour le confort des spectateurs, et l\u2019on profite toujours d\u2019animations nombreuses et vari\u00e9es. L\u2019atmosph\u00e8re est plus feutr\u00e9e que celle du Madison Square Garden, mais assister \u00e0 un match des Nets reste une excellente opportunit\u00e9 pour voir la NBA \u00e0 New York, souvent \u00e0 des tarifs plus abordables que chez leurs voisins.<br \/>\nCette ann\u00e9e, les <strong>Nets<\/strong> ouvrent un nouveau chapitre avec <strong>Michael Porter Jr.<\/strong> et le jeune Fran\u00e7ais <strong>Nolan Traor\u00e9<\/strong>. En face, les <strong>Warriors<\/strong> d\u00e9barquent \u00e0 Brooklyn men\u00e9s par l\u2019incontournable <strong>Stephen Curry<\/strong>, garantissant l\u2019une des affiches phares de la saison.<\/p>\n<h3>Infos pratiques<\/h3>\n<ul>\n<li><strong>Date\/heure :<\/strong> 29 d\u00e9cembre 2025 \u2013 19h30<\/li>\n<li><strong>Lieu :<\/strong> Barclays Center, Brooklyn (m\u00e9tro Atlantic Av \u2013 Barclays Ctr)<\/li>\n<li><strong>Stars attendues :<\/strong> Michael Porter Jr., Cam Thomas &amp; Nolan Traor\u00e9 (Nets) face \u00e0 Stephen Curry, Jimmy Butler &amp; Draymond Green (Warriors).<\/li>\n<\/ul>\n<p>\ud83d\udc49 Pr\u00e9parez votre s\u00e9jour NBA \u00e0 New York avec nos guides :<\/p>\n<ul>\n<li><a href=\"https:\/\/tripdouble.com\/match-brooklyn-nets-barclays-center\/\" target=\"_blank\" rel=\"noopener\">Voir un match des Nets au Barclays Center<\/a><\/li>\n<li><a href=\"https:\/\/tripdouble.com\/que-faire-a-new-york\/\" target=\"_blank\" rel=\"noopener\">Que faire \u00e0 New York ?<\/a><\/li>\n<li><a href=\"https:\/\/tripdouble.com\/sejours-basket-us\/\" target=\"_blank\" rel=\"noopener\">Nos voyages NBA \u00e0 New York<\/a><\/li>\n<\/ul>\n","protected":false},"excerpt":{"rendered":"<p>Billets Nets officiels \u2013 Barclays Center (29 d\u00e9cembre 2025) Un duel attendu entre l\u2019Est et l\u2019Ouest : Brooklyn Nets vs Golden State Warriors le 29&hellip;<\/p>\n","protected":false},"featured_media":25434,"template":"","meta":{"_acf_changed":false},"product_brand":[],"product_cat":[334],"product_tag":[],"class_list":{"0":"post-52167","1":"product","2":"type-product","3":"status-publish","4":"has-post-thumbnail","6":"product_cat-fan","8":"first","9":"outofstock","10":"shipping-taxable","11":"purchasable","12":"product-type-variable"},"acf":[],"yoast_head":"<!-- This site is optimized with the Yoast SEO plugin v27.1.1 - https:\/\/yoast.com\/product\/yoast-seo-wordpress\/ -->\n<title>Billets Nets \u2013 Warriors | Brooklyn 29 d\u00e9c. 2025<\/title>\n<meta name=\"description\" content=\"R\u00e9servez vos billets Nets \u2013 Warriors le 29 d\u00e9cembre 2025 au Barclays Center. Billets NBA officiels, e-tickets et paiement s\u00e9curis\u00e9.\" \/>\n<meta name=\"robots\" content=\"index, follow, max-snippet:-1, max-image-preview:large, max-video-preview:-1\" \/>\n<link rel=\"canonical\" href=\"https:\/\/tripdouble.com\/es\/produit\/billets-nets-warriors-29-12-2025-barclays\/\" \/>\n<meta property=\"og:locale\" content=\"es_ES\" \/>\n<meta property=\"og:type\" content=\"article\" \/>\n<meta property=\"og:title\" content=\"Billets Nets \u2013 Warriors | Brooklyn 29 d\u00e9c. 2025\" \/>\n<meta property=\"og:description\" content=\"R\u00e9servez vos billets Nets \u2013 Warriors le 29 d\u00e9cembre 2025 au Barclays Center. Billets NBA officiels, e-tickets et paiement s\u00e9curis\u00e9.\" \/>\n<meta property=\"og:url\" content=\"https:\/\/tripdouble.com\/es\/produit\/billets-nets-warriors-29-12-2025-barclays\/\" \/>\n<meta property=\"og:site_name\" content=\"Trip Double\" \/>\n<meta property=\"article:publisher\" content=\"https:\/\/www.facebook.com\/TripDouble-108395037170318\" \/>\n<meta property=\"article:modified_time\" content=\"2025-12-09T15:57:47+00:00\" \/>\n<meta property=\"og:image\" content=\"https:\/\/tripdouble.com\/wp-content\/uploads\/2024\/09\/WARRIORS-@-NETS.jpg\" \/>\n\t<meta property=\"og:image:width\" content=\"384\" \/>\n\t<meta property=\"og:image:height\" content=\"216\" \/>\n\t<meta property=\"og:image:type\" content=\"image\/jpeg\" \/>\n<meta name=\"twitter:card\" content=\"summary_large_image\" \/>\n<meta name=\"twitter:site\" content=\"@tripdoubleusa\" \/>\n<meta name=\"twitter:label1\" content=\"Tiempo de lectura\" \/>\n\t<meta name=\"twitter:data1\" content=\"2 minuto\" \/>\n<script type=\"application\/ld+json\" class=\"yoast-schema-graph\">{\"@context\":\"https:\/\/schema.org\",\"@graph\":[{\"@type\":\"WebPage\",\"@id\":\"https:\/\/tripdouble.com\/es\/produit\/billets-nets-warriors-29-12-2025-barclays\/\",\"url\":\"https:\/\/tripdouble.com\/es\/produit\/billets-nets-warriors-29-12-2025-barclays\/\",\"name\":\"Billets Nets \u2013 Warriors | Brooklyn 29 d\u00e9c. 2025\",\"isPartOf\":{\"@id\":\"https:\/\/tripdouble.com\/es\/#website\"},\"primaryImageOfPage\":{\"@id\":\"https:\/\/tripdouble.com\/es\/produit\/billets-nets-warriors-29-12-2025-barclays\/#primaryimage\"},\"image\":{\"@id\":\"https:\/\/tripdouble.com\/es\/produit\/billets-nets-warriors-29-12-2025-barclays\/#primaryimage\"},\"thumbnailUrl\":\"https:\/\/ewnqp79wvj7.exactdn.com\/wp-content\/uploads\/2024\/09\/WARRIORS-@-NETS.jpg?strip=all\",\"datePublished\":\"2025-08-27T13:55:30+00:00\",\"dateModified\":\"2025-12-09T15:57:47+00:00\",\"description\":\"R\u00e9servez vos billets Nets \u2013 Warriors le 29 d\u00e9cembre 2025 au Barclays Center. Billets NBA officiels, e-tickets et paiement s\u00e9curis\u00e9.\",\"breadcrumb\":{\"@id\":\"https:\/\/tripdouble.com\/es\/produit\/billets-nets-warriors-29-12-2025-barclays\/#breadcrumb\"},\"inLanguage\":\"es\",\"potentialAction\":[{\"@type\":\"ReadAction\",\"target\":[\"https:\/\/tripdouble.com\/es\/produit\/billets-nets-warriors-29-12-2025-barclays\/\"]}]},{\"@type\":\"ImageObject\",\"inLanguage\":\"es\",\"@id\":\"https:\/\/tripdouble.com\/es\/produit\/billets-nets-warriors-29-12-2025-barclays\/#primaryimage\",\"url\":\"https:\/\/ewnqp79wvj7.exactdn.com\/wp-content\/uploads\/2024\/09\/WARRIORS-@-NETS.jpg?strip=all\",\"contentUrl\":\"https:\/\/ewnqp79wvj7.exactdn.com\/wp-content\/uploads\/2024\/09\/WARRIORS-@-NETS.jpg?strip=all\",\"width\":384,\"height\":216,\"caption\":\"Nets \u2013 Warriors, 29 d\u00e9cembre 2025, Barclays Center\"},{\"@type\":\"BreadcrumbList\",\"@id\":\"https:\/\/tripdouble.com\/es\/produit\/billets-nets-warriors-29-12-2025-barclays\/#breadcrumb\",\"itemListElement\":[{\"@type\":\"ListItem\",\"position\":1,\"name\":\"Inicio\",\"item\":\"https:\/\/tripdouble.com\/es\/\"},{\"@type\":\"ListItem\",\"position\":2,\"name\":\"COMPLET &#8211; Brooklyn Nets \u2013 Golden State Warriors | 29\/12 \u00e0 19h30\"}]},{\"@type\":\"WebSite\",\"@id\":\"https:\/\/tripdouble.com\/es\/#website\",\"url\":\"https:\/\/tripdouble.com\/es\/\",\"name\":\"Trip Double\",\"description\":\"voyages NBA made by Basket-Infos\",\"publisher\":{\"@id\":\"https:\/\/tripdouble.com\/es\/#organization\"},\"potentialAction\":[{\"@type\":\"SearchAction\",\"target\":{\"@type\":\"EntryPoint\",\"urlTemplate\":\"https:\/\/tripdouble.com\/es\/?s={search_term_string}\"},\"query-input\":{\"@type\":\"PropertyValueSpecification\",\"valueRequired\":true,\"valueName\":\"search_term_string\"}}],\"inLanguage\":\"es\"},{\"@type\":\"Organization\",\"@id\":\"https:\/\/tripdouble.com\/es\/#organization\",\"name\":\"Trip Double\",\"url\":\"https:\/\/tripdouble.com\/es\/\",\"logo\":{\"@type\":\"ImageObject\",\"inLanguage\":\"es\",\"@id\":\"https:\/\/tripdouble.com\/es\/#\/schema\/logo\/image\/\",\"url\":\"https:\/\/ewnqp79wvj7.exactdn.com\/wp-content\/uploads\/2019\/08\/LOGO-250p-TRIP-DOUBLE-HORIZONTAL-5-1.png?strip=all&lossy=1&ssl=1\",\"contentUrl\":\"https:\/\/ewnqp79wvj7.exactdn.com\/wp-content\/uploads\/2019\/08\/LOGO-250p-TRIP-DOUBLE-HORIZONTAL-5-1.png?strip=all&lossy=1&ssl=1\",\"width\":250,\"height\":241,\"caption\":\"Trip Double\"},\"image\":{\"@id\":\"https:\/\/tripdouble.com\/es\/#\/schema\/logo\/image\/\"},\"sameAs\":[\"https:\/\/www.facebook.com\/TripDouble-108395037170318\",\"https:\/\/x.com\/tripdoubleusa\",\"https:\/\/www.instagram.com\/trip_double\/\",\"https:\/\/www.tiktok.com\/@tripdouble?lang=fr\",\"https:\/\/www.youtube.com\/@trip_double\"]}]}<\/script>\n<!-- \/ Yoast SEO plugin. -->","yoast_head_json":{"title":"Billets Nets \u2013 Warriors | Brooklyn 29 d\u00e9c. 2025","description":"R\u00e9servez vos billets Nets \u2013 Warriors le 29 d\u00e9cembre 2025 au Barclays Center. Billets NBA officiels, e-tickets et paiement s\u00e9curis\u00e9.","robots":{"index":"index","follow":"follow","max-snippet":"max-snippet:-1","max-image-preview":"max-image-preview:large","max-video-preview":"max-video-preview:-1"},"canonical":"https:\/\/tripdouble.com\/es\/produit\/billets-nets-warriors-29-12-2025-barclays\/","og_locale":"es_ES","og_type":"article","og_title":"Billets Nets \u2013 Warriors | Brooklyn 29 d\u00e9c. 2025","og_description":"R\u00e9servez vos billets Nets \u2013 Warriors le 29 d\u00e9cembre 2025 au Barclays Center. Billets NBA officiels, e-tickets et paiement s\u00e9curis\u00e9.","og_url":"https:\/\/tripdouble.com\/es\/produit\/billets-nets-warriors-29-12-2025-barclays\/","og_site_name":"Trip Double","article_publisher":"https:\/\/www.facebook.com\/TripDouble-108395037170318","article_modified_time":"2025-12-09T15:57:47+00:00","og_image":[{"width":384,"height":216,"url":"https:\/\/tripdouble.com\/wp-content\/uploads\/2024\/09\/WARRIORS-@-NETS.jpg","type":"image\/jpeg"}],"twitter_card":"summary_large_image","twitter_site":"@tripdoubleusa","twitter_misc":{"Tiempo de lectura":"2 minuto"},"schema":{"@context":"https:\/\/schema.org","@graph":[{"@type":"WebPage","@id":"https:\/\/tripdouble.com\/es\/produit\/billets-nets-warriors-29-12-2025-barclays\/","url":"https:\/\/tripdouble.com\/es\/produit\/billets-nets-warriors-29-12-2025-barclays\/","name":"Billets Nets \u2013 Warriors | Brooklyn 29 d\u00e9c. 2025","isPartOf":{"@id":"https:\/\/tripdouble.com\/es\/#website"},"primaryImageOfPage":{"@id":"https:\/\/tripdouble.com\/es\/produit\/billets-nets-warriors-29-12-2025-barclays\/#primaryimage"},"image":{"@id":"https:\/\/tripdouble.com\/es\/produit\/billets-nets-warriors-29-12-2025-barclays\/#primaryimage"},"thumbnailUrl":"https:\/\/ewnqp79wvj7.exactdn.com\/wp-content\/uploads\/2024\/09\/WARRIORS-@-NETS.jpg?strip=all","datePublished":"2025-08-27T13:55:30+00:00","dateModified":"2025-12-09T15:57:47+00:00","description":"R\u00e9servez vos billets Nets \u2013 Warriors le 29 d\u00e9cembre 2025 au Barclays Center. Billets NBA officiels, e-tickets et paiement s\u00e9curis\u00e9.","breadcrumb":{"@id":"https:\/\/tripdouble.com\/es\/produit\/billets-nets-warriors-29-12-2025-barclays\/#breadcrumb"},"inLanguage":"es","potentialAction":[{"@type":"ReadAction","target":["https:\/\/tripdouble.com\/es\/produit\/billets-nets-warriors-29-12-2025-barclays\/"]}]},{"@type":"ImageObject","inLanguage":"es","@id":"https:\/\/tripdouble.com\/es\/produit\/billets-nets-warriors-29-12-2025-barclays\/#primaryimage","url":"https:\/\/ewnqp79wvj7.exactdn.com\/wp-content\/uploads\/2024\/09\/WARRIORS-@-NETS.jpg?strip=all","contentUrl":"https:\/\/ewnqp79wvj7.exactdn.com\/wp-content\/uploads\/2024\/09\/WARRIORS-@-NETS.jpg?strip=all","width":384,"height":216,"caption":"Nets \u2013 Warriors, 29 d\u00e9cembre 2025, Barclays Center"},{"@type":"BreadcrumbList","@id":"https:\/\/tripdouble.com\/es\/produit\/billets-nets-warriors-29-12-2025-barclays\/#breadcrumb","itemListElement":[{"@type":"ListItem","position":1,"name":"Inicio","item":"https:\/\/tripdouble.com\/es\/"},{"@type":"ListItem","position":2,"name":"COMPLET &#8211; Brooklyn Nets \u2013 Golden State Warriors | 29\/12 \u00e0 19h30"}]},{"@type":"WebSite","@id":"https:\/\/tripdouble.com\/es\/#website","url":"https:\/\/tripdouble.com\/es\/","name":"Trip Double","description":"voyages NBA made by Basket-Infos","publisher":{"@id":"https:\/\/tripdouble.com\/es\/#organization"},"potentialAction":[{"@type":"SearchAction","target":{"@type":"EntryPoint","urlTemplate":"https:\/\/tripdouble.com\/es\/?s={search_term_string}"},"query-input":{"@type":"PropertyValueSpecification","valueRequired":true,"valueName":"search_term_string"}}],"inLanguage":"es"},{"@type":"Organization","@id":"https:\/\/tripdouble.com\/es\/#organization","name":"Trip Double","url":"https:\/\/tripdouble.com\/es\/","logo":{"@type":"ImageObject","inLanguage":"es","@id":"https:\/\/tripdouble.com\/es\/#\/schema\/logo\/image\/","url":"https:\/\/ewnqp79wvj7.exactdn.com\/wp-content\/uploads\/2019\/08\/LOGO-250p-TRIP-DOUBLE-HORIZONTAL-5-1.png?strip=all&lossy=1&ssl=1","contentUrl":"https:\/\/ewnqp79wvj7.exactdn.com\/wp-content\/uploads\/2019\/08\/LOGO-250p-TRIP-DOUBLE-HORIZONTAL-5-1.png?strip=all&lossy=1&ssl=1","width":250,"height":241,"caption":"Trip Double"},"image":{"@id":"https:\/\/tripdouble.com\/es\/#\/schema\/logo\/image\/"},"sameAs":["https:\/\/www.facebook.com\/TripDouble-108395037170318","https:\/\/x.com\/tripdoubleusa","https:\/\/www.instagram.com\/trip_double\/","https:\/\/www.tiktok.com\/@tripdouble?lang=fr","https:\/\/www.youtube.com\/@trip_double"]}]}},"_links":{"self":[{"href":"https:\/\/tripdouble.com\/es\/wp-json\/wp\/v2\/product\/52167","targetHints":{"allow":["GET"]}}],"collection":[{"href":"https:\/\/tripdouble.com\/es\/wp-json\/wp\/v2\/product"}],"about":[{"href":"https:\/\/tripdouble.com\/es\/wp-json\/wp\/v2\/types\/product"}],"wp:featuredmedia":[{"embeddable":true,"href":"https:\/\/tripdouble.com\/es\/wp-json\/wp\/v2\/media\/25434"}],"wp:attachment":[{"href":"https:\/\/tripdouble.com\/es\/wp-json\/wp\/v2\/media?parent=52167"}],"wp:term":[{"taxonomy":"product_brand","embeddable":true,"href":"https:\/\/tripdouble.com\/es\/wp-json\/wp\/v2\/product_brand?post=52167"},{"taxonomy":"product_cat","embeddable":true,"href":"https:\/\/tripdouble.com\/es\/wp-json\/wp\/v2\/product_cat?post=52167"},{"taxonomy":"product_tag","embeddable":true,"href":"https:\/\/tripdouble.com\/es\/wp-json\/wp\/v2\/product_tag?post=52167"}],"curies":[{"name":"wp","href":"https:\/\/api.w.org\/{rel}","templated":true}]}}