
{"id":52056,"date":"2025-08-26T13:50:20","date_gmt":"2025-08-26T11:50:20","guid":{"rendered":"https:\/\/tripdouble.com\/?post_type=product&#038;p=52056"},"modified":"2025-12-05T23:16:27","modified_gmt":"2025-12-05T21:16:27","slug":"billets-knicks-hawks-02-01-2026-msg","status":"publish","type":"product","link":"https:\/\/tripdouble.com\/es\/produit\/billets-knicks-hawks-02-01-2026-msg\/","title":{"rendered":"COMPLET &#8211; New York Knicks \u2013 Atlanta Hawks | 02\/01 \u00e0 19h30"},"content":{"rendered":"<h2>Billets Knicks officiels \u2013 Madison Square Garden (2 janvier 2026)<\/h2>\n<p>Commencez l\u2019ann\u00e9e NBA en beaut\u00e9 avec <strong>New York Knicks<\/strong> vs <strong>Atlanta Hawks<\/strong> le 2 janvier 2026 au Madison Square Garden.<\/p>\n<ul>\n<li>\u2705 Billets <strong>100 % officiels<\/strong> et garantis<\/li>\n<li>\u2705 E-tickets, paiement s\u00e9curis\u00e9<\/li>\n<li>\u2705 Support en fran\u00e7ais avant et pendant le match<\/li>\n<\/ul>\n<p>On a d\u00e9j\u00e0 pu vivre l\u2019exp\u00e9rience d\u2019un d\u00e9but d\u2019ann\u00e9e au MSG : l\u2019ambiance est toujours \u00e9lectrique, entre show \u00e0 l\u2019am\u00e9ricaine et fans new-yorkais en feu. Ce match mettra aussi en avant les talents fran\u00e7ais avec <strong>Guerschon Yabusele<\/strong> c\u00f4t\u00e9 Knicks et <strong>Zaccharie Risacher<\/strong> c\u00f4t\u00e9 Hawks, dans sa deuxi\u00e8me saison NBA.<\/p>\n<h3>Infos pratiques<\/h3>\n<ul>\n<li><strong>Date\/heure :<\/strong> 2 janvier 2026 \u2013 19h30<\/li>\n<li><strong>Lieu :<\/strong> Madison Square Garden, New York (m\u00e9tro Penn Station)<\/li>\n<li><strong>Stars attendues :<\/strong> Jalen Brunson, Karl-Anthony Towns &amp; Mikal Bridges (Knicks) face \u00e0 Trae Young &amp; Zaccharie Risacher (Hawks).<\/li>\n<\/ul>\n<p>\ud83d\udc49 Pr\u00e9parez votre s\u00e9jour \u00e0 New York avec nos guides :<\/p>\n<ul>\n<li><a href=\"https:\/\/tripdouble.com\/new-york-un-match-des-knicks-au-madison-square-garden-lexperience-nba-ultime\/\" target=\"_blank\" rel=\"noopener\">Les Knicks au Madison Square Garden<\/a><\/li>\n<li><a href=\"https:\/\/tripdouble.com\/que-faire-a-new-york\/\" target=\"_blank\" rel=\"noopener\">Que faire \u00e0 New York ?<\/a><\/li>\n<li><a href=\"https:\/\/tripdouble.com\/sejours-basket-us\/\" target=\"_blank\" rel=\"noopener\">Nos voyages NBA \u00e0 New York<\/a><\/li>\n<\/ul>\n","protected":false},"excerpt":{"rendered":"<p>Billets Knicks officiels \u2013 Madison Square Garden (2 janvier 2026) Commencez l\u2019ann\u00e9e NBA en beaut\u00e9 avec New York Knicks vs Atlanta Hawks le 2 janvier&hellip;<\/p>\n","protected":false},"featured_media":25342,"template":"","meta":{"_acf_changed":false},"product_brand":[],"product_cat":[333],"product_tag":[],"class_list":{"0":"post-52056","1":"product","2":"type-product","3":"status-publish","4":"has-post-thumbnail","6":"product_cat-simple","8":"first","9":"outofstock","10":"shipping-taxable","11":"purchasable","12":"product-type-variable"},"acf":[],"yoast_head":"<!-- This site is optimized with the Yoast SEO plugin v27.1.1 - https:\/\/yoast.com\/product\/yoast-seo-wordpress\/ -->\n<title>Billets Knicks \u2013 Hawks | New York 2 janv. 2026<\/title>\n<meta name=\"description\" content=\"R\u00e9servez vos billets Knicks \u2013 Hawks le 2 janvier 2026 au Madison Square Garden. Billets NBA officiels, e-tickets et paiement s\u00e9curis\u00e9.\" \/>\n<meta name=\"robots\" content=\"index, follow, max-snippet:-1, max-image-preview:large, max-video-preview:-1\" \/>\n<link rel=\"canonical\" href=\"https:\/\/tripdouble.com\/es\/produit\/billets-knicks-hawks-02-01-2026-msg\/\" \/>\n<meta property=\"og:locale\" content=\"es_ES\" \/>\n<meta property=\"og:type\" content=\"article\" \/>\n<meta property=\"og:title\" content=\"Billets Knicks \u2013 Hawks | New York 2 janv. 2026\" \/>\n<meta property=\"og:description\" content=\"R\u00e9servez vos billets Knicks \u2013 Hawks le 2 janvier 2026 au Madison Square Garden. Billets NBA officiels, e-tickets et paiement s\u00e9curis\u00e9.\" \/>\n<meta property=\"og:url\" content=\"https:\/\/tripdouble.com\/es\/produit\/billets-knicks-hawks-02-01-2026-msg\/\" \/>\n<meta property=\"og:site_name\" content=\"Trip Double\" \/>\n<meta property=\"article:publisher\" content=\"https:\/\/www.facebook.com\/TripDouble-108395037170318\" \/>\n<meta property=\"article:modified_time\" content=\"2025-12-05T21:16:27+00:00\" \/>\n<meta property=\"og:image\" content=\"https:\/\/tripdouble.com\/wp-content\/uploads\/2024\/09\/HAWKS-@-KNICKS.jpg\" \/>\n\t<meta property=\"og:image:width\" content=\"384\" \/>\n\t<meta property=\"og:image:height\" content=\"216\" \/>\n\t<meta property=\"og:image:type\" content=\"image\/jpeg\" \/>\n<meta name=\"twitter:card\" content=\"summary_large_image\" \/>\n<meta name=\"twitter:site\" content=\"@tripdoubleusa\" \/>\n<meta name=\"twitter:label1\" content=\"Tiempo de lectura\" \/>\n\t<meta name=\"twitter:data1\" content=\"1 minuto\" \/>\n<script type=\"application\/ld+json\" class=\"yoast-schema-graph\">{\"@context\":\"https:\/\/schema.org\",\"@graph\":[{\"@type\":\"WebPage\",\"@id\":\"https:\/\/tripdouble.com\/es\/produit\/billets-knicks-hawks-02-01-2026-msg\/\",\"url\":\"https:\/\/tripdouble.com\/es\/produit\/billets-knicks-hawks-02-01-2026-msg\/\",\"name\":\"Billets Knicks \u2013 Hawks | New York 2 janv. 2026\",\"isPartOf\":{\"@id\":\"https:\/\/tripdouble.com\/es\/#website\"},\"primaryImageOfPage\":{\"@id\":\"https:\/\/tripdouble.com\/es\/produit\/billets-knicks-hawks-02-01-2026-msg\/#primaryimage\"},\"image\":{\"@id\":\"https:\/\/tripdouble.com\/es\/produit\/billets-knicks-hawks-02-01-2026-msg\/#primaryimage\"},\"thumbnailUrl\":\"https:\/\/ewnqp79wvj7.exactdn.com\/wp-content\/uploads\/2024\/09\/HAWKS-@-KNICKS.jpg?strip=all\",\"datePublished\":\"2025-08-26T11:50:20+00:00\",\"dateModified\":\"2025-12-05T21:16:27+00:00\",\"description\":\"R\u00e9servez vos billets Knicks \u2013 Hawks le 2 janvier 2026 au Madison Square Garden. Billets NBA officiels, e-tickets et paiement s\u00e9curis\u00e9.\",\"breadcrumb\":{\"@id\":\"https:\/\/tripdouble.com\/es\/produit\/billets-knicks-hawks-02-01-2026-msg\/#breadcrumb\"},\"inLanguage\":\"es\",\"potentialAction\":[{\"@type\":\"ReadAction\",\"target\":[\"https:\/\/tripdouble.com\/es\/produit\/billets-knicks-hawks-02-01-2026-msg\/\"]}]},{\"@type\":\"ImageObject\",\"inLanguage\":\"es\",\"@id\":\"https:\/\/tripdouble.com\/es\/produit\/billets-knicks-hawks-02-01-2026-msg\/#primaryimage\",\"url\":\"https:\/\/ewnqp79wvj7.exactdn.com\/wp-content\/uploads\/2024\/09\/HAWKS-@-KNICKS.jpg?strip=all\",\"contentUrl\":\"https:\/\/ewnqp79wvj7.exactdn.com\/wp-content\/uploads\/2024\/09\/HAWKS-@-KNICKS.jpg?strip=all\",\"width\":384,\"height\":216,\"caption\":\"Knicks \u2013 Hawks, 2 janvier 2026, Madison Square Garden\"},{\"@type\":\"BreadcrumbList\",\"@id\":\"https:\/\/tripdouble.com\/es\/produit\/billets-knicks-hawks-02-01-2026-msg\/#breadcrumb\",\"itemListElement\":[{\"@type\":\"ListItem\",\"position\":1,\"name\":\"Inicio\",\"item\":\"https:\/\/tripdouble.com\/es\/\"},{\"@type\":\"ListItem\",\"position\":2,\"name\":\"COMPLET &#8211; New York Knicks \u2013 Atlanta Hawks | 02\/01 \u00e0 19h30\"}]},{\"@type\":\"WebSite\",\"@id\":\"https:\/\/tripdouble.com\/es\/#website\",\"url\":\"https:\/\/tripdouble.com\/es\/\",\"name\":\"Trip Double\",\"description\":\"voyages NBA made by Basket-Infos\",\"publisher\":{\"@id\":\"https:\/\/tripdouble.com\/es\/#organization\"},\"potentialAction\":[{\"@type\":\"SearchAction\",\"target\":{\"@type\":\"EntryPoint\",\"urlTemplate\":\"https:\/\/tripdouble.com\/es\/?s={search_term_string}\"},\"query-input\":{\"@type\":\"PropertyValueSpecification\",\"valueRequired\":true,\"valueName\":\"search_term_string\"}}],\"inLanguage\":\"es\"},{\"@type\":\"Organization\",\"@id\":\"https:\/\/tripdouble.com\/es\/#organization\",\"name\":\"Trip Double\",\"url\":\"https:\/\/tripdouble.com\/es\/\",\"logo\":{\"@type\":\"ImageObject\",\"inLanguage\":\"es\",\"@id\":\"https:\/\/tripdouble.com\/es\/#\/schema\/logo\/image\/\",\"url\":\"https:\/\/ewnqp79wvj7.exactdn.com\/wp-content\/uploads\/2019\/08\/LOGO-250p-TRIP-DOUBLE-HORIZONTAL-5-1.png?strip=all&lossy=1&ssl=1\",\"contentUrl\":\"https:\/\/ewnqp79wvj7.exactdn.com\/wp-content\/uploads\/2019\/08\/LOGO-250p-TRIP-DOUBLE-HORIZONTAL-5-1.png?strip=all&lossy=1&ssl=1\",\"width\":250,\"height\":241,\"caption\":\"Trip Double\"},\"image\":{\"@id\":\"https:\/\/tripdouble.com\/es\/#\/schema\/logo\/image\/\"},\"sameAs\":[\"https:\/\/www.facebook.com\/TripDouble-108395037170318\",\"https:\/\/x.com\/tripdoubleusa\",\"https:\/\/www.instagram.com\/trip_double\/\",\"https:\/\/www.tiktok.com\/@tripdouble?lang=fr\",\"https:\/\/www.youtube.com\/@trip_double\"]}]}<\/script>\n<!-- \/ Yoast SEO plugin. -->","yoast_head_json":{"title":"Billets Knicks \u2013 Hawks | New York 2 janv. 2026","description":"R\u00e9servez vos billets Knicks \u2013 Hawks le 2 janvier 2026 au Madison Square Garden. Billets NBA officiels, e-tickets et paiement s\u00e9curis\u00e9.","robots":{"index":"index","follow":"follow","max-snippet":"max-snippet:-1","max-image-preview":"max-image-preview:large","max-video-preview":"max-video-preview:-1"},"canonical":"https:\/\/tripdouble.com\/es\/produit\/billets-knicks-hawks-02-01-2026-msg\/","og_locale":"es_ES","og_type":"article","og_title":"Billets Knicks \u2013 Hawks | New York 2 janv. 2026","og_description":"R\u00e9servez vos billets Knicks \u2013 Hawks le 2 janvier 2026 au Madison Square Garden. Billets NBA officiels, e-tickets et paiement s\u00e9curis\u00e9.","og_url":"https:\/\/tripdouble.com\/es\/produit\/billets-knicks-hawks-02-01-2026-msg\/","og_site_name":"Trip Double","article_publisher":"https:\/\/www.facebook.com\/TripDouble-108395037170318","article_modified_time":"2025-12-05T21:16:27+00:00","og_image":[{"width":384,"height":216,"url":"https:\/\/tripdouble.com\/wp-content\/uploads\/2024\/09\/HAWKS-@-KNICKS.jpg","type":"image\/jpeg"}],"twitter_card":"summary_large_image","twitter_site":"@tripdoubleusa","twitter_misc":{"Tiempo de lectura":"1 minuto"},"schema":{"@context":"https:\/\/schema.org","@graph":[{"@type":"WebPage","@id":"https:\/\/tripdouble.com\/es\/produit\/billets-knicks-hawks-02-01-2026-msg\/","url":"https:\/\/tripdouble.com\/es\/produit\/billets-knicks-hawks-02-01-2026-msg\/","name":"Billets Knicks \u2013 Hawks | New York 2 janv. 2026","isPartOf":{"@id":"https:\/\/tripdouble.com\/es\/#website"},"primaryImageOfPage":{"@id":"https:\/\/tripdouble.com\/es\/produit\/billets-knicks-hawks-02-01-2026-msg\/#primaryimage"},"image":{"@id":"https:\/\/tripdouble.com\/es\/produit\/billets-knicks-hawks-02-01-2026-msg\/#primaryimage"},"thumbnailUrl":"https:\/\/ewnqp79wvj7.exactdn.com\/wp-content\/uploads\/2024\/09\/HAWKS-@-KNICKS.jpg?strip=all","datePublished":"2025-08-26T11:50:20+00:00","dateModified":"2025-12-05T21:16:27+00:00","description":"R\u00e9servez vos billets Knicks \u2013 Hawks le 2 janvier 2026 au Madison Square Garden. Billets NBA officiels, e-tickets et paiement s\u00e9curis\u00e9.","breadcrumb":{"@id":"https:\/\/tripdouble.com\/es\/produit\/billets-knicks-hawks-02-01-2026-msg\/#breadcrumb"},"inLanguage":"es","potentialAction":[{"@type":"ReadAction","target":["https:\/\/tripdouble.com\/es\/produit\/billets-knicks-hawks-02-01-2026-msg\/"]}]},{"@type":"ImageObject","inLanguage":"es","@id":"https:\/\/tripdouble.com\/es\/produit\/billets-knicks-hawks-02-01-2026-msg\/#primaryimage","url":"https:\/\/ewnqp79wvj7.exactdn.com\/wp-content\/uploads\/2024\/09\/HAWKS-@-KNICKS.jpg?strip=all","contentUrl":"https:\/\/ewnqp79wvj7.exactdn.com\/wp-content\/uploads\/2024\/09\/HAWKS-@-KNICKS.jpg?strip=all","width":384,"height":216,"caption":"Knicks \u2013 Hawks, 2 janvier 2026, Madison Square Garden"},{"@type":"BreadcrumbList","@id":"https:\/\/tripdouble.com\/es\/produit\/billets-knicks-hawks-02-01-2026-msg\/#breadcrumb","itemListElement":[{"@type":"ListItem","position":1,"name":"Inicio","item":"https:\/\/tripdouble.com\/es\/"},{"@type":"ListItem","position":2,"name":"COMPLET &#8211; New York Knicks \u2013 Atlanta Hawks | 02\/01 \u00e0 19h30"}]},{"@type":"WebSite","@id":"https:\/\/tripdouble.com\/es\/#website","url":"https:\/\/tripdouble.com\/es\/","name":"Trip Double","description":"voyages NBA made by Basket-Infos","publisher":{"@id":"https:\/\/tripdouble.com\/es\/#organization"},"potentialAction":[{"@type":"SearchAction","target":{"@type":"EntryPoint","urlTemplate":"https:\/\/tripdouble.com\/es\/?s={search_term_string}"},"query-input":{"@type":"PropertyValueSpecification","valueRequired":true,"valueName":"search_term_string"}}],"inLanguage":"es"},{"@type":"Organization","@id":"https:\/\/tripdouble.com\/es\/#organization","name":"Trip Double","url":"https:\/\/tripdouble.com\/es\/","logo":{"@type":"ImageObject","inLanguage":"es","@id":"https:\/\/tripdouble.com\/es\/#\/schema\/logo\/image\/","url":"https:\/\/ewnqp79wvj7.exactdn.com\/wp-content\/uploads\/2019\/08\/LOGO-250p-TRIP-DOUBLE-HORIZONTAL-5-1.png?strip=all&lossy=1&ssl=1","contentUrl":"https:\/\/ewnqp79wvj7.exactdn.com\/wp-content\/uploads\/2019\/08\/LOGO-250p-TRIP-DOUBLE-HORIZONTAL-5-1.png?strip=all&lossy=1&ssl=1","width":250,"height":241,"caption":"Trip Double"},"image":{"@id":"https:\/\/tripdouble.com\/es\/#\/schema\/logo\/image\/"},"sameAs":["https:\/\/www.facebook.com\/TripDouble-108395037170318","https:\/\/x.com\/tripdoubleusa","https:\/\/www.instagram.com\/trip_double\/","https:\/\/www.tiktok.com\/@tripdouble?lang=fr","https:\/\/www.youtube.com\/@trip_double"]}]}},"_links":{"self":[{"href":"https:\/\/tripdouble.com\/es\/wp-json\/wp\/v2\/product\/52056","targetHints":{"allow":["GET"]}}],"collection":[{"href":"https:\/\/tripdouble.com\/es\/wp-json\/wp\/v2\/product"}],"about":[{"href":"https:\/\/tripdouble.com\/es\/wp-json\/wp\/v2\/types\/product"}],"wp:featuredmedia":[{"embeddable":true,"href":"https:\/\/tripdouble.com\/es\/wp-json\/wp\/v2\/media\/25342"}],"wp:attachment":[{"href":"https:\/\/tripdouble.com\/es\/wp-json\/wp\/v2\/media?parent=52056"}],"wp:term":[{"taxonomy":"product_brand","embeddable":true,"href":"https:\/\/tripdouble.com\/es\/wp-json\/wp\/v2\/product_brand?post=52056"},{"taxonomy":"product_cat","embeddable":true,"href":"https:\/\/tripdouble.com\/es\/wp-json\/wp\/v2\/product_cat?post=52056"},{"taxonomy":"product_tag","embeddable":true,"href":"https:\/\/tripdouble.com\/es\/wp-json\/wp\/v2\/product_tag?post=52056"}],"curies":[{"name":"wp","href":"https:\/\/api.w.org\/{rel}","templated":true}]}}