
{"id":52053,"date":"2025-08-26T13:41:55","date_gmt":"2025-08-26T11:41:55","guid":{"rendered":"https:\/\/tripdouble.com\/?post_type=product&#038;p=52053"},"modified":"2025-12-01T16:32:41","modified_gmt":"2025-12-01T14:32:41","slug":"billets-knicks-cavaliers-25-12-2025-cleveland","status":"publish","type":"product","link":"https:\/\/tripdouble.com\/es\/produit\/billets-knicks-cavaliers-25-12-2025-cleveland\/","title":{"rendered":"COMPLET &#8211; New York Knicks -Cleveland Cavaliers | 25\/12 \u00e0 12h (pas de fan exp\u00e9rience \u00e0 No\u00ebl)"},"content":{"rendered":"<h2>Billets Knicks officiels \u2013 Madison Square Garden (25 d\u00e9cembre 2025)<\/h2>\n<p>Vivez un <strong>Christmas Game NBA<\/strong> exceptionnel : <strong>New York Knicks vs <\/strong><strong>Cleveland Cavaliers<\/strong>\u00a0le 25 d\u00e9cembre 2025 au Madison Square Garden .<\/p>\n<ul>\n<li>\u2705 Billets <strong>100 % officiels<\/strong> et garantis<\/li>\n<li>\u2705 E-tickets, paiement s\u00e9curis\u00e9<\/li>\n<li>\u2705 Support en fran\u00e7ais avant et pendant le match<\/li>\n<\/ul>\n<p>On a d\u00e9j\u00e0 eu la chance d\u2019assister \u00e0 un Christmas Game NBA : l\u2019ambiance est toujours magique, avec une salle comble et une atmosph\u00e8re de f\u00eate unique pour ce rendez-vous incontournable.<\/p>\n<h3>Infos pratiques<\/h3>\n<ul>\n<li><strong>Date\/heure :<\/strong> 25 d\u00e9cembre 2025 \u2013 12h<\/li>\n<li><strong>Lieu :<\/strong> Madison Square Garden, New York (m\u00e9tro Penn Station)<\/li>\n<li><strong>Stars attendues :<\/strong> Donovan Mitchell &amp; Evan Mobley (Cavaliers) face \u00e0 Jalen Brunson, Karl-Anthony Towns &amp; Mikal Bridges (Knicks). Mais aussi Guerschon Yabusele.<\/li>\n<\/ul>\n<p>\ud83d\udc49 Pr\u00e9parez votre voyage NBA avec nos guides et services :<\/p>\n<ul>\n<li><a href=\"https:\/\/tripdouble.com\/sejours-basket-us\/\" target=\"_blank\" rel=\"noopener\">Nos voyages NBA aux \u00c9tats-Unis<\/a><\/li>\n<li><a href=\"https:\/\/tripdouble.com\/que-faire-a-new-york\/\" target=\"_blank\" rel=\"noopener\">Conseils pour un s\u00e9jour NBA \u00e0 New York<\/a><\/li>\n<li><a href=\"https:\/\/tripdouble.com\/category\/nba\/\" target=\"_blank\" rel=\"noopener\">Toutes nos actualit\u00e9s NBA<\/a><\/li>\n<\/ul>\n","protected":false},"excerpt":{"rendered":"<p>Billets Knicks officiels \u2013 Madison Square Garden (25 d\u00e9cembre 2025) Vivez un Christmas Game NBA exceptionnel : New York Knicks vs Cleveland Cavaliers\u00a0le 25 d\u00e9cembre&hellip;<\/p>\n","protected":false},"featured_media":25311,"template":"","meta":{"_acf_changed":false},"product_brand":[],"product_cat":[333],"product_tag":[],"class_list":{"0":"post-52053","1":"product","2":"type-product","3":"status-publish","4":"has-post-thumbnail","6":"product_cat-simple","8":"first","9":"outofstock","10":"shipping-taxable","11":"purchasable","12":"product-type-variable"},"acf":[],"yoast_head":"<!-- This site is optimized with the Yoast SEO plugin v27.1.1 - https:\/\/yoast.com\/product\/yoast-seo-wordpress\/ -->\n<title>Billets Knicks - Cavaliers | Cleveland 25 d\u00e9c. 2025<\/title>\n<meta name=\"description\" content=\"R\u00e9servez vos billets Cavaliers \u2013 Knicks le 25 d\u00e9cembre 2025 \u00e0 Cleveland. Billets NBA officiels, e-tickets et paiement s\u00e9curis\u00e9 pour le Christmas Game.\" \/>\n<meta name=\"robots\" content=\"index, follow, max-snippet:-1, max-image-preview:large, max-video-preview:-1\" \/>\n<link rel=\"canonical\" href=\"https:\/\/tripdouble.com\/es\/produit\/billets-knicks-cavaliers-25-12-2025-cleveland\/\" \/>\n<meta property=\"og:locale\" content=\"es_ES\" \/>\n<meta property=\"og:type\" content=\"article\" \/>\n<meta property=\"og:title\" content=\"Billets Knicks - Cavaliers | Cleveland 25 d\u00e9c. 2025\" \/>\n<meta property=\"og:description\" content=\"R\u00e9servez vos billets Cavaliers \u2013 Knicks le 25 d\u00e9cembre 2025 \u00e0 Cleveland. Billets NBA officiels, e-tickets et paiement s\u00e9curis\u00e9 pour le Christmas Game.\" \/>\n<meta property=\"og:url\" content=\"https:\/\/tripdouble.com\/es\/produit\/billets-knicks-cavaliers-25-12-2025-cleveland\/\" \/>\n<meta property=\"og:site_name\" content=\"Trip Double\" \/>\n<meta property=\"article:publisher\" content=\"https:\/\/www.facebook.com\/TripDouble-108395037170318\" \/>\n<meta property=\"article:modified_time\" content=\"2025-12-01T14:32:41+00:00\" \/>\n<meta property=\"og:image\" content=\"https:\/\/tripdouble.com\/wp-content\/uploads\/2024\/09\/CAVS-@-KNICKS.jpg\" \/>\n\t<meta property=\"og:image:width\" content=\"384\" \/>\n\t<meta property=\"og:image:height\" content=\"216\" \/>\n\t<meta property=\"og:image:type\" content=\"image\/jpeg\" \/>\n<meta name=\"twitter:card\" content=\"summary_large_image\" \/>\n<meta name=\"twitter:site\" content=\"@tripdoubleusa\" \/>\n<meta name=\"twitter:label1\" content=\"Tiempo de lectura\" \/>\n\t<meta name=\"twitter:data1\" content=\"1 minuto\" \/>\n<script type=\"application\/ld+json\" class=\"yoast-schema-graph\">{\"@context\":\"https:\/\/schema.org\",\"@graph\":[{\"@type\":\"WebPage\",\"@id\":\"https:\/\/tripdouble.com\/es\/produit\/billets-knicks-cavaliers-25-12-2025-cleveland\/\",\"url\":\"https:\/\/tripdouble.com\/es\/produit\/billets-knicks-cavaliers-25-12-2025-cleveland\/\",\"name\":\"Billets Knicks - Cavaliers | Cleveland 25 d\u00e9c. 2025\",\"isPartOf\":{\"@id\":\"https:\/\/tripdouble.com\/es\/#website\"},\"primaryImageOfPage\":{\"@id\":\"https:\/\/tripdouble.com\/es\/produit\/billets-knicks-cavaliers-25-12-2025-cleveland\/#primaryimage\"},\"image\":{\"@id\":\"https:\/\/tripdouble.com\/es\/produit\/billets-knicks-cavaliers-25-12-2025-cleveland\/#primaryimage\"},\"thumbnailUrl\":\"https:\/\/ewnqp79wvj7.exactdn.com\/wp-content\/uploads\/2024\/09\/CAVS-@-KNICKS.jpg?strip=all\",\"datePublished\":\"2025-08-26T11:41:55+00:00\",\"dateModified\":\"2025-12-01T14:32:41+00:00\",\"description\":\"R\u00e9servez vos billets Cavaliers \u2013 Knicks le 25 d\u00e9cembre 2025 \u00e0 Cleveland. Billets NBA officiels, e-tickets et paiement s\u00e9curis\u00e9 pour le Christmas Game.\",\"breadcrumb\":{\"@id\":\"https:\/\/tripdouble.com\/es\/produit\/billets-knicks-cavaliers-25-12-2025-cleveland\/#breadcrumb\"},\"inLanguage\":\"es\",\"potentialAction\":[{\"@type\":\"ReadAction\",\"target\":[\"https:\/\/tripdouble.com\/es\/produit\/billets-knicks-cavaliers-25-12-2025-cleveland\/\"]}]},{\"@type\":\"ImageObject\",\"inLanguage\":\"es\",\"@id\":\"https:\/\/tripdouble.com\/es\/produit\/billets-knicks-cavaliers-25-12-2025-cleveland\/#primaryimage\",\"url\":\"https:\/\/ewnqp79wvj7.exactdn.com\/wp-content\/uploads\/2024\/09\/CAVS-@-KNICKS.jpg?strip=all\",\"contentUrl\":\"https:\/\/ewnqp79wvj7.exactdn.com\/wp-content\/uploads\/2024\/09\/CAVS-@-KNICKS.jpg?strip=all\",\"width\":384,\"height\":216,\"caption\":\"Knicks \u2013 Cavaliers au Madison Square Garden (22\/10\/2025)\"},{\"@type\":\"BreadcrumbList\",\"@id\":\"https:\/\/tripdouble.com\/es\/produit\/billets-knicks-cavaliers-25-12-2025-cleveland\/#breadcrumb\",\"itemListElement\":[{\"@type\":\"ListItem\",\"position\":1,\"name\":\"Inicio\",\"item\":\"https:\/\/tripdouble.com\/es\/\"},{\"@type\":\"ListItem\",\"position\":2,\"name\":\"COMPLET &#8211; New York Knicks -Cleveland Cavaliers | 25\/12 \u00e0 12h (pas de fan exp\u00e9rience \u00e0 No\u00ebl)\"}]},{\"@type\":\"WebSite\",\"@id\":\"https:\/\/tripdouble.com\/es\/#website\",\"url\":\"https:\/\/tripdouble.com\/es\/\",\"name\":\"Trip Double\",\"description\":\"voyages NBA made by Basket-Infos\",\"publisher\":{\"@id\":\"https:\/\/tripdouble.com\/es\/#organization\"},\"potentialAction\":[{\"@type\":\"SearchAction\",\"target\":{\"@type\":\"EntryPoint\",\"urlTemplate\":\"https:\/\/tripdouble.com\/es\/?s={search_term_string}\"},\"query-input\":{\"@type\":\"PropertyValueSpecification\",\"valueRequired\":true,\"valueName\":\"search_term_string\"}}],\"inLanguage\":\"es\"},{\"@type\":\"Organization\",\"@id\":\"https:\/\/tripdouble.com\/es\/#organization\",\"name\":\"Trip Double\",\"url\":\"https:\/\/tripdouble.com\/es\/\",\"logo\":{\"@type\":\"ImageObject\",\"inLanguage\":\"es\",\"@id\":\"https:\/\/tripdouble.com\/es\/#\/schema\/logo\/image\/\",\"url\":\"https:\/\/ewnqp79wvj7.exactdn.com\/wp-content\/uploads\/2019\/08\/LOGO-250p-TRIP-DOUBLE-HORIZONTAL-5-1.png?strip=all&lossy=1&ssl=1\",\"contentUrl\":\"https:\/\/ewnqp79wvj7.exactdn.com\/wp-content\/uploads\/2019\/08\/LOGO-250p-TRIP-DOUBLE-HORIZONTAL-5-1.png?strip=all&lossy=1&ssl=1\",\"width\":250,\"height\":241,\"caption\":\"Trip Double\"},\"image\":{\"@id\":\"https:\/\/tripdouble.com\/es\/#\/schema\/logo\/image\/\"},\"sameAs\":[\"https:\/\/www.facebook.com\/TripDouble-108395037170318\",\"https:\/\/x.com\/tripdoubleusa\",\"https:\/\/www.instagram.com\/trip_double\/\",\"https:\/\/www.tiktok.com\/@tripdouble?lang=fr\",\"https:\/\/www.youtube.com\/@trip_double\"]}]}<\/script>\n<!-- \/ Yoast SEO plugin. -->","yoast_head_json":{"title":"Billets Knicks - Cavaliers | Cleveland 25 d\u00e9c. 2025","description":"R\u00e9servez vos billets Cavaliers \u2013 Knicks le 25 d\u00e9cembre 2025 \u00e0 Cleveland. Billets NBA officiels, e-tickets et paiement s\u00e9curis\u00e9 pour le Christmas Game.","robots":{"index":"index","follow":"follow","max-snippet":"max-snippet:-1","max-image-preview":"max-image-preview:large","max-video-preview":"max-video-preview:-1"},"canonical":"https:\/\/tripdouble.com\/es\/produit\/billets-knicks-cavaliers-25-12-2025-cleveland\/","og_locale":"es_ES","og_type":"article","og_title":"Billets Knicks - Cavaliers | Cleveland 25 d\u00e9c. 2025","og_description":"R\u00e9servez vos billets Cavaliers \u2013 Knicks le 25 d\u00e9cembre 2025 \u00e0 Cleveland. Billets NBA officiels, e-tickets et paiement s\u00e9curis\u00e9 pour le Christmas Game.","og_url":"https:\/\/tripdouble.com\/es\/produit\/billets-knicks-cavaliers-25-12-2025-cleveland\/","og_site_name":"Trip Double","article_publisher":"https:\/\/www.facebook.com\/TripDouble-108395037170318","article_modified_time":"2025-12-01T14:32:41+00:00","og_image":[{"width":384,"height":216,"url":"https:\/\/tripdouble.com\/wp-content\/uploads\/2024\/09\/CAVS-@-KNICKS.jpg","type":"image\/jpeg"}],"twitter_card":"summary_large_image","twitter_site":"@tripdoubleusa","twitter_misc":{"Tiempo de lectura":"1 minuto"},"schema":{"@context":"https:\/\/schema.org","@graph":[{"@type":"WebPage","@id":"https:\/\/tripdouble.com\/es\/produit\/billets-knicks-cavaliers-25-12-2025-cleveland\/","url":"https:\/\/tripdouble.com\/es\/produit\/billets-knicks-cavaliers-25-12-2025-cleveland\/","name":"Billets Knicks - Cavaliers | Cleveland 25 d\u00e9c. 2025","isPartOf":{"@id":"https:\/\/tripdouble.com\/es\/#website"},"primaryImageOfPage":{"@id":"https:\/\/tripdouble.com\/es\/produit\/billets-knicks-cavaliers-25-12-2025-cleveland\/#primaryimage"},"image":{"@id":"https:\/\/tripdouble.com\/es\/produit\/billets-knicks-cavaliers-25-12-2025-cleveland\/#primaryimage"},"thumbnailUrl":"https:\/\/ewnqp79wvj7.exactdn.com\/wp-content\/uploads\/2024\/09\/CAVS-@-KNICKS.jpg?strip=all","datePublished":"2025-08-26T11:41:55+00:00","dateModified":"2025-12-01T14:32:41+00:00","description":"R\u00e9servez vos billets Cavaliers \u2013 Knicks le 25 d\u00e9cembre 2025 \u00e0 Cleveland. Billets NBA officiels, e-tickets et paiement s\u00e9curis\u00e9 pour le Christmas Game.","breadcrumb":{"@id":"https:\/\/tripdouble.com\/es\/produit\/billets-knicks-cavaliers-25-12-2025-cleveland\/#breadcrumb"},"inLanguage":"es","potentialAction":[{"@type":"ReadAction","target":["https:\/\/tripdouble.com\/es\/produit\/billets-knicks-cavaliers-25-12-2025-cleveland\/"]}]},{"@type":"ImageObject","inLanguage":"es","@id":"https:\/\/tripdouble.com\/es\/produit\/billets-knicks-cavaliers-25-12-2025-cleveland\/#primaryimage","url":"https:\/\/ewnqp79wvj7.exactdn.com\/wp-content\/uploads\/2024\/09\/CAVS-@-KNICKS.jpg?strip=all","contentUrl":"https:\/\/ewnqp79wvj7.exactdn.com\/wp-content\/uploads\/2024\/09\/CAVS-@-KNICKS.jpg?strip=all","width":384,"height":216,"caption":"Knicks \u2013 Cavaliers au Madison Square Garden (22\/10\/2025)"},{"@type":"BreadcrumbList","@id":"https:\/\/tripdouble.com\/es\/produit\/billets-knicks-cavaliers-25-12-2025-cleveland\/#breadcrumb","itemListElement":[{"@type":"ListItem","position":1,"name":"Inicio","item":"https:\/\/tripdouble.com\/es\/"},{"@type":"ListItem","position":2,"name":"COMPLET &#8211; New York Knicks -Cleveland Cavaliers | 25\/12 \u00e0 12h (pas de fan exp\u00e9rience \u00e0 No\u00ebl)"}]},{"@type":"WebSite","@id":"https:\/\/tripdouble.com\/es\/#website","url":"https:\/\/tripdouble.com\/es\/","name":"Trip Double","description":"voyages NBA made by Basket-Infos","publisher":{"@id":"https:\/\/tripdouble.com\/es\/#organization"},"potentialAction":[{"@type":"SearchAction","target":{"@type":"EntryPoint","urlTemplate":"https:\/\/tripdouble.com\/es\/?s={search_term_string}"},"query-input":{"@type":"PropertyValueSpecification","valueRequired":true,"valueName":"search_term_string"}}],"inLanguage":"es"},{"@type":"Organization","@id":"https:\/\/tripdouble.com\/es\/#organization","name":"Trip Double","url":"https:\/\/tripdouble.com\/es\/","logo":{"@type":"ImageObject","inLanguage":"es","@id":"https:\/\/tripdouble.com\/es\/#\/schema\/logo\/image\/","url":"https:\/\/ewnqp79wvj7.exactdn.com\/wp-content\/uploads\/2019\/08\/LOGO-250p-TRIP-DOUBLE-HORIZONTAL-5-1.png?strip=all&lossy=1&ssl=1","contentUrl":"https:\/\/ewnqp79wvj7.exactdn.com\/wp-content\/uploads\/2019\/08\/LOGO-250p-TRIP-DOUBLE-HORIZONTAL-5-1.png?strip=all&lossy=1&ssl=1","width":250,"height":241,"caption":"Trip Double"},"image":{"@id":"https:\/\/tripdouble.com\/es\/#\/schema\/logo\/image\/"},"sameAs":["https:\/\/www.facebook.com\/TripDouble-108395037170318","https:\/\/x.com\/tripdoubleusa","https:\/\/www.instagram.com\/trip_double\/","https:\/\/www.tiktok.com\/@tripdouble?lang=fr","https:\/\/www.youtube.com\/@trip_double"]}]}},"_links":{"self":[{"href":"https:\/\/tripdouble.com\/es\/wp-json\/wp\/v2\/product\/52053","targetHints":{"allow":["GET"]}}],"collection":[{"href":"https:\/\/tripdouble.com\/es\/wp-json\/wp\/v2\/product"}],"about":[{"href":"https:\/\/tripdouble.com\/es\/wp-json\/wp\/v2\/types\/product"}],"wp:featuredmedia":[{"embeddable":true,"href":"https:\/\/tripdouble.com\/es\/wp-json\/wp\/v2\/media\/25311"}],"wp:attachment":[{"href":"https:\/\/tripdouble.com\/es\/wp-json\/wp\/v2\/media?parent=52053"}],"wp:term":[{"taxonomy":"product_brand","embeddable":true,"href":"https:\/\/tripdouble.com\/es\/wp-json\/wp\/v2\/product_brand?post=52053"},{"taxonomy":"product_cat","embeddable":true,"href":"https:\/\/tripdouble.com\/es\/wp-json\/wp\/v2\/product_cat?post=52053"},{"taxonomy":"product_tag","embeddable":true,"href":"https:\/\/tripdouble.com\/es\/wp-json\/wp\/v2\/product_tag?post=52053"}],"curies":[{"name":"wp","href":"https:\/\/api.w.org\/{rel}","templated":true}]}}