
{"id":26158,"date":"2024-09-19T21:11:38","date_gmt":"2024-09-19T19:11:38","guid":{"rendered":"https:\/\/tripdouble.com\/?post_type=product&#038;p=26158"},"modified":"2025-06-27T19:01:40","modified_gmt":"2025-06-27T17:01:40","slug":"voyage-nba-new-york-noel-wemby-cadeau","status":"publish","type":"product","link":"https:\/\/tripdouble.com\/es\/produit\/voyage-nba-new-york-noel-wemby-cadeau\/","title":{"rendered":"Voyage NBA : d\u00e9couvrez New York \u00e0 No\u00ebl ! Wemby en cadeau"},"content":{"rendered":"","protected":false},"excerpt":{"rendered":"<p>\u2139\ufe0f Si vous souhaitez un \u00e9ventuel regroupement pour faire baisser le prix, contactez nous sur contact@tripdouble.com ou au 06 33 06 80 43<\/p>\n<p>De plus, si vous r\u00e9servez \u00e0 plusieurs, il est possible de payer individuellement sa part. Contactez nous par email pour cela.<\/p>\n","protected":false},"featured_media":26030,"template":"","meta":{"_acf_changed":false},"product_brand":[],"product_cat":[327],"product_tag":[],"class_list":{"0":"post-26158","1":"product","2":"type-product","3":"status-publish","4":"has-post-thumbnail","6":"product_cat-newyork","8":"first","9":"outofstock","10":"sold-individually","11":"shipping-taxable","12":"purchasable","13":"product-type-variable"},"acf":[],"yoast_head":"<!-- This site is optimized with the Yoast SEO plugin v27.1.1 - https:\/\/yoast.com\/product\/yoast-seo-wordpress\/ -->\n<title>Voyage NBA : d\u00e9couvrez New York \u00e0 No\u00ebl ! Wemby en cadeau - Trip Double<\/title>\n<meta name=\"description\" content=\"Vous r\u00eavez de d\u00e9couvrir New York \u00e0 No\u00ebl ? Ce voyage tout compris est fait pour vous ! Au programme 2 matchs NBA dont les Spurs de Wemby\" \/>\n<meta name=\"robots\" content=\"index, follow, max-snippet:-1, max-image-preview:large, max-video-preview:-1\" \/>\n<link rel=\"canonical\" href=\"https:\/\/tripdouble.com\/es\/produit\/voyage-nba-new-york-noel-wemby-cadeau\/\" \/>\n<meta property=\"og:locale\" content=\"es_ES\" \/>\n<meta property=\"og:type\" content=\"article\" \/>\n<meta property=\"og:title\" content=\"Voyage NBA : d\u00e9couvrez New York \u00e0 No\u00ebl ! Wemby en cadeau - Trip Double\" \/>\n<meta property=\"og:description\" content=\"Vous r\u00eavez de d\u00e9couvrir New York \u00e0 No\u00ebl ? Ce voyage tout compris est fait pour vous ! Au programme 2 matchs NBA dont les Spurs de Wemby\" \/>\n<meta property=\"og:url\" content=\"https:\/\/tripdouble.com\/es\/produit\/voyage-nba-new-york-noel-wemby-cadeau\/\" \/>\n<meta property=\"og:site_name\" content=\"Trip Double\" \/>\n<meta property=\"article:publisher\" content=\"https:\/\/www.facebook.com\/TripDouble-108395037170318\" \/>\n<meta property=\"article:modified_time\" content=\"2025-06-27T17:01:40+00:00\" \/>\n<meta property=\"og:image\" content=\"https:\/\/tripdouble.com\/wp-content\/uploads\/2024\/09\/Untitled-design-1.jpg\" \/>\n\t<meta property=\"og:image:width\" content=\"1920\" \/>\n\t<meta property=\"og:image:height\" content=\"1920\" \/>\n\t<meta property=\"og:image:type\" content=\"image\/jpeg\" \/>\n<meta name=\"twitter:card\" content=\"summary_large_image\" \/>\n<meta name=\"twitter:site\" content=\"@tripdoubleusa\" \/>\n<meta name=\"twitter:label1\" content=\"Tiempo de lectura\" \/>\n\t<meta name=\"twitter:data1\" content=\"1 minuto\" \/>\n<script type=\"application\/ld+json\" class=\"yoast-schema-graph\">{\"@context\":\"https:\/\/schema.org\",\"@graph\":[{\"@type\":\"WebPage\",\"@id\":\"https:\/\/tripdouble.com\/es\/produit\/voyage-nba-new-york-noel-wemby-cadeau\/\",\"url\":\"https:\/\/tripdouble.com\/es\/produit\/voyage-nba-new-york-noel-wemby-cadeau\/\",\"name\":\"Voyage NBA : d\u00e9couvrez New York \u00e0 No\u00ebl ! Wemby en cadeau - Trip Double\",\"isPartOf\":{\"@id\":\"https:\/\/tripdouble.com\/es\/#website\"},\"primaryImageOfPage\":{\"@id\":\"https:\/\/tripdouble.com\/es\/produit\/voyage-nba-new-york-noel-wemby-cadeau\/#primaryimage\"},\"image\":{\"@id\":\"https:\/\/tripdouble.com\/es\/produit\/voyage-nba-new-york-noel-wemby-cadeau\/#primaryimage\"},\"thumbnailUrl\":\"https:\/\/ewnqp79wvj7.exactdn.com\/wp-content\/uploads\/2024\/09\/Untitled-design-1.jpg?strip=all\",\"datePublished\":\"2024-09-19T19:11:38+00:00\",\"dateModified\":\"2025-06-27T17:01:40+00:00\",\"description\":\"Vous r\u00eavez de d\u00e9couvrir New York \u00e0 No\u00ebl ? Ce voyage tout compris est fait pour vous ! Au programme 2 matchs NBA dont les Spurs de Wemby\",\"breadcrumb\":{\"@id\":\"https:\/\/tripdouble.com\/es\/produit\/voyage-nba-new-york-noel-wemby-cadeau\/#breadcrumb\"},\"inLanguage\":\"es\",\"potentialAction\":[{\"@type\":\"ReadAction\",\"target\":[\"https:\/\/tripdouble.com\/es\/produit\/voyage-nba-new-york-noel-wemby-cadeau\/\"]}]},{\"@type\":\"ImageObject\",\"inLanguage\":\"es\",\"@id\":\"https:\/\/tripdouble.com\/es\/produit\/voyage-nba-new-york-noel-wemby-cadeau\/#primaryimage\",\"url\":\"https:\/\/ewnqp79wvj7.exactdn.com\/wp-content\/uploads\/2024\/09\/Untitled-design-1.jpg?strip=all\",\"contentUrl\":\"https:\/\/ewnqp79wvj7.exactdn.com\/wp-content\/uploads\/2024\/09\/Untitled-design-1.jpg?strip=all\",\"width\":1920,\"height\":1920},{\"@type\":\"BreadcrumbList\",\"@id\":\"https:\/\/tripdouble.com\/es\/produit\/voyage-nba-new-york-noel-wemby-cadeau\/#breadcrumb\",\"itemListElement\":[{\"@type\":\"ListItem\",\"position\":1,\"name\":\"Inicio\",\"item\":\"https:\/\/tripdouble.com\/es\/\"},{\"@type\":\"ListItem\",\"position\":2,\"name\":\"Voyage NBA : d\u00e9couvrez New York \u00e0 No\u00ebl ! Wemby en cadeau\"}]},{\"@type\":\"WebSite\",\"@id\":\"https:\/\/tripdouble.com\/es\/#website\",\"url\":\"https:\/\/tripdouble.com\/es\/\",\"name\":\"Trip Double\",\"description\":\"voyages NBA made by Basket-Infos\",\"publisher\":{\"@id\":\"https:\/\/tripdouble.com\/es\/#organization\"},\"potentialAction\":[{\"@type\":\"SearchAction\",\"target\":{\"@type\":\"EntryPoint\",\"urlTemplate\":\"https:\/\/tripdouble.com\/es\/?s={search_term_string}\"},\"query-input\":{\"@type\":\"PropertyValueSpecification\",\"valueRequired\":true,\"valueName\":\"search_term_string\"}}],\"inLanguage\":\"es\"},{\"@type\":\"Organization\",\"@id\":\"https:\/\/tripdouble.com\/es\/#organization\",\"name\":\"Trip Double\",\"url\":\"https:\/\/tripdouble.com\/es\/\",\"logo\":{\"@type\":\"ImageObject\",\"inLanguage\":\"es\",\"@id\":\"https:\/\/tripdouble.com\/es\/#\/schema\/logo\/image\/\",\"url\":\"https:\/\/ewnqp79wvj7.exactdn.com\/wp-content\/uploads\/2019\/08\/LOGO-250p-TRIP-DOUBLE-HORIZONTAL-5-1.png?strip=all&lossy=1&ssl=1\",\"contentUrl\":\"https:\/\/ewnqp79wvj7.exactdn.com\/wp-content\/uploads\/2019\/08\/LOGO-250p-TRIP-DOUBLE-HORIZONTAL-5-1.png?strip=all&lossy=1&ssl=1\",\"width\":250,\"height\":241,\"caption\":\"Trip Double\"},\"image\":{\"@id\":\"https:\/\/tripdouble.com\/es\/#\/schema\/logo\/image\/\"},\"sameAs\":[\"https:\/\/www.facebook.com\/TripDouble-108395037170318\",\"https:\/\/x.com\/tripdoubleusa\",\"https:\/\/www.instagram.com\/trip_double\/\",\"https:\/\/www.tiktok.com\/@tripdouble?lang=fr\",\"https:\/\/www.youtube.com\/@trip_double\"]}]}<\/script>\n<!-- \/ Yoast SEO plugin. -->","yoast_head_json":{"title":"Voyage NBA : d\u00e9couvrez New York \u00e0 No\u00ebl ! Wemby en cadeau - Trip Double","description":"Vous r\u00eavez de d\u00e9couvrir New York \u00e0 No\u00ebl ? Ce voyage tout compris est fait pour vous ! Au programme 2 matchs NBA dont les Spurs de Wemby","robots":{"index":"index","follow":"follow","max-snippet":"max-snippet:-1","max-image-preview":"max-image-preview:large","max-video-preview":"max-video-preview:-1"},"canonical":"https:\/\/tripdouble.com\/es\/produit\/voyage-nba-new-york-noel-wemby-cadeau\/","og_locale":"es_ES","og_type":"article","og_title":"Voyage NBA : d\u00e9couvrez New York \u00e0 No\u00ebl ! Wemby en cadeau - Trip Double","og_description":"Vous r\u00eavez de d\u00e9couvrir New York \u00e0 No\u00ebl ? Ce voyage tout compris est fait pour vous ! Au programme 2 matchs NBA dont les Spurs de Wemby","og_url":"https:\/\/tripdouble.com\/es\/produit\/voyage-nba-new-york-noel-wemby-cadeau\/","og_site_name":"Trip Double","article_publisher":"https:\/\/www.facebook.com\/TripDouble-108395037170318","article_modified_time":"2025-06-27T17:01:40+00:00","og_image":[{"width":1920,"height":1920,"url":"https:\/\/tripdouble.com\/wp-content\/uploads\/2024\/09\/Untitled-design-1.jpg","type":"image\/jpeg"}],"twitter_card":"summary_large_image","twitter_site":"@tripdoubleusa","twitter_misc":{"Tiempo de lectura":"1 minuto"},"schema":{"@context":"https:\/\/schema.org","@graph":[{"@type":"WebPage","@id":"https:\/\/tripdouble.com\/es\/produit\/voyage-nba-new-york-noel-wemby-cadeau\/","url":"https:\/\/tripdouble.com\/es\/produit\/voyage-nba-new-york-noel-wemby-cadeau\/","name":"Voyage NBA : d\u00e9couvrez New York \u00e0 No\u00ebl ! Wemby en cadeau - Trip Double","isPartOf":{"@id":"https:\/\/tripdouble.com\/es\/#website"},"primaryImageOfPage":{"@id":"https:\/\/tripdouble.com\/es\/produit\/voyage-nba-new-york-noel-wemby-cadeau\/#primaryimage"},"image":{"@id":"https:\/\/tripdouble.com\/es\/produit\/voyage-nba-new-york-noel-wemby-cadeau\/#primaryimage"},"thumbnailUrl":"https:\/\/ewnqp79wvj7.exactdn.com\/wp-content\/uploads\/2024\/09\/Untitled-design-1.jpg?strip=all","datePublished":"2024-09-19T19:11:38+00:00","dateModified":"2025-06-27T17:01:40+00:00","description":"Vous r\u00eavez de d\u00e9couvrir New York \u00e0 No\u00ebl ? Ce voyage tout compris est fait pour vous ! Au programme 2 matchs NBA dont les Spurs de Wemby","breadcrumb":{"@id":"https:\/\/tripdouble.com\/es\/produit\/voyage-nba-new-york-noel-wemby-cadeau\/#breadcrumb"},"inLanguage":"es","potentialAction":[{"@type":"ReadAction","target":["https:\/\/tripdouble.com\/es\/produit\/voyage-nba-new-york-noel-wemby-cadeau\/"]}]},{"@type":"ImageObject","inLanguage":"es","@id":"https:\/\/tripdouble.com\/es\/produit\/voyage-nba-new-york-noel-wemby-cadeau\/#primaryimage","url":"https:\/\/ewnqp79wvj7.exactdn.com\/wp-content\/uploads\/2024\/09\/Untitled-design-1.jpg?strip=all","contentUrl":"https:\/\/ewnqp79wvj7.exactdn.com\/wp-content\/uploads\/2024\/09\/Untitled-design-1.jpg?strip=all","width":1920,"height":1920},{"@type":"BreadcrumbList","@id":"https:\/\/tripdouble.com\/es\/produit\/voyage-nba-new-york-noel-wemby-cadeau\/#breadcrumb","itemListElement":[{"@type":"ListItem","position":1,"name":"Inicio","item":"https:\/\/tripdouble.com\/es\/"},{"@type":"ListItem","position":2,"name":"Voyage NBA : d\u00e9couvrez New York \u00e0 No\u00ebl ! Wemby en cadeau"}]},{"@type":"WebSite","@id":"https:\/\/tripdouble.com\/es\/#website","url":"https:\/\/tripdouble.com\/es\/","name":"Trip Double","description":"voyages NBA made by Basket-Infos","publisher":{"@id":"https:\/\/tripdouble.com\/es\/#organization"},"potentialAction":[{"@type":"SearchAction","target":{"@type":"EntryPoint","urlTemplate":"https:\/\/tripdouble.com\/es\/?s={search_term_string}"},"query-input":{"@type":"PropertyValueSpecification","valueRequired":true,"valueName":"search_term_string"}}],"inLanguage":"es"},{"@type":"Organization","@id":"https:\/\/tripdouble.com\/es\/#organization","name":"Trip Double","url":"https:\/\/tripdouble.com\/es\/","logo":{"@type":"ImageObject","inLanguage":"es","@id":"https:\/\/tripdouble.com\/es\/#\/schema\/logo\/image\/","url":"https:\/\/ewnqp79wvj7.exactdn.com\/wp-content\/uploads\/2019\/08\/LOGO-250p-TRIP-DOUBLE-HORIZONTAL-5-1.png?strip=all&lossy=1&ssl=1","contentUrl":"https:\/\/ewnqp79wvj7.exactdn.com\/wp-content\/uploads\/2019\/08\/LOGO-250p-TRIP-DOUBLE-HORIZONTAL-5-1.png?strip=all&lossy=1&ssl=1","width":250,"height":241,"caption":"Trip Double"},"image":{"@id":"https:\/\/tripdouble.com\/es\/#\/schema\/logo\/image\/"},"sameAs":["https:\/\/www.facebook.com\/TripDouble-108395037170318","https:\/\/x.com\/tripdoubleusa","https:\/\/www.instagram.com\/trip_double\/","https:\/\/www.tiktok.com\/@tripdouble?lang=fr","https:\/\/www.youtube.com\/@trip_double"]}]}},"_links":{"self":[{"href":"https:\/\/tripdouble.com\/es\/wp-json\/wp\/v2\/product\/26158","targetHints":{"allow":["GET"]}}],"collection":[{"href":"https:\/\/tripdouble.com\/es\/wp-json\/wp\/v2\/product"}],"about":[{"href":"https:\/\/tripdouble.com\/es\/wp-json\/wp\/v2\/types\/product"}],"wp:featuredmedia":[{"embeddable":true,"href":"https:\/\/tripdouble.com\/es\/wp-json\/wp\/v2\/media\/26030"}],"wp:attachment":[{"href":"https:\/\/tripdouble.com\/es\/wp-json\/wp\/v2\/media?parent=26158"}],"wp:term":[{"taxonomy":"product_brand","embeddable":true,"href":"https:\/\/tripdouble.com\/es\/wp-json\/wp\/v2\/product_brand?post=26158"},{"taxonomy":"product_cat","embeddable":true,"href":"https:\/\/tripdouble.com\/es\/wp-json\/wp\/v2\/product_cat?post=26158"},{"taxonomy":"product_tag","embeddable":true,"href":"https:\/\/tripdouble.com\/es\/wp-json\/wp\/v2\/product_tag?post=26158"}],"curies":[{"name":"wp","href":"https:\/\/api.w.org\/{rel}","templated":true}]}}