
{"id":25329,"date":"2025-08-26T13:43:47","date_gmt":"2025-08-26T11:43:47","guid":{"rendered":"https:\/\/tripdouble.com\/?post_type=product&#038;p=25329"},"modified":"2025-12-15T17:18:24","modified_gmt":"2025-12-15T15:18:24","slug":"new-york-knicks-los-angeles-lakers-01-02-a-19h00","status":"publish","type":"product","link":"https:\/\/tripdouble.com\/es\/produit\/new-york-knicks-los-angeles-lakers-01-02-a-19h00\/","title":{"rendered":"COMPLET &#8211; New York Knicks &#8211; Los Angeles Lakers | 01\/02 \u00e0 19h00"},"content":{"rendered":"","protected":false},"excerpt":{"rendered":"","protected":false},"featured_media":25331,"template":"","meta":{"_acf_changed":false},"product_brand":[],"product_cat":[333],"product_tag":[],"class_list":{"0":"post-25329","1":"product","2":"type-product","3":"status-publish","4":"has-post-thumbnail","6":"product_cat-simple","8":"first","9":"outofstock","10":"shipping-taxable","11":"purchasable","12":"product-type-variable"},"acf":[],"yoast_head":"<!-- This site is optimized with the Yoast SEO plugin v27.1.1 - https:\/\/yoast.com\/product\/yoast-seo-wordpress\/ -->\n<title>COMPLET - New York Knicks - Los Angeles Lakers | 01\/02 \u00e0 19h00 - Trip Double<\/title>\n<meta name=\"description\" content=\"Acheter des billets NBA pour le match New York Knicks - Los Angeles le 1er f\u00e9vrier 2026 au Madison Square Garden \u00e0 New York\" \/>\n<meta name=\"robots\" content=\"index, follow, max-snippet:-1, max-image-preview:large, max-video-preview:-1\" \/>\n<link rel=\"canonical\" href=\"https:\/\/tripdouble.com\/es\/produit\/new-york-knicks-los-angeles-lakers-01-02-a-19h00\/\" \/>\n<meta property=\"og:locale\" content=\"es_ES\" \/>\n<meta property=\"og:type\" content=\"article\" \/>\n<meta property=\"og:title\" content=\"COMPLET - New York Knicks - Los Angeles Lakers | 01\/02 \u00e0 19h00 - Trip Double\" \/>\n<meta property=\"og:description\" content=\"Acheter des billets NBA pour le match New York Knicks - Los Angeles le 1er f\u00e9vrier 2026 au Madison Square Garden \u00e0 New York\" \/>\n<meta property=\"og:url\" content=\"https:\/\/tripdouble.com\/es\/produit\/new-york-knicks-los-angeles-lakers-01-02-a-19h00\/\" \/>\n<meta property=\"og:site_name\" content=\"Trip Double\" \/>\n<meta property=\"article:publisher\" content=\"https:\/\/www.facebook.com\/TripDouble-108395037170318\" \/>\n<meta property=\"article:modified_time\" content=\"2025-12-15T15:18:24+00:00\" \/>\n<meta property=\"og:image\" content=\"https:\/\/tripdouble.com\/wp-content\/uploads\/2024\/09\/LAKERS-@-KNICKS.jpg\" \/>\n\t<meta property=\"og:image:width\" content=\"384\" \/>\n\t<meta property=\"og:image:height\" content=\"216\" \/>\n\t<meta property=\"og:image:type\" content=\"image\/jpeg\" \/>\n<meta name=\"twitter:card\" content=\"summary_large_image\" \/>\n<meta name=\"twitter:site\" content=\"@tripdoubleusa\" \/>\n<meta name=\"twitter:label1\" content=\"Tiempo de lectura\" \/>\n\t<meta name=\"twitter:data1\" content=\"1 minuto\" \/>\n<script type=\"application\/ld+json\" class=\"yoast-schema-graph\">{\"@context\":\"https:\/\/schema.org\",\"@graph\":[{\"@type\":\"WebPage\",\"@id\":\"https:\/\/tripdouble.com\/es\/produit\/new-york-knicks-los-angeles-lakers-01-02-a-19h00\/\",\"url\":\"https:\/\/tripdouble.com\/es\/produit\/new-york-knicks-los-angeles-lakers-01-02-a-19h00\/\",\"name\":\"COMPLET - New York Knicks - Los Angeles Lakers | 01\/02 \u00e0 19h00 - Trip Double\",\"isPartOf\":{\"@id\":\"https:\/\/tripdouble.com\/es\/#website\"},\"primaryImageOfPage\":{\"@id\":\"https:\/\/tripdouble.com\/es\/produit\/new-york-knicks-los-angeles-lakers-01-02-a-19h00\/#primaryimage\"},\"image\":{\"@id\":\"https:\/\/tripdouble.com\/es\/produit\/new-york-knicks-los-angeles-lakers-01-02-a-19h00\/#primaryimage\"},\"thumbnailUrl\":\"https:\/\/ewnqp79wvj7.exactdn.com\/wp-content\/uploads\/2024\/09\/LAKERS-@-KNICKS.jpg?strip=all\",\"datePublished\":\"2025-08-26T11:43:47+00:00\",\"dateModified\":\"2025-12-15T15:18:24+00:00\",\"description\":\"Acheter des billets NBA pour le match New York Knicks - Los Angeles le 1er f\u00e9vrier 2026 au Madison Square Garden \u00e0 New York\",\"breadcrumb\":{\"@id\":\"https:\/\/tripdouble.com\/es\/produit\/new-york-knicks-los-angeles-lakers-01-02-a-19h00\/#breadcrumb\"},\"inLanguage\":\"es\",\"potentialAction\":[{\"@type\":\"ReadAction\",\"target\":[\"https:\/\/tripdouble.com\/es\/produit\/new-york-knicks-los-angeles-lakers-01-02-a-19h00\/\"]}]},{\"@type\":\"ImageObject\",\"inLanguage\":\"es\",\"@id\":\"https:\/\/tripdouble.com\/es\/produit\/new-york-knicks-los-angeles-lakers-01-02-a-19h00\/#primaryimage\",\"url\":\"https:\/\/ewnqp79wvj7.exactdn.com\/wp-content\/uploads\/2024\/09\/LAKERS-@-KNICKS.jpg?strip=all\",\"contentUrl\":\"https:\/\/ewnqp79wvj7.exactdn.com\/wp-content\/uploads\/2024\/09\/LAKERS-@-KNICKS.jpg?strip=all\",\"width\":384,\"height\":216},{\"@type\":\"BreadcrumbList\",\"@id\":\"https:\/\/tripdouble.com\/es\/produit\/new-york-knicks-los-angeles-lakers-01-02-a-19h00\/#breadcrumb\",\"itemListElement\":[{\"@type\":\"ListItem\",\"position\":1,\"name\":\"Inicio\",\"item\":\"https:\/\/tripdouble.com\/es\/\"},{\"@type\":\"ListItem\",\"position\":2,\"name\":\"COMPLET &#8211; New York Knicks &#8211; Los Angeles Lakers | 01\/02 \u00e0 19h00\"}]},{\"@type\":\"WebSite\",\"@id\":\"https:\/\/tripdouble.com\/es\/#website\",\"url\":\"https:\/\/tripdouble.com\/es\/\",\"name\":\"Trip Double\",\"description\":\"voyages NBA made by Basket-Infos\",\"publisher\":{\"@id\":\"https:\/\/tripdouble.com\/es\/#organization\"},\"potentialAction\":[{\"@type\":\"SearchAction\",\"target\":{\"@type\":\"EntryPoint\",\"urlTemplate\":\"https:\/\/tripdouble.com\/es\/?s={search_term_string}\"},\"query-input\":{\"@type\":\"PropertyValueSpecification\",\"valueRequired\":true,\"valueName\":\"search_term_string\"}}],\"inLanguage\":\"es\"},{\"@type\":\"Organization\",\"@id\":\"https:\/\/tripdouble.com\/es\/#organization\",\"name\":\"Trip Double\",\"url\":\"https:\/\/tripdouble.com\/es\/\",\"logo\":{\"@type\":\"ImageObject\",\"inLanguage\":\"es\",\"@id\":\"https:\/\/tripdouble.com\/es\/#\/schema\/logo\/image\/\",\"url\":\"https:\/\/ewnqp79wvj7.exactdn.com\/wp-content\/uploads\/2019\/08\/LOGO-250p-TRIP-DOUBLE-HORIZONTAL-5-1.png?strip=all&lossy=1&ssl=1\",\"contentUrl\":\"https:\/\/ewnqp79wvj7.exactdn.com\/wp-content\/uploads\/2019\/08\/LOGO-250p-TRIP-DOUBLE-HORIZONTAL-5-1.png?strip=all&lossy=1&ssl=1\",\"width\":250,\"height\":241,\"caption\":\"Trip Double\"},\"image\":{\"@id\":\"https:\/\/tripdouble.com\/es\/#\/schema\/logo\/image\/\"},\"sameAs\":[\"https:\/\/www.facebook.com\/TripDouble-108395037170318\",\"https:\/\/x.com\/tripdoubleusa\",\"https:\/\/www.instagram.com\/trip_double\/\",\"https:\/\/www.tiktok.com\/@tripdouble?lang=fr\",\"https:\/\/www.youtube.com\/@trip_double\"]}]}<\/script>\n<!-- \/ Yoast SEO plugin. -->","yoast_head_json":{"title":"COMPLET - New York Knicks - Los Angeles Lakers | 01\/02 \u00e0 19h00 - Trip Double","description":"Acheter des billets NBA pour le match New York Knicks - Los Angeles le 1er f\u00e9vrier 2026 au Madison Square Garden \u00e0 New York","robots":{"index":"index","follow":"follow","max-snippet":"max-snippet:-1","max-image-preview":"max-image-preview:large","max-video-preview":"max-video-preview:-1"},"canonical":"https:\/\/tripdouble.com\/es\/produit\/new-york-knicks-los-angeles-lakers-01-02-a-19h00\/","og_locale":"es_ES","og_type":"article","og_title":"COMPLET - New York Knicks - Los Angeles Lakers | 01\/02 \u00e0 19h00 - Trip Double","og_description":"Acheter des billets NBA pour le match New York Knicks - Los Angeles le 1er f\u00e9vrier 2026 au Madison Square Garden \u00e0 New York","og_url":"https:\/\/tripdouble.com\/es\/produit\/new-york-knicks-los-angeles-lakers-01-02-a-19h00\/","og_site_name":"Trip Double","article_publisher":"https:\/\/www.facebook.com\/TripDouble-108395037170318","article_modified_time":"2025-12-15T15:18:24+00:00","og_image":[{"width":384,"height":216,"url":"https:\/\/tripdouble.com\/wp-content\/uploads\/2024\/09\/LAKERS-@-KNICKS.jpg","type":"image\/jpeg"}],"twitter_card":"summary_large_image","twitter_site":"@tripdoubleusa","twitter_misc":{"Tiempo de lectura":"1 minuto"},"schema":{"@context":"https:\/\/schema.org","@graph":[{"@type":"WebPage","@id":"https:\/\/tripdouble.com\/es\/produit\/new-york-knicks-los-angeles-lakers-01-02-a-19h00\/","url":"https:\/\/tripdouble.com\/es\/produit\/new-york-knicks-los-angeles-lakers-01-02-a-19h00\/","name":"COMPLET - New York Knicks - Los Angeles Lakers | 01\/02 \u00e0 19h00 - Trip Double","isPartOf":{"@id":"https:\/\/tripdouble.com\/es\/#website"},"primaryImageOfPage":{"@id":"https:\/\/tripdouble.com\/es\/produit\/new-york-knicks-los-angeles-lakers-01-02-a-19h00\/#primaryimage"},"image":{"@id":"https:\/\/tripdouble.com\/es\/produit\/new-york-knicks-los-angeles-lakers-01-02-a-19h00\/#primaryimage"},"thumbnailUrl":"https:\/\/ewnqp79wvj7.exactdn.com\/wp-content\/uploads\/2024\/09\/LAKERS-@-KNICKS.jpg?strip=all","datePublished":"2025-08-26T11:43:47+00:00","dateModified":"2025-12-15T15:18:24+00:00","description":"Acheter des billets NBA pour le match New York Knicks - Los Angeles le 1er f\u00e9vrier 2026 au Madison Square Garden \u00e0 New York","breadcrumb":{"@id":"https:\/\/tripdouble.com\/es\/produit\/new-york-knicks-los-angeles-lakers-01-02-a-19h00\/#breadcrumb"},"inLanguage":"es","potentialAction":[{"@type":"ReadAction","target":["https:\/\/tripdouble.com\/es\/produit\/new-york-knicks-los-angeles-lakers-01-02-a-19h00\/"]}]},{"@type":"ImageObject","inLanguage":"es","@id":"https:\/\/tripdouble.com\/es\/produit\/new-york-knicks-los-angeles-lakers-01-02-a-19h00\/#primaryimage","url":"https:\/\/ewnqp79wvj7.exactdn.com\/wp-content\/uploads\/2024\/09\/LAKERS-@-KNICKS.jpg?strip=all","contentUrl":"https:\/\/ewnqp79wvj7.exactdn.com\/wp-content\/uploads\/2024\/09\/LAKERS-@-KNICKS.jpg?strip=all","width":384,"height":216},{"@type":"BreadcrumbList","@id":"https:\/\/tripdouble.com\/es\/produit\/new-york-knicks-los-angeles-lakers-01-02-a-19h00\/#breadcrumb","itemListElement":[{"@type":"ListItem","position":1,"name":"Inicio","item":"https:\/\/tripdouble.com\/es\/"},{"@type":"ListItem","position":2,"name":"COMPLET &#8211; New York Knicks &#8211; Los Angeles Lakers | 01\/02 \u00e0 19h00"}]},{"@type":"WebSite","@id":"https:\/\/tripdouble.com\/es\/#website","url":"https:\/\/tripdouble.com\/es\/","name":"Trip Double","description":"voyages NBA made by Basket-Infos","publisher":{"@id":"https:\/\/tripdouble.com\/es\/#organization"},"potentialAction":[{"@type":"SearchAction","target":{"@type":"EntryPoint","urlTemplate":"https:\/\/tripdouble.com\/es\/?s={search_term_string}"},"query-input":{"@type":"PropertyValueSpecification","valueRequired":true,"valueName":"search_term_string"}}],"inLanguage":"es"},{"@type":"Organization","@id":"https:\/\/tripdouble.com\/es\/#organization","name":"Trip Double","url":"https:\/\/tripdouble.com\/es\/","logo":{"@type":"ImageObject","inLanguage":"es","@id":"https:\/\/tripdouble.com\/es\/#\/schema\/logo\/image\/","url":"https:\/\/ewnqp79wvj7.exactdn.com\/wp-content\/uploads\/2019\/08\/LOGO-250p-TRIP-DOUBLE-HORIZONTAL-5-1.png?strip=all&lossy=1&ssl=1","contentUrl":"https:\/\/ewnqp79wvj7.exactdn.com\/wp-content\/uploads\/2019\/08\/LOGO-250p-TRIP-DOUBLE-HORIZONTAL-5-1.png?strip=all&lossy=1&ssl=1","width":250,"height":241,"caption":"Trip Double"},"image":{"@id":"https:\/\/tripdouble.com\/es\/#\/schema\/logo\/image\/"},"sameAs":["https:\/\/www.facebook.com\/TripDouble-108395037170318","https:\/\/x.com\/tripdoubleusa","https:\/\/www.instagram.com\/trip_double\/","https:\/\/www.tiktok.com\/@tripdouble?lang=fr","https:\/\/www.youtube.com\/@trip_double"]}]}},"_links":{"self":[{"href":"https:\/\/tripdouble.com\/es\/wp-json\/wp\/v2\/product\/25329","targetHints":{"allow":["GET"]}}],"collection":[{"href":"https:\/\/tripdouble.com\/es\/wp-json\/wp\/v2\/product"}],"about":[{"href":"https:\/\/tripdouble.com\/es\/wp-json\/wp\/v2\/types\/product"}],"wp:featuredmedia":[{"embeddable":true,"href":"https:\/\/tripdouble.com\/es\/wp-json\/wp\/v2\/media\/25331"}],"wp:attachment":[{"href":"https:\/\/tripdouble.com\/es\/wp-json\/wp\/v2\/media?parent=25329"}],"wp:term":[{"taxonomy":"product_brand","embeddable":true,"href":"https:\/\/tripdouble.com\/es\/wp-json\/wp\/v2\/product_brand?post=25329"},{"taxonomy":"product_cat","embeddable":true,"href":"https:\/\/tripdouble.com\/es\/wp-json\/wp\/v2\/product_cat?post=25329"},{"taxonomy":"product_tag","embeddable":true,"href":"https:\/\/tripdouble.com\/es\/wp-json\/wp\/v2\/product_tag?post=25329"}],"curies":[{"name":"wp","href":"https:\/\/api.w.org\/{rel}","templated":true}]}}