
{"id":24007,"date":"2024-08-30T15:37:44","date_gmt":"2024-08-30T13:37:44","guid":{"rendered":"https:\/\/tripdouble.com\/?post_type=product&#038;p=24007"},"modified":"2024-12-13T12:11:14","modified_gmt":"2024-12-13T10:11:14","slug":"steph-curry-lebron-james-kevin-durant-voyage-fou-a-san-francisco-a-noel","status":"publish","type":"product","link":"https:\/\/tripdouble.com\/es\/produit\/steph-curry-lebron-james-kevin-durant-voyage-fou-a-san-francisco-a-noel\/","title":{"rendered":"Steph Curry + LeBron James + Kevin Durant = voyage fou \u00e0 San Francisco \u00e0 No\u00ebl"},"content":{"rendered":"","protected":false},"excerpt":{"rendered":"<p>\u2139\ufe0f Si vous souhaitez un \u00e9ventuel regroupement pour faire baisser le prix, contactez nous sur contact@tripdouble.com ou au 06 33 06 80 43<\/p>\n<p>De plus, si vous r\u00e9servez \u00e0 plusieurs, il est possible de payer individuellement sa part. Contactez nous par email pour cela.<\/p>\n","protected":false},"featured_media":26041,"template":"","meta":{"_acf_changed":false},"product_brand":[],"product_cat":[331],"product_tag":[],"class_list":{"0":"post-24007","1":"product","2":"type-product","3":"status-publish","4":"has-post-thumbnail","6":"product_cat-sanfrancisco","8":"first","9":"outofstock","10":"sold-individually","11":"shipping-taxable","12":"purchasable","13":"product-type-variable"},"acf":[],"yoast_head":"<!-- This site is optimized with the Yoast SEO plugin v27.1.1 - https:\/\/yoast.com\/product\/yoast-seo-wordpress\/ -->\n<title>Steph Curry + LeBron James + Kevin Durant = voyage fou \u00e0 San Francisco \u00e0 No\u00ebl - Trip Double<\/title>\n<meta name=\"description\" content=\"Voyage exceptionnel \u00e0 San Francisco avec 3 matchs NBA: Warriors, Lakers, Suns, Cavs au programme, pour voir Steph Curry, LeBron James &amp; Kevin Durant\" \/>\n<meta name=\"robots\" content=\"index, follow, max-snippet:-1, max-image-preview:large, max-video-preview:-1\" \/>\n<link rel=\"canonical\" href=\"https:\/\/tripdouble.com\/es\/produit\/steph-curry-lebron-james-kevin-durant-voyage-fou-a-san-francisco-a-noel\/\" \/>\n<meta property=\"og:locale\" content=\"es_ES\" \/>\n<meta property=\"og:type\" content=\"article\" \/>\n<meta property=\"og:title\" content=\"Steph Curry + LeBron James + Kevin Durant = voyage fou \u00e0 San Francisco \u00e0 No\u00ebl - Trip Double\" \/>\n<meta property=\"og:description\" content=\"Voyage exceptionnel \u00e0 San Francisco avec 3 matchs NBA: Warriors, Lakers, Suns, Cavs au programme, pour voir Steph Curry, LeBron James &amp; Kevin Durant\" \/>\n<meta property=\"og:url\" content=\"https:\/\/tripdouble.com\/es\/produit\/steph-curry-lebron-james-kevin-durant-voyage-fou-a-san-francisco-a-noel\/\" \/>\n<meta property=\"og:site_name\" content=\"Trip Double\" \/>\n<meta property=\"article:publisher\" content=\"https:\/\/www.facebook.com\/TripDouble-108395037170318\" \/>\n<meta property=\"article:modified_time\" content=\"2024-12-13T10:11:14+00:00\" \/>\n<meta property=\"og:image\" content=\"https:\/\/tripdouble.com\/wp-content\/uploads\/2024\/09\/chriss4186_poster_showcasing_Stephen_Curry_LeBron_James_and_K_de5a591e-12d7-417e-8bbb-32c748907dbd_1.jpg\" \/>\n\t<meta property=\"og:image:width\" content=\"1024\" \/>\n\t<meta property=\"og:image:height\" content=\"1024\" \/>\n\t<meta property=\"og:image:type\" content=\"image\/jpeg\" \/>\n<meta name=\"twitter:card\" content=\"summary_large_image\" \/>\n<meta name=\"twitter:site\" content=\"@tripdoubleusa\" \/>\n<meta name=\"twitter:label1\" content=\"Tiempo de lectura\" \/>\n\t<meta name=\"twitter:data1\" content=\"1 minuto\" \/>\n<script type=\"application\/ld+json\" class=\"yoast-schema-graph\">{\"@context\":\"https:\/\/schema.org\",\"@graph\":[{\"@type\":\"WebPage\",\"@id\":\"https:\/\/tripdouble.com\/es\/produit\/steph-curry-lebron-james-kevin-durant-voyage-fou-a-san-francisco-a-noel\/\",\"url\":\"https:\/\/tripdouble.com\/es\/produit\/steph-curry-lebron-james-kevin-durant-voyage-fou-a-san-francisco-a-noel\/\",\"name\":\"Steph Curry + LeBron James + Kevin Durant = voyage fou \u00e0 San Francisco \u00e0 No\u00ebl - Trip Double\",\"isPartOf\":{\"@id\":\"https:\/\/tripdouble.com\/es\/#website\"},\"primaryImageOfPage\":{\"@id\":\"https:\/\/tripdouble.com\/es\/produit\/steph-curry-lebron-james-kevin-durant-voyage-fou-a-san-francisco-a-noel\/#primaryimage\"},\"image\":{\"@id\":\"https:\/\/tripdouble.com\/es\/produit\/steph-curry-lebron-james-kevin-durant-voyage-fou-a-san-francisco-a-noel\/#primaryimage\"},\"thumbnailUrl\":\"https:\/\/ewnqp79wvj7.exactdn.com\/wp-content\/uploads\/2024\/09\/chriss4186_poster_showcasing_Stephen_Curry_LeBron_James_and_K_de5a591e-12d7-417e-8bbb-32c748907dbd_1.jpg?strip=all\",\"datePublished\":\"2024-08-30T13:37:44+00:00\",\"dateModified\":\"2024-12-13T10:11:14+00:00\",\"description\":\"Voyage exceptionnel \u00e0 San Francisco avec 3 matchs NBA: Warriors, Lakers, Suns, Cavs au programme, pour voir Steph Curry, LeBron James & Kevin Durant\",\"breadcrumb\":{\"@id\":\"https:\/\/tripdouble.com\/es\/produit\/steph-curry-lebron-james-kevin-durant-voyage-fou-a-san-francisco-a-noel\/#breadcrumb\"},\"inLanguage\":\"es\",\"potentialAction\":[{\"@type\":\"ReadAction\",\"target\":[\"https:\/\/tripdouble.com\/es\/produit\/steph-curry-lebron-james-kevin-durant-voyage-fou-a-san-francisco-a-noel\/\"]}]},{\"@type\":\"ImageObject\",\"inLanguage\":\"es\",\"@id\":\"https:\/\/tripdouble.com\/es\/produit\/steph-curry-lebron-james-kevin-durant-voyage-fou-a-san-francisco-a-noel\/#primaryimage\",\"url\":\"https:\/\/ewnqp79wvj7.exactdn.com\/wp-content\/uploads\/2024\/09\/chriss4186_poster_showcasing_Stephen_Curry_LeBron_James_and_K_de5a591e-12d7-417e-8bbb-32c748907dbd_1.jpg?strip=all\",\"contentUrl\":\"https:\/\/ewnqp79wvj7.exactdn.com\/wp-content\/uploads\/2024\/09\/chriss4186_poster_showcasing_Stephen_Curry_LeBron_James_and_K_de5a591e-12d7-417e-8bbb-32c748907dbd_1.jpg?strip=all\",\"width\":1024,\"height\":1024},{\"@type\":\"BreadcrumbList\",\"@id\":\"https:\/\/tripdouble.com\/es\/produit\/steph-curry-lebron-james-kevin-durant-voyage-fou-a-san-francisco-a-noel\/#breadcrumb\",\"itemListElement\":[{\"@type\":\"ListItem\",\"position\":1,\"name\":\"Inicio\",\"item\":\"https:\/\/tripdouble.com\/es\/\"},{\"@type\":\"ListItem\",\"position\":2,\"name\":\"Steph Curry + LeBron James + Kevin Durant = voyage fou \u00e0 San Francisco \u00e0 No\u00ebl\"}]},{\"@type\":\"WebSite\",\"@id\":\"https:\/\/tripdouble.com\/es\/#website\",\"url\":\"https:\/\/tripdouble.com\/es\/\",\"name\":\"Trip Double\",\"description\":\"voyages NBA made by Basket-Infos\",\"publisher\":{\"@id\":\"https:\/\/tripdouble.com\/es\/#organization\"},\"potentialAction\":[{\"@type\":\"SearchAction\",\"target\":{\"@type\":\"EntryPoint\",\"urlTemplate\":\"https:\/\/tripdouble.com\/es\/?s={search_term_string}\"},\"query-input\":{\"@type\":\"PropertyValueSpecification\",\"valueRequired\":true,\"valueName\":\"search_term_string\"}}],\"inLanguage\":\"es\"},{\"@type\":\"Organization\",\"@id\":\"https:\/\/tripdouble.com\/es\/#organization\",\"name\":\"Trip Double\",\"url\":\"https:\/\/tripdouble.com\/es\/\",\"logo\":{\"@type\":\"ImageObject\",\"inLanguage\":\"es\",\"@id\":\"https:\/\/tripdouble.com\/es\/#\/schema\/logo\/image\/\",\"url\":\"https:\/\/ewnqp79wvj7.exactdn.com\/wp-content\/uploads\/2019\/08\/LOGO-250p-TRIP-DOUBLE-HORIZONTAL-5-1.png?strip=all&lossy=1&ssl=1\",\"contentUrl\":\"https:\/\/ewnqp79wvj7.exactdn.com\/wp-content\/uploads\/2019\/08\/LOGO-250p-TRIP-DOUBLE-HORIZONTAL-5-1.png?strip=all&lossy=1&ssl=1\",\"width\":250,\"height\":241,\"caption\":\"Trip Double\"},\"image\":{\"@id\":\"https:\/\/tripdouble.com\/es\/#\/schema\/logo\/image\/\"},\"sameAs\":[\"https:\/\/www.facebook.com\/TripDouble-108395037170318\",\"https:\/\/x.com\/tripdoubleusa\",\"https:\/\/www.instagram.com\/trip_double\/\",\"https:\/\/www.tiktok.com\/@tripdouble?lang=fr\",\"https:\/\/www.youtube.com\/@trip_double\"]}]}<\/script>\n<!-- \/ Yoast SEO plugin. -->","yoast_head_json":{"title":"Steph Curry + LeBron James + Kevin Durant = voyage fou \u00e0 San Francisco \u00e0 No\u00ebl - Trip Double","description":"Voyage exceptionnel \u00e0 San Francisco avec 3 matchs NBA: Warriors, Lakers, Suns, Cavs au programme, pour voir Steph Curry, LeBron James & Kevin Durant","robots":{"index":"index","follow":"follow","max-snippet":"max-snippet:-1","max-image-preview":"max-image-preview:large","max-video-preview":"max-video-preview:-1"},"canonical":"https:\/\/tripdouble.com\/es\/produit\/steph-curry-lebron-james-kevin-durant-voyage-fou-a-san-francisco-a-noel\/","og_locale":"es_ES","og_type":"article","og_title":"Steph Curry + LeBron James + Kevin Durant = voyage fou \u00e0 San Francisco \u00e0 No\u00ebl - Trip Double","og_description":"Voyage exceptionnel \u00e0 San Francisco avec 3 matchs NBA: Warriors, Lakers, Suns, Cavs au programme, pour voir Steph Curry, LeBron James & Kevin Durant","og_url":"https:\/\/tripdouble.com\/es\/produit\/steph-curry-lebron-james-kevin-durant-voyage-fou-a-san-francisco-a-noel\/","og_site_name":"Trip Double","article_publisher":"https:\/\/www.facebook.com\/TripDouble-108395037170318","article_modified_time":"2024-12-13T10:11:14+00:00","og_image":[{"width":1024,"height":1024,"url":"https:\/\/tripdouble.com\/wp-content\/uploads\/2024\/09\/chriss4186_poster_showcasing_Stephen_Curry_LeBron_James_and_K_de5a591e-12d7-417e-8bbb-32c748907dbd_1.jpg","type":"image\/jpeg"}],"twitter_card":"summary_large_image","twitter_site":"@tripdoubleusa","twitter_misc":{"Tiempo de lectura":"1 minuto"},"schema":{"@context":"https:\/\/schema.org","@graph":[{"@type":"WebPage","@id":"https:\/\/tripdouble.com\/es\/produit\/steph-curry-lebron-james-kevin-durant-voyage-fou-a-san-francisco-a-noel\/","url":"https:\/\/tripdouble.com\/es\/produit\/steph-curry-lebron-james-kevin-durant-voyage-fou-a-san-francisco-a-noel\/","name":"Steph Curry + LeBron James + Kevin Durant = voyage fou \u00e0 San Francisco \u00e0 No\u00ebl - Trip Double","isPartOf":{"@id":"https:\/\/tripdouble.com\/es\/#website"},"primaryImageOfPage":{"@id":"https:\/\/tripdouble.com\/es\/produit\/steph-curry-lebron-james-kevin-durant-voyage-fou-a-san-francisco-a-noel\/#primaryimage"},"image":{"@id":"https:\/\/tripdouble.com\/es\/produit\/steph-curry-lebron-james-kevin-durant-voyage-fou-a-san-francisco-a-noel\/#primaryimage"},"thumbnailUrl":"https:\/\/ewnqp79wvj7.exactdn.com\/wp-content\/uploads\/2024\/09\/chriss4186_poster_showcasing_Stephen_Curry_LeBron_James_and_K_de5a591e-12d7-417e-8bbb-32c748907dbd_1.jpg?strip=all","datePublished":"2024-08-30T13:37:44+00:00","dateModified":"2024-12-13T10:11:14+00:00","description":"Voyage exceptionnel \u00e0 San Francisco avec 3 matchs NBA: Warriors, Lakers, Suns, Cavs au programme, pour voir Steph Curry, LeBron James & Kevin Durant","breadcrumb":{"@id":"https:\/\/tripdouble.com\/es\/produit\/steph-curry-lebron-james-kevin-durant-voyage-fou-a-san-francisco-a-noel\/#breadcrumb"},"inLanguage":"es","potentialAction":[{"@type":"ReadAction","target":["https:\/\/tripdouble.com\/es\/produit\/steph-curry-lebron-james-kevin-durant-voyage-fou-a-san-francisco-a-noel\/"]}]},{"@type":"ImageObject","inLanguage":"es","@id":"https:\/\/tripdouble.com\/es\/produit\/steph-curry-lebron-james-kevin-durant-voyage-fou-a-san-francisco-a-noel\/#primaryimage","url":"https:\/\/ewnqp79wvj7.exactdn.com\/wp-content\/uploads\/2024\/09\/chriss4186_poster_showcasing_Stephen_Curry_LeBron_James_and_K_de5a591e-12d7-417e-8bbb-32c748907dbd_1.jpg?strip=all","contentUrl":"https:\/\/ewnqp79wvj7.exactdn.com\/wp-content\/uploads\/2024\/09\/chriss4186_poster_showcasing_Stephen_Curry_LeBron_James_and_K_de5a591e-12d7-417e-8bbb-32c748907dbd_1.jpg?strip=all","width":1024,"height":1024},{"@type":"BreadcrumbList","@id":"https:\/\/tripdouble.com\/es\/produit\/steph-curry-lebron-james-kevin-durant-voyage-fou-a-san-francisco-a-noel\/#breadcrumb","itemListElement":[{"@type":"ListItem","position":1,"name":"Inicio","item":"https:\/\/tripdouble.com\/es\/"},{"@type":"ListItem","position":2,"name":"Steph Curry + LeBron James + Kevin Durant = voyage fou \u00e0 San Francisco \u00e0 No\u00ebl"}]},{"@type":"WebSite","@id":"https:\/\/tripdouble.com\/es\/#website","url":"https:\/\/tripdouble.com\/es\/","name":"Trip Double","description":"voyages NBA made by Basket-Infos","publisher":{"@id":"https:\/\/tripdouble.com\/es\/#organization"},"potentialAction":[{"@type":"SearchAction","target":{"@type":"EntryPoint","urlTemplate":"https:\/\/tripdouble.com\/es\/?s={search_term_string}"},"query-input":{"@type":"PropertyValueSpecification","valueRequired":true,"valueName":"search_term_string"}}],"inLanguage":"es"},{"@type":"Organization","@id":"https:\/\/tripdouble.com\/es\/#organization","name":"Trip Double","url":"https:\/\/tripdouble.com\/es\/","logo":{"@type":"ImageObject","inLanguage":"es","@id":"https:\/\/tripdouble.com\/es\/#\/schema\/logo\/image\/","url":"https:\/\/ewnqp79wvj7.exactdn.com\/wp-content\/uploads\/2019\/08\/LOGO-250p-TRIP-DOUBLE-HORIZONTAL-5-1.png?strip=all&lossy=1&ssl=1","contentUrl":"https:\/\/ewnqp79wvj7.exactdn.com\/wp-content\/uploads\/2019\/08\/LOGO-250p-TRIP-DOUBLE-HORIZONTAL-5-1.png?strip=all&lossy=1&ssl=1","width":250,"height":241,"caption":"Trip Double"},"image":{"@id":"https:\/\/tripdouble.com\/es\/#\/schema\/logo\/image\/"},"sameAs":["https:\/\/www.facebook.com\/TripDouble-108395037170318","https:\/\/x.com\/tripdoubleusa","https:\/\/www.instagram.com\/trip_double\/","https:\/\/www.tiktok.com\/@tripdouble?lang=fr","https:\/\/www.youtube.com\/@trip_double"]}]}},"_links":{"self":[{"href":"https:\/\/tripdouble.com\/es\/wp-json\/wp\/v2\/product\/24007","targetHints":{"allow":["GET"]}}],"collection":[{"href":"https:\/\/tripdouble.com\/es\/wp-json\/wp\/v2\/product"}],"about":[{"href":"https:\/\/tripdouble.com\/es\/wp-json\/wp\/v2\/types\/product"}],"wp:featuredmedia":[{"embeddable":true,"href":"https:\/\/tripdouble.com\/es\/wp-json\/wp\/v2\/media\/26041"}],"wp:attachment":[{"href":"https:\/\/tripdouble.com\/es\/wp-json\/wp\/v2\/media?parent=24007"}],"wp:term":[{"taxonomy":"product_brand","embeddable":true,"href":"https:\/\/tripdouble.com\/es\/wp-json\/wp\/v2\/product_brand?post=24007"},{"taxonomy":"product_cat","embeddable":true,"href":"https:\/\/tripdouble.com\/es\/wp-json\/wp\/v2\/product_cat?post=24007"},{"taxonomy":"product_tag","embeddable":true,"href":"https:\/\/tripdouble.com\/es\/wp-json\/wp\/v2\/product_tag?post=24007"}],"curies":[{"name":"wp","href":"https:\/\/api.w.org\/{rel}","templated":true}]}}