
{"id":21319,"date":"2019-07-30T15:40:10","date_gmt":"2019-07-30T13:40:10","guid":{"rendered":"https:\/\/tripdouble.com\/puntuacion-maxima\/"},"modified":"2024-06-26T16:53:17","modified_gmt":"2024-06-26T14:53:17","slug":"puntuacion-maxima","status":"publish","type":"page","link":"https:\/\/tripdouble.com\/es\/puntuacion-maxima\/","title":{"rendered":"Informaci\u00f3n legal"},"content":{"rendered":"\t\t<div data-elementor-type=\"wp-post\" data-elementor-id=\"21319\" class=\"elementor elementor-21319 elementor-1467\" data-elementor-post-type=\"page\">\n\t\t\t\t<div class=\"elementor-element elementor-element-4f823b8 e-con-full e-flex e-con e-parent\" data-id=\"4f823b8\" data-element_type=\"container\" data-e-type=\"container\" data-settings=\"{&quot;jet_parallax_layout_list&quot;:[{&quot;_id&quot;:&quot;3216668&quot;,&quot;jet_parallax_layout_image&quot;:{&quot;url&quot;:&quot;&quot;,&quot;id&quot;:&quot;&quot;,&quot;size&quot;:&quot;&quot;},&quot;jet_parallax_layout_image_tablet&quot;:{&quot;url&quot;:&quot;&quot;,&quot;id&quot;:&quot;&quot;,&quot;size&quot;:&quot;&quot;},&quot;jet_parallax_layout_image_mobile&quot;:{&quot;url&quot;:&quot;&quot;,&quot;id&quot;:&quot;&quot;,&quot;size&quot;:&quot;&quot;},&quot;jet_parallax_layout_speed&quot;:{&quot;unit&quot;:&quot;%&quot;,&quot;size&quot;:50,&quot;sizes&quot;:[]},&quot;jet_parallax_layout_type&quot;:&quot;scroll&quot;,&quot;jet_parallax_layout_direction&quot;:null,&quot;jet_parallax_layout_fx_direction&quot;:null,&quot;jet_parallax_layout_z_index&quot;:&quot;&quot;,&quot;jet_parallax_layout_bg_x&quot;:50,&quot;jet_parallax_layout_bg_x_tablet&quot;:&quot;&quot;,&quot;jet_parallax_layout_bg_x_mobile&quot;:&quot;&quot;,&quot;jet_parallax_layout_bg_y&quot;:50,&quot;jet_parallax_layout_bg_y_tablet&quot;:&quot;&quot;,&quot;jet_parallax_layout_bg_y_mobile&quot;:&quot;&quot;,&quot;jet_parallax_layout_bg_size&quot;:&quot;auto&quot;,&quot;jet_parallax_layout_bg_size_tablet&quot;:&quot;&quot;,&quot;jet_parallax_layout_bg_size_mobile&quot;:&quot;&quot;,&quot;jet_parallax_layout_animation_prop&quot;:&quot;transform&quot;,&quot;jet_parallax_layout_on&quot;:[&quot;desktop&quot;,&quot;tablet&quot;]}],&quot;background_background&quot;:&quot;classic&quot;,&quot;shape_divider_bottom&quot;:&quot;curve&quot;,&quot;shape_divider_bottom_negative&quot;:&quot;yes&quot;}\">\n\t\t\t\t<div class=\"elementor-shape elementor-shape-bottom\" aria-hidden=\"true\" data-negative=\"true\">\n\t\t\t<svg xmlns=\"http:\/\/www.w3.org\/2000\/svg\" viewBox=\"0 0 1000 100\" preserveAspectRatio=\"none\">\n\t<path class=\"elementor-shape-fill\" d=\"M500,97C126.7,96.3,0.8,19.8,0,0v100l1000,0V1C1000,19.4,873.3,97.8,500,97z\"\/>\n<\/svg>\t\t<\/div>\n\t\t\t\t<div class=\"elementor-element elementor-element-dc742b5 elementor-widget__width-inherit elementor-widget elementor-widget-heading\" data-id=\"dc742b5\" data-element_type=\"widget\" data-e-type=\"widget\" data-widget_type=\"heading.default\">\n\t\t\t\t\t<h1 class=\"elementor-heading-title elementor-size-default\">Informaci\u00f3n legal<\/h1>\t\t\t\t<\/div>\n\t\t\t\t<\/div>\n\t\t<div class=\"elementor-element elementor-element-ae30f5f e-flex e-con-boxed e-con e-parent\" data-id=\"ae30f5f\" data-element_type=\"container\" data-e-type=\"container\" data-settings=\"{&quot;jet_parallax_layout_list&quot;:[{&quot;jet_parallax_layout_image&quot;:{&quot;url&quot;:&quot;&quot;,&quot;id&quot;:&quot;&quot;,&quot;size&quot;:&quot;&quot;},&quot;_id&quot;:&quot;73c7d51&quot;,&quot;jet_parallax_layout_image_tablet&quot;:{&quot;url&quot;:&quot;&quot;,&quot;id&quot;:&quot;&quot;,&quot;size&quot;:&quot;&quot;},&quot;jet_parallax_layout_image_mobile&quot;:{&quot;url&quot;:&quot;&quot;,&quot;id&quot;:&quot;&quot;,&quot;size&quot;:&quot;&quot;},&quot;jet_parallax_layout_speed&quot;:{&quot;unit&quot;:&quot;%&quot;,&quot;size&quot;:50,&quot;sizes&quot;:[]},&quot;jet_parallax_layout_type&quot;:&quot;scroll&quot;,&quot;jet_parallax_layout_direction&quot;:null,&quot;jet_parallax_layout_fx_direction&quot;:null,&quot;jet_parallax_layout_z_index&quot;:&quot;&quot;,&quot;jet_parallax_layout_bg_x&quot;:50,&quot;jet_parallax_layout_bg_x_tablet&quot;:&quot;&quot;,&quot;jet_parallax_layout_bg_x_mobile&quot;:&quot;&quot;,&quot;jet_parallax_layout_bg_y&quot;:50,&quot;jet_parallax_layout_bg_y_tablet&quot;:&quot;&quot;,&quot;jet_parallax_layout_bg_y_mobile&quot;:&quot;&quot;,&quot;jet_parallax_layout_bg_size&quot;:&quot;auto&quot;,&quot;jet_parallax_layout_bg_size_tablet&quot;:&quot;&quot;,&quot;jet_parallax_layout_bg_size_mobile&quot;:&quot;&quot;,&quot;jet_parallax_layout_animation_prop&quot;:&quot;transform&quot;,&quot;jet_parallax_layout_on&quot;:[&quot;desktop&quot;,&quot;tablet&quot;]}]}\">\n\t\t\t\t\t<div class=\"e-con-inner\">\n\t\t<div class=\"elementor-element elementor-element-2740abb e-con-full e-flex e-con e-child\" data-id=\"2740abb\" data-element_type=\"container\" data-e-type=\"container\" data-settings=\"{&quot;jet_parallax_layout_list&quot;:[]}\">\n\t\t\t\t<div class=\"elementor-element elementor-element-945c103 elementor-widget elementor-widget-text-editor\" data-id=\"945c103\" data-element_type=\"widget\" data-e-type=\"widget\" data-widget_type=\"text-editor.default\">\n\t\t\t\t\t\t\t\t\t<p>Esta p\u00e1gina web es propiedad de <strong>Trip Double<\/strong><\/p>\n<p><strong>NOMBRE DE LA EMPRESA<\/strong><br>Trip Double SAS<\/p>\n<p><strong>FORMULARIO LEGAL<\/strong><br>Sociedad por acciones simplificada<\/p>\n<p><strong>RCS<\/strong><br>Burdeos: 852 034 859<\/p>\n<p><strong>C\u00d3DIGO APE<\/strong><br>7912 Z<\/p>\n<p><span style=\"font-size: 1rem;\">Comisi\u00f3n de Registro de Atout France, 78-81 rue de Clichy, Par\u00eds<\/span><\/p>\n<p>(75009) ha inscrito a Trip Double SAS en el registro de operadores de viajes y vacaciones con el siguiente n\u00famero: IM033190017.<\/p>\n<p><strong>OFICINA CENTRAL<\/strong><\/p>\n<p>37 all\u00e9e Boyer, R\u00e9sidence Tempo, Edificio C, Apartamento C02<\/p><p>33130 B\u00e8gles<\/p><p>Francia<\/p>\n<p>Tel: 09 67 57 28 44 o 06 33 06 80 43<\/p>\n<p>Correo electr\u00f3nico : contact@tripdouble.com<\/p>\n<p><strong>N\u00daMERO SIRET DOMICILIO SOCIAL<\/strong><\/p>\n<p>85203485900011<\/p>\n<p><strong>N\u00daMERO DE IVA INTRACOMUNITARIO<\/strong><\/p>\n<p>FR 68 852 034 859<\/p>\n<p><strong>CAPITAL SOCIAL<\/strong><\/p>\n<p>7500 euros<\/p>\n<p><strong>SEGURO DE RESPONSABILIDAD PROFESIONAL<\/strong><\/p>\n<p>Hiscox Francia<\/p>\n<p>19 rue Louis le Grand<\/p>\n<p>75002 Par\u00eds<\/p>\n<p><strong>GARANT\u00cdA FINANCIERA<\/strong><\/p>\n<p>APST &#8211; 15 avenida Carnot &#8211; 75017 Par\u00eds<\/p>\n<p><strong>GESTI\u00d3N DE PUBLICACIONES<\/strong><\/p>\n<p>Christophe Brouet-Labracherie<\/p>\n<p><strong>PROVEEDORES DE SERVICIOS T\u00c9CNICOS (EMPRESA DE ALOJAMIENTO)<\/strong><\/p>\n<p>Conseguir Digit S\u00e0rl<\/p>\n<p>Avenue de Sainte-Clothilde 17, c\/o Sr. Matthieu Salvy<\/p>\n<p>Cant\u00f3n de Ginebra<\/p>\n<p>Suiza<\/p>\t\t\t\t\t\t\t\t<\/div>\n\t\t\t\t<\/div>\n\t\t\t\t\t<\/div>\n\t\t\t\t<\/div>\n\t\t\t\t<\/div>\n\t\t","protected":false},"excerpt":{"rendered":"<p>Informaci\u00f3n legal Esta p\u00e1gina web es propiedad de Trip Double NOMBRE DE LA EMPRESATrip Double SAS FORMULARIO LEGALSociedad por acciones simplificada RCSBurdeos: 852 034 859&hellip;<\/p>\n","protected":false},"author":29,"featured_media":0,"parent":0,"menu_order":0,"comment_status":"closed","ping_status":"closed","template":"elementor_header_footer","meta":{"_acf_changed":false,"footnotes":""},"class_list":["post-21319","page","type-page","status-publish","hentry"],"acf":[],"yoast_head":"<!-- This site is optimized with the Yoast SEO plugin v27.1.1 - https:\/\/yoast.com\/product\/yoast-seo-wordpress\/ -->\n<title>Informaci\u00f3n legal - Trip Double<\/title>\n<meta name=\"description\" content=\"Informaci\u00f3n legal: Descubre las condiciones de uso y pol\u00edticas de privacidad de TripDouble. Protegemos tus datos.\" \/>\n<meta name=\"robots\" content=\"index, follow, max-snippet:-1, max-image-preview:large, max-video-preview:-1\" \/>\n<link rel=\"canonical\" href=\"https:\/\/tripdouble.com\/es\/puntuacion-maxima\/\" \/>\n<meta property=\"og:locale\" content=\"es_ES\" \/>\n<meta property=\"og:type\" content=\"article\" \/>\n<meta property=\"og:title\" content=\"Informaci\u00f3n legal - Trip Double\" \/>\n<meta property=\"og:description\" content=\"Informaci\u00f3n legal: Descubre las condiciones de uso y pol\u00edticas de privacidad de TripDouble. Protegemos tus datos.\" \/>\n<meta property=\"og:url\" content=\"https:\/\/tripdouble.com\/es\/puntuacion-maxima\/\" \/>\n<meta property=\"og:site_name\" content=\"Trip Double\" \/>\n<meta property=\"article:publisher\" content=\"https:\/\/www.facebook.com\/TripDouble-108395037170318\" \/>\n<meta property=\"article:modified_time\" content=\"2024-06-26T14:53:17+00:00\" \/>\n<meta property=\"og:image\" content=\"https:\/\/ewnqp79wvj7.exactdn.com\/wp-content\/uploads\/2019\/08\/LOGO-TRIP-DOUBLE-HORIZONTAL.png?strip=all\" \/>\n\t<meta property=\"og:image:width\" content=\"1068\" \/>\n\t<meta property=\"og:image:height\" content=\"1031\" \/>\n\t<meta property=\"og:image:type\" content=\"image\/png\" \/>\n<meta name=\"twitter:card\" content=\"summary_large_image\" \/>\n<meta name=\"twitter:site\" content=\"@tripdoubleusa\" \/>\n<meta name=\"twitter:label1\" content=\"Tiempo de lectura\" \/>\n\t<meta name=\"twitter:data1\" content=\"1 minuto\" \/>\n<script type=\"application\/ld+json\" class=\"yoast-schema-graph\">{\"@context\":\"https:\/\/schema.org\",\"@graph\":[{\"@type\":\"WebPage\",\"@id\":\"https:\/\/tripdouble.com\/es\/puntuacion-maxima\/\",\"url\":\"https:\/\/tripdouble.com\/es\/puntuacion-maxima\/\",\"name\":\"Informaci\u00f3n legal - Trip Double\",\"isPartOf\":{\"@id\":\"https:\/\/tripdouble.com\/es\/#website\"},\"datePublished\":\"2019-07-30T13:40:10+00:00\",\"dateModified\":\"2024-06-26T14:53:17+00:00\",\"description\":\"Informaci\u00f3n legal: Descubre las condiciones de uso y pol\u00edticas de privacidad de TripDouble. Protegemos tus datos.\",\"breadcrumb\":{\"@id\":\"https:\/\/tripdouble.com\/es\/puntuacion-maxima\/#breadcrumb\"},\"inLanguage\":\"es\",\"potentialAction\":[{\"@type\":\"ReadAction\",\"target\":[\"https:\/\/tripdouble.com\/es\/puntuacion-maxima\/\"]}]},{\"@type\":\"BreadcrumbList\",\"@id\":\"https:\/\/tripdouble.com\/es\/puntuacion-maxima\/#breadcrumb\",\"itemListElement\":[{\"@type\":\"ListItem\",\"position\":1,\"name\":\"Inicio\",\"item\":\"https:\/\/tripdouble.com\/es\/\"},{\"@type\":\"ListItem\",\"position\":2,\"name\":\"Informaci\u00f3n legal\"}]},{\"@type\":\"WebSite\",\"@id\":\"https:\/\/tripdouble.com\/es\/#website\",\"url\":\"https:\/\/tripdouble.com\/es\/\",\"name\":\"Trip Double\",\"description\":\"voyages NBA made by Basket-Infos\",\"publisher\":{\"@id\":\"https:\/\/tripdouble.com\/es\/#organization\"},\"potentialAction\":[{\"@type\":\"SearchAction\",\"target\":{\"@type\":\"EntryPoint\",\"urlTemplate\":\"https:\/\/tripdouble.com\/es\/?s={search_term_string}\"},\"query-input\":{\"@type\":\"PropertyValueSpecification\",\"valueRequired\":true,\"valueName\":\"search_term_string\"}}],\"inLanguage\":\"es\"},{\"@type\":\"Organization\",\"@id\":\"https:\/\/tripdouble.com\/es\/#organization\",\"name\":\"Trip Double\",\"url\":\"https:\/\/tripdouble.com\/es\/\",\"logo\":{\"@type\":\"ImageObject\",\"inLanguage\":\"es\",\"@id\":\"https:\/\/tripdouble.com\/es\/#\/schema\/logo\/image\/\",\"url\":\"https:\/\/ewnqp79wvj7.exactdn.com\/wp-content\/uploads\/2019\/08\/LOGO-250p-TRIP-DOUBLE-HORIZONTAL-5-1.png?strip=all&lossy=1&ssl=1\",\"contentUrl\":\"https:\/\/ewnqp79wvj7.exactdn.com\/wp-content\/uploads\/2019\/08\/LOGO-250p-TRIP-DOUBLE-HORIZONTAL-5-1.png?strip=all&lossy=1&ssl=1\",\"width\":250,\"height\":241,\"caption\":\"Trip Double\"},\"image\":{\"@id\":\"https:\/\/tripdouble.com\/es\/#\/schema\/logo\/image\/\"},\"sameAs\":[\"https:\/\/www.facebook.com\/TripDouble-108395037170318\",\"https:\/\/x.com\/tripdoubleusa\",\"https:\/\/www.instagram.com\/trip_double\/\",\"https:\/\/www.tiktok.com\/@tripdouble?lang=fr\",\"https:\/\/www.youtube.com\/@trip_double\"]}]}<\/script>\n<!-- \/ Yoast SEO plugin. -->","yoast_head_json":{"title":"Informaci\u00f3n legal - Trip Double","description":"Informaci\u00f3n legal: Descubre las condiciones de uso y pol\u00edticas de privacidad de TripDouble. Protegemos tus datos.","robots":{"index":"index","follow":"follow","max-snippet":"max-snippet:-1","max-image-preview":"max-image-preview:large","max-video-preview":"max-video-preview:-1"},"canonical":"https:\/\/tripdouble.com\/es\/puntuacion-maxima\/","og_locale":"es_ES","og_type":"article","og_title":"Informaci\u00f3n legal - Trip Double","og_description":"Informaci\u00f3n legal: Descubre las condiciones de uso y pol\u00edticas de privacidad de TripDouble. Protegemos tus datos.","og_url":"https:\/\/tripdouble.com\/es\/puntuacion-maxima\/","og_site_name":"Trip Double","article_publisher":"https:\/\/www.facebook.com\/TripDouble-108395037170318","article_modified_time":"2024-06-26T14:53:17+00:00","og_image":[{"width":1068,"height":1031,"url":"https:\/\/ewnqp79wvj7.exactdn.com\/wp-content\/uploads\/2019\/08\/LOGO-TRIP-DOUBLE-HORIZONTAL.png?strip=all","type":"image\/png"}],"twitter_card":"summary_large_image","twitter_site":"@tripdoubleusa","twitter_misc":{"Tiempo de lectura":"1 minuto"},"schema":{"@context":"https:\/\/schema.org","@graph":[{"@type":"WebPage","@id":"https:\/\/tripdouble.com\/es\/puntuacion-maxima\/","url":"https:\/\/tripdouble.com\/es\/puntuacion-maxima\/","name":"Informaci\u00f3n legal - Trip Double","isPartOf":{"@id":"https:\/\/tripdouble.com\/es\/#website"},"datePublished":"2019-07-30T13:40:10+00:00","dateModified":"2024-06-26T14:53:17+00:00","description":"Informaci\u00f3n legal: Descubre las condiciones de uso y pol\u00edticas de privacidad de TripDouble. Protegemos tus datos.","breadcrumb":{"@id":"https:\/\/tripdouble.com\/es\/puntuacion-maxima\/#breadcrumb"},"inLanguage":"es","potentialAction":[{"@type":"ReadAction","target":["https:\/\/tripdouble.com\/es\/puntuacion-maxima\/"]}]},{"@type":"BreadcrumbList","@id":"https:\/\/tripdouble.com\/es\/puntuacion-maxima\/#breadcrumb","itemListElement":[{"@type":"ListItem","position":1,"name":"Inicio","item":"https:\/\/tripdouble.com\/es\/"},{"@type":"ListItem","position":2,"name":"Informaci\u00f3n legal"}]},{"@type":"WebSite","@id":"https:\/\/tripdouble.com\/es\/#website","url":"https:\/\/tripdouble.com\/es\/","name":"Trip Double","description":"voyages NBA made by Basket-Infos","publisher":{"@id":"https:\/\/tripdouble.com\/es\/#organization"},"potentialAction":[{"@type":"SearchAction","target":{"@type":"EntryPoint","urlTemplate":"https:\/\/tripdouble.com\/es\/?s={search_term_string}"},"query-input":{"@type":"PropertyValueSpecification","valueRequired":true,"valueName":"search_term_string"}}],"inLanguage":"es"},{"@type":"Organization","@id":"https:\/\/tripdouble.com\/es\/#organization","name":"Trip Double","url":"https:\/\/tripdouble.com\/es\/","logo":{"@type":"ImageObject","inLanguage":"es","@id":"https:\/\/tripdouble.com\/es\/#\/schema\/logo\/image\/","url":"https:\/\/ewnqp79wvj7.exactdn.com\/wp-content\/uploads\/2019\/08\/LOGO-250p-TRIP-DOUBLE-HORIZONTAL-5-1.png?strip=all&lossy=1&ssl=1","contentUrl":"https:\/\/ewnqp79wvj7.exactdn.com\/wp-content\/uploads\/2019\/08\/LOGO-250p-TRIP-DOUBLE-HORIZONTAL-5-1.png?strip=all&lossy=1&ssl=1","width":250,"height":241,"caption":"Trip Double"},"image":{"@id":"https:\/\/tripdouble.com\/es\/#\/schema\/logo\/image\/"},"sameAs":["https:\/\/www.facebook.com\/TripDouble-108395037170318","https:\/\/x.com\/tripdoubleusa","https:\/\/www.instagram.com\/trip_double\/","https:\/\/www.tiktok.com\/@tripdouble?lang=fr","https:\/\/www.youtube.com\/@trip_double"]}]}},"_links":{"self":[{"href":"https:\/\/tripdouble.com\/es\/wp-json\/wp\/v2\/pages\/21319","targetHints":{"allow":["GET"]}}],"collection":[{"href":"https:\/\/tripdouble.com\/es\/wp-json\/wp\/v2\/pages"}],"about":[{"href":"https:\/\/tripdouble.com\/es\/wp-json\/wp\/v2\/types\/page"}],"author":[{"embeddable":true,"href":"https:\/\/tripdouble.com\/es\/wp-json\/wp\/v2\/users\/29"}],"replies":[{"embeddable":true,"href":"https:\/\/tripdouble.com\/es\/wp-json\/wp\/v2\/comments?post=21319"}],"version-history":[{"count":6,"href":"https:\/\/tripdouble.com\/es\/wp-json\/wp\/v2\/pages\/21319\/revisions"}],"predecessor-version":[{"id":21980,"href":"https:\/\/tripdouble.com\/es\/wp-json\/wp\/v2\/pages\/21319\/revisions\/21980"}],"wp:attachment":[{"href":"https:\/\/tripdouble.com\/es\/wp-json\/wp\/v2\/media?parent=21319"}],"curies":[{"name":"wp","href":"https:\/\/api.w.org\/{rel}","templated":true}]}}